{"id":56097,"date":"2021-09-27T10:33:54","date_gmt":"2021-09-27T10:33:54","guid":{"rendered":"https:\/\/editwww.tvunetworks.com\/sorteio-do-inquerito-ao-produtor-tvu-termos-e-condicoes\/"},"modified":"2021-09-27T10:34:05","modified_gmt":"2021-09-27T10:34:05","slug":"sorteio-do-inquerito-ao-produtor-tvu-termos-e-condicoes","status":"publish","type":"page","link":"https:\/\/www.tvunetworks.com\/pt-pt\/sorteio-do-inquerito-ao-produtor-tvu-termos-e-condicoes\/","title":{"rendered":"Sorteio do Inqu\u00e9rito ao Produtor tvU &#8211; termos e condi\u00e7\u00f5es"},"content":{"rendered":"\n<h2 class=\"wp-block-heading\"><strong>Projeto de pesquisa de produtor da TVU &#8211; termos e condi\u00e7\u00f5es<\/strong><\/h2>\n\n<p>1- ELEGIBILIDADE: Aberto apenas a pessoas com idade ou superior a 18 anos que at\u00e9 31 de julho de 2021 (31\/07\/2021) tenham registado no Produtor tvu<a href=\"https:\/\/producer.tvunetworks.com\/producer\/register\/\">(https:\/\/producer.tvunetworks.com\/producer\/register\/),<\/a>possuindo uma conta de utilizador com seis (6) ou mais horas de utiliza\u00e7\u00e3o acumulada de Produtor de TVU (os &#8220;ENTRANTs&#8221; aqui presentes). Os colaboradores da TVU Networks (o &#8220;Promotor&#8221; aqui presente) n\u00e3o s\u00e3o eleg\u00edveis para entrar ou ganhar um pr\u00e9mio. Todas as leis e regulamentos federais, estaduais e locais aplic\u00e1veis aplicam-se. O desenho s\u00f3 est\u00e1 aberto em \u00e1reas onde o Sweepstake cumpre a lei local. O Sorteio \u00e9 nulo em \u00e1reas onde os desenhos s\u00e3o proibidos ou restringidos por lei.  <br\/><\/p>\n\n<p>2- PER\u00cdODO DE SORTEIO: O per\u00edodo de entrada do Sweepstakes come\u00e7a aproximadamente \u00e0s 3:00 P.M horas (GMT+2). EST em 12 de agosto de 2021 e termina aproximadamente \u00e0s 5:00 P.M horas (GMT+2) no dia 30 de setembro de 2021 (o &#8220;Per\u00edodo de Sorteios&#8221;). Os vencedores ser\u00e3o selecionados a partir de inscri\u00e7\u00f5es devidamente submetidas e recebidas em tempo oportuno durante o Per\u00edodo de Sorteios.<br\/><\/p>\n\n<p>3- COMO ENTRAR: Durante o Per\u00edodo de Sorteios, complete o Inqu\u00e9rito ao Produtor da TVU localizado em <a href=\"https:\/\/form.jotform.com\/212213913970350\">https:\/\/form.jotform.com\/212213913970350<\/a> . Limite uma (1) entrada por pessoa, por endere\u00e7o de e-mail e por conta de utilizador TVU durante o Per\u00edodo de Sorteios via entrada online, independentemente de uma pessoa ter mais do que um endere\u00e7o ou mais de uma pessoa usar a mesma conta de utilizador tvu. Nenhuma compra \u00e9 necess\u00e1ria para entrar no Sorteio e a compra n\u00e3o aumentar\u00e1 as hip\u00f3teses de ganhar.<br\/><\/p>\n\n<p>4- As informa\u00e7\u00f5es submetidas pelos Participantes ao Sorteio s\u00f3 ser\u00e3o utilizadas pela TVU Networks de acordo com a sua pol\u00edtica de privacidade e, conforme indicado em contr\u00e1rio.<br\/><\/p>\n\n<p>5- SELE\u00c7\u00c3O DOS VENCEDORES: Dois (2) vencedores ser\u00e3o determinados por sorteio aleat\u00f3rio a realizar em ou cerca de 30 de setembro de 2021. Os vencedores ser\u00e3o selecionados entre as entradas recebidas durante o Per\u00edodo de Sorteios. Os potenciais vencedores ser\u00e3o notificados por e-mail para o endere\u00e7o de e-mail submetido com a entrada do potencial vencedor em ou cerca de 1 de outubro de 2021. O desenho ser\u00e1 conduzido pela TVU Networks, o juiz do Sorteio, cujas decis\u00f5es sobre todas as quest\u00f5es relacionadas com o Sorteio ser\u00e3o definitivas. No caso de um potencial vencedor ser desclassificado por qualquer motivo, a TVU Networks pode, a seu exclusivo crit\u00e9rio, atribuir o pr\u00e9mio aplic\u00e1vel a um vencedor alternativo selecionado aleatoriamente.<br\/><\/p>\n\n<p>6- PR\u00c9MIOS\/ODDS DE GANHAR PR\u00c9MIO: Um (1) vencedor receber\u00e1 um Go Pro HERO9 e um (1) outro vencedor receber\u00e1 um DJI Pocket 2. Valor Retalhista Aproximado (ARV) de cada pr\u00e9mio: $399,99 USD (trezentos e noventa e nove d\u00f3lares dos EUA com noventa c\u00eantimos de nince) e $439 (439 d\u00f3lares dos EUA), em conformidade. As probabilidades globais de ganhar dependem do n\u00famero de entradas recebidas durante o Per\u00edodo de Sorteios. Os vencedores do pr\u00e9mio n\u00e3o podem solicitar uma substitui\u00e7\u00e3o de pr\u00e9mio ou o equivalente em dinheiro do pr\u00e9mio. Sem transfer\u00eancia de pr\u00e9mios. N\u00e3o existe alternativa monet\u00e1ria aos pr\u00e9mios, e o Promotor ter\u00e1 o direito de substituir os pr\u00e9mios oferecidos por um valor igual ou superior. Os vencedores do pr\u00e9mio (e n\u00e3o o Promotor) ser\u00e3o respons\u00e1veis pelo pagamento de todos os impostos aplic\u00e1veis por eles incorridos relacionados com a rece\u00e7\u00e3o de qualquer pr\u00e9mio que ganhem no Sorteio. A decis\u00e3o da Promotora \u00e9 definitiva e n\u00e3o ser\u00e1 registada qualquer correspond\u00eancia. Os portes e embalagens ser\u00e3o pagos pela Promotora. A Promotora n\u00e3o se responsabiliza por pr\u00e9mios perdidos ou atrasados na entrega por correio.<br\/><\/p>\n\n<p>7- CONDI\u00c7\u00d5ES: A TVU Networks reserva-se o direito, a seu exclusivo crit\u00e9rio, de cancelar, encerrar, modificar ou suspender os Sorteios (ou parte dos mesmos). A TVU Networks tamb\u00e9m se reserva o direito, a seu exclusivo crit\u00e9rio, de desqualificar a entrada de qualquer indiv\u00edduo. Todos os impostos federais, estaduais e locais sobre o pr\u00e9mio e quaisquer despesas n\u00e3o especificadas neste documento s\u00e3o da exclusiva responsabilidade dos vencedores. Em caso de lit\u00edgio sobre a identidade do requerente, a TVU Networks reserva-se o direito exclusivo de determinar a parte eleg\u00edvel. AO ENTRAR, OS ENTRANTS RENUNCIAM A TODOS OS DIREITOS DE TRAZER (E CONV\u00c9NIOS PARA N\u00c3O APRESENTAR) QUALQUER RECLAMA\u00c7\u00c3O CONTRA REDES TVU OU QUAISQUER OUTROS ASSOCIADOS A ESTE SORTEIO. OS PARTICIPANTES CONCORDAM AINDA EM LIBERTAR E DETER REDES TVU INOFENSIVAS DE QUALQUER E QUALQUER RESPONSABILIDADE DECORRENTE DA SUA PARTICIPA\u00c7\u00c3O NO SORTEIO, OU AS REDES TVU USAM QUALQUER INFORMA\u00c7\u00c3O DE ENTRADA.  <br\/><\/p>\n\n<p>8- PUBLICIDADE E LIBERTA\u00c7\u00c3O: Como condi\u00e7\u00e3o de entrada no Sorteio, salvo proibi\u00e7\u00e3o por lei, cada participante e cada vencedor, aceitando uma subven\u00e7\u00e3o de pr\u00e9mios \u00e0 TVU Networks, todos os direitos, t\u00edtulos e interesses, para divulgar, transmitir, exibir e\/ou utilizar de outra forma, o nome do participante, cidade, estado, pa\u00eds (colectivamente, &#8220;Direitos Licenciados&#8221;) para fins de investiga\u00e7\u00e3o interna e comunica\u00e7\u00f5es de acompanhamento potenciais ou em quaisquer meios de publicidade e publicidade,  sem revis\u00e3o adicional, compensa\u00e7\u00e3o ou aprova\u00e7\u00e3o do vencedor. Se algum Vencedor n\u00e3o responder \u00e0 notifica\u00e7\u00e3o, ou n\u00e3o estiver presente quando a entrega do pr\u00e9mio for tentada, esse pr\u00e9mio ser\u00e1 perdido. Ao participarem, os participantes concordam em ficar vinculados \u00e0s Regras Oficiais e \u00e0s decis\u00f5es dos ju\u00edzes, que s\u00e3o definitivas e vinculativas em todos os aspetos.<br\/><\/p>\n\n<p>9- LISTA OFICIAL DE REGRAS\/VENCEDORES: Cada um dos vencedores ser\u00e1 notificado por mensagem online por e-mail o mais tardar dez dias ap\u00f3s o encerramento do Sorteio e poder\u00e1 ser obrigado a preencher e devolver um formul\u00e1rio por fax ou e-mail \u00e0 Promotora para confirmar a sua elegibilidade (por exemplo, prova de idade, resid\u00eancia) para participar no Sweepstake no prazo de dez dias ap\u00f3s a notifica\u00e7\u00e3o de que ganharam. Se um vencedor n\u00e3o devolver o formul\u00e1rio dentro do tempo indicado, ou se considerar que n\u00e3o \u00e9 eleg\u00edvel por qualquer motivo, um outro vencedor ser\u00e1 selecionado no seu lugar.<br\/>O Promotor n\u00e3o assume a responsabilidade por: (1) entradas perdidas, tardias ou n\u00e3o entregues, notifica\u00e7\u00f5es ou comunica\u00e7\u00f5es; (2) qualquer problema t\u00e9cnico, inform\u00e1tico, online, telef\u00f3nico, cabo, eletr\u00f3nico, software, hardware, transmiss\u00e3o, liga\u00e7\u00e3o, Internet, Website (incluindo https:\/\/form.jotform.com\/212213913970350), ou outro problema de acesso, falha, avaria ou dificuldade que possa dificultar a possibilidade de um participante entrar no Sweepstake; ou (3) para qualquer evento que possa fazer com que o Sorteio seja perturbado ou corrompido. Os participantes que adulterarem o c\u00f3digo sweepstake ser\u00e3o desclassificados.<br\/><\/p>\n\n<p>10- O Promotor declina qualquer responsabilidade por informa\u00e7\u00f5es inexatas, quer sejam causadas pelo Website, utilizadores, equipamentos utilizados no Sorteio, ou por erros humanos ou t\u00e9cnicos relacionados com a apresenta\u00e7\u00e3o de entradas. A Promotora n\u00e3o oferece quaisquer garantias ou garantias em rela\u00e7\u00e3o aos pr\u00e9mios ou \u00e0s informa\u00e7\u00f5es ou conselhos neles contidos.<br\/><\/p>\n\n<p>11- Os participantes concordam que a Promotora e os seus acionistas, dirigentes, administradores, agentes, fornecedores e empregados n\u00e3o ser\u00e3o respons\u00e1veis por perdas ou les\u00f5es de qualquer tipo resultantes da aceita\u00e7\u00e3o ou utiliza\u00e7\u00e3o de pr\u00e9mios, ou participa\u00e7\u00e3o no desenho. Em caso algum, a Promotora ser\u00e1 respons\u00e1vel por quaisquer danos (incluindo, sem limita\u00e7\u00e3o, danos diretos, indiretos, especiais, incidentais, consequenciais, punitivos ou similares) decorrentes de qualquer utiliza\u00e7\u00e3o do Pr\u00e9mio ou de qualquer reclama\u00e7\u00e3o feita contra a Promotora por qualquer pessoa que utilize este Pr\u00e9mio.<br\/><\/p>\n\n<p>12- O Promotor pode cancelar, encerrar, modificar ou suspender o Sorteio ou estes Termos e Condi\u00e7\u00f5es antes da cessa\u00e7\u00e3o do Sorteio por qualquer motivo, incluindo por raz\u00f5es t\u00e9cnicas como v\u00edrus inform\u00e1ticos, bugs, adultera\u00e7\u00e3o ou falhas t\u00e9cnicas, ou qualquer outro fator para al\u00e9m do controlo razo\u00e1vel da Promotora prejudica a integridade ou o bom funcionamento do concurso,  como determinado pela Promotora a seu exclusivo crit\u00e9rio.<br\/><\/p>\n\n<p>13- Respondendo ao Inqu\u00e9rito e entrando no Sorteio, os participantes concordam em ficar vinculados pelos presentes Termos e Condi\u00e7\u00f5es.  <\/p>\n","protected":false},"excerpt":{"rendered":"<p>Projeto de pesquisa de produtor da TVU &#8211; termos e condi\u00e7\u00f5es 1- ELEGIBILIDADE: Aberto apenas a pessoas com idade ou superior a 18 anos que at\u00e9 31 de julho de 2021 (31\/07\/2021) tenham registado no Produtor tvu(https:\/\/producer.tvunetworks.com\/producer\/register\/),possuindo uma conta de utilizador com seis (6) ou mais horas de utiliza\u00e7\u00e3o acumulada de Produtor de TVU (os [&hellip;]<\/p>\n","protected":false},"author":41,"featured_media":0,"parent":0,"menu_order":0,"comment_status":"closed","ping_status":"closed","template":"","meta":{"_acf_changed":false,"content-type":"","footnotes":""},"class_list":["post-56097","page","type-page","status-publish","hentry"],"acf":[],"yoast_head":"<!-- This site is optimized with the Yoast SEO plugin v25.0 - https:\/\/yoast.com\/wordpress\/plugins\/seo\/ -->\n<title>Sorteio do Inqu\u00e9rito ao Produtor tvU - termos e condi\u00e7\u00f5es - TVU Networks<\/title>\n<meta name=\"description\" content=\"Projeto de pesquisa de produtor da TVU - termos e condi\u00e7\u00f5es 1- ELEGIBILIDADE: Aberto apenas a pessoas com idade ou superior a 18 anos que at\u00e9 31 de julho\" \/>\n<meta name=\"robots\" content=\"index, follow, max-snippet:-1, max-image-preview:large, max-video-preview:-1\" \/>\n<link rel=\"canonical\" href=\"https:\/\/www.tvunetworks.com\/pt-pt\/sorteio-do-inquerito-ao-produtor-tvu-termos-e-condicoes\/\" \/>\n<meta property=\"og:locale\" content=\"pt_PT\" \/>\n<meta property=\"og:type\" content=\"article\" \/>\n<meta property=\"og:title\" content=\"Sorteio do Inqu\u00e9rito ao Produtor tvU - termos e condi\u00e7\u00f5es - TVU Networks\" \/>\n<meta property=\"og:description\" content=\"Projeto de pesquisa de produtor da TVU - termos e condi\u00e7\u00f5es 1- ELEGIBILIDADE: Aberto apenas a pessoas com idade ou superior a 18 anos que at\u00e9 31 de julho\" \/>\n<meta property=\"og:url\" content=\"https:\/\/www.tvunetworks.com\/pt-pt\/wp-json\/wp\/v2\/pages\/56097\" \/>\n<meta property=\"og:site_name\" content=\"TVU Networks\" \/>\n<meta property=\"article:modified_time\" content=\"2021-09-27T10:34:05+00:00\" \/>\n<meta property=\"og:image\" content=\"https:\/\/www.tvunetworks.com\/wp-content\/uploads\/2022\/10\/web-banner-mobile-best-of-show-ibc-8.png\" \/>\n\t<meta property=\"og:image:width\" content=\"1324\" \/>\n\t<meta property=\"og:image:height\" content=\"2024\" \/>\n\t<meta property=\"og:image:type\" content=\"image\/png\" \/>\n<meta name=\"twitter:card\" content=\"summary_large_image\" \/>\n<meta name=\"twitter:label1\" content=\"Tempo estimado de leitura\" \/>\n\t<meta name=\"twitter:data1\" content=\"7 minutos\" \/>\n<script type=\"application\/ld+json\" class=\"yoast-schema-graph\">{\"@context\":\"https:\/\/schema.org\",\"@graph\":[{\"@type\":\"WebPage\",\"@id\":\"https:\/\/www.tvunetworks.com\/pt-pt\/sorteio-do-inquerito-ao-produtor-tvu-termos-e-condicoes\/\",\"url\":\"https:\/\/www.tvunetworks.com\/pt-pt\/sorteio-do-inquerito-ao-produtor-tvu-termos-e-condicoes\/\",\"name\":\"Sorteio do Inqu\u00e9rito ao Produtor tvU - termos e condi\u00e7\u00f5es - TVU Networks\",\"isPartOf\":{\"@id\":\"https:\/\/www.tvunetworks.com\/pt-pt\/#website\"},\"datePublished\":\"2021-09-27T10:33:54+00:00\",\"dateModified\":\"2021-09-27T10:34:05+00:00\",\"description\":\"Projeto de pesquisa de produtor da TVU - termos e condi\u00e7\u00f5es 1- ELEGIBILIDADE: Aberto apenas a pessoas com idade ou superior a 18 anos que at\u00e9 31 de julho\",\"breadcrumb\":{\"@id\":\"https:\/\/www.tvunetworks.com\/pt-pt\/sorteio-do-inquerito-ao-produtor-tvu-termos-e-condicoes\/#breadcrumb\"},\"inLanguage\":\"pt-PT\",\"potentialAction\":[{\"@type\":\"ReadAction\",\"target\":[\"https:\/\/www.tvunetworks.com\/pt-pt\/sorteio-do-inquerito-ao-produtor-tvu-termos-e-condicoes\/\"]}]},{\"@type\":\"BreadcrumbList\",\"@id\":\"https:\/\/www.tvunetworks.com\/pt-pt\/sorteio-do-inquerito-ao-produtor-tvu-termos-e-condicoes\/#breadcrumb\",\"itemListElement\":[{\"@type\":\"ListItem\",\"position\":1,\"name\":\"Home\",\"item\":\"https:\/\/editwww.tvunetworks.com\/pt-pt\/\"},{\"@type\":\"ListItem\",\"position\":2,\"name\":\"Sorteio do Inqu\u00e9rito ao Produtor tvU &#8211; termos e condi\u00e7\u00f5es\"}]},{\"@type\":\"WebSite\",\"@id\":\"https:\/\/www.tvunetworks.com\/pt-pt\/#website\",\"url\":\"https:\/\/www.tvunetworks.com\/pt-pt\/\",\"name\":\"TVU Networks\",\"description\":\"The lowest prices for your full LLC publishing compliance!\",\"publisher\":{\"@id\":\"https:\/\/www.tvunetworks.com\/pt-pt\/#organization\"},\"potentialAction\":[{\"@type\":\"SearchAction\",\"target\":{\"@type\":\"EntryPoint\",\"urlTemplate\":\"https:\/\/www.tvunetworks.com\/pt-pt\/?s={search_term_string}\"},\"query-input\":{\"@type\":\"PropertyValueSpecification\",\"valueRequired\":true,\"valueName\":\"search_term_string\"}}],\"inLanguage\":\"pt-PT\"},{\"@type\":\"Organization\",\"@id\":\"https:\/\/www.tvunetworks.com\/pt-pt\/#organization\",\"name\":\"TVU Networks\",\"url\":\"https:\/\/www.tvunetworks.com\/pt-pt\/\",\"logo\":{\"@type\":\"ImageObject\",\"inLanguage\":\"pt-PT\",\"@id\":\"https:\/\/www.tvunetworks.com\/pt-pt\/#\/schema\/logo\/image\/\",\"url\":\"https:\/\/www.tvunetworks.com\/wp-content\/uploads\/2019\/07\/logo.svg\",\"contentUrl\":\"https:\/\/www.tvunetworks.com\/wp-content\/uploads\/2019\/07\/logo.svg\",\"caption\":\"TVU Networks\"},\"image\":{\"@id\":\"https:\/\/www.tvunetworks.com\/pt-pt\/#\/schema\/logo\/image\/\"}}]}<\/script>\n<!-- \/ Yoast SEO plugin. -->","yoast_head_json":{"title":"Sorteio do Inqu\u00e9rito ao Produtor tvU - termos e condi\u00e7\u00f5es - TVU Networks","description":"Projeto de pesquisa de produtor da TVU - termos e condi\u00e7\u00f5es 1- ELEGIBILIDADE: Aberto apenas a pessoas com idade ou superior a 18 anos que at\u00e9 31 de julho","robots":{"index":"index","follow":"follow","max-snippet":"max-snippet:-1","max-image-preview":"max-image-preview:large","max-video-preview":"max-video-preview:-1"},"canonical":"https:\/\/www.tvunetworks.com\/pt-pt\/sorteio-do-inquerito-ao-produtor-tvu-termos-e-condicoes\/","og_locale":"pt_PT","og_type":"article","og_title":"Sorteio do Inqu\u00e9rito ao Produtor tvU - termos e condi\u00e7\u00f5es - TVU Networks","og_description":"Projeto de pesquisa de produtor da TVU - termos e condi\u00e7\u00f5es 1- ELEGIBILIDADE: Aberto apenas a pessoas com idade ou superior a 18 anos que at\u00e9 31 de julho","og_url":"https:\/\/www.tvunetworks.com\/pt-pt\/wp-json\/wp\/v2\/pages\/56097","og_site_name":"TVU Networks","article_modified_time":"2021-09-27T10:34:05+00:00","og_image":[{"width":1324,"height":2024,"url":"https:\/\/www.tvunetworks.com\/wp-content\/uploads\/2022\/10\/web-banner-mobile-best-of-show-ibc-8.png","type":"image\/png"}],"twitter_card":"summary_large_image","twitter_misc":{"Tempo estimado de leitura":"7 minutos"},"schema":{"@context":"https:\/\/schema.org","@graph":[{"@type":"WebPage","@id":"https:\/\/www.tvunetworks.com\/pt-pt\/sorteio-do-inquerito-ao-produtor-tvu-termos-e-condicoes\/","url":"https:\/\/www.tvunetworks.com\/pt-pt\/sorteio-do-inquerito-ao-produtor-tvu-termos-e-condicoes\/","name":"Sorteio do Inqu\u00e9rito ao Produtor tvU - termos e condi\u00e7\u00f5es - TVU Networks","isPartOf":{"@id":"https:\/\/www.tvunetworks.com\/pt-pt\/#website"},"datePublished":"2021-09-27T10:33:54+00:00","dateModified":"2021-09-27T10:34:05+00:00","description":"Projeto de pesquisa de produtor da TVU - termos e condi\u00e7\u00f5es 1- ELEGIBILIDADE: Aberto apenas a pessoas com idade ou superior a 18 anos que at\u00e9 31 de julho","breadcrumb":{"@id":"https:\/\/www.tvunetworks.com\/pt-pt\/sorteio-do-inquerito-ao-produtor-tvu-termos-e-condicoes\/#breadcrumb"},"inLanguage":"pt-PT","potentialAction":[{"@type":"ReadAction","target":["https:\/\/www.tvunetworks.com\/pt-pt\/sorteio-do-inquerito-ao-produtor-tvu-termos-e-condicoes\/"]}]},{"@type":"BreadcrumbList","@id":"https:\/\/www.tvunetworks.com\/pt-pt\/sorteio-do-inquerito-ao-produtor-tvu-termos-e-condicoes\/#breadcrumb","itemListElement":[{"@type":"ListItem","position":1,"name":"Home","item":"https:\/\/editwww.tvunetworks.com\/pt-pt\/"},{"@type":"ListItem","position":2,"name":"Sorteio do Inqu\u00e9rito ao Produtor tvU &#8211; termos e condi\u00e7\u00f5es"}]},{"@type":"WebSite","@id":"https:\/\/www.tvunetworks.com\/pt-pt\/#website","url":"https:\/\/www.tvunetworks.com\/pt-pt\/","name":"TVU Networks","description":"The lowest prices for your full LLC publishing compliance!","publisher":{"@id":"https:\/\/www.tvunetworks.com\/pt-pt\/#organization"},"potentialAction":[{"@type":"SearchAction","target":{"@type":"EntryPoint","urlTemplate":"https:\/\/www.tvunetworks.com\/pt-pt\/?s={search_term_string}"},"query-input":{"@type":"PropertyValueSpecification","valueRequired":true,"valueName":"search_term_string"}}],"inLanguage":"pt-PT"},{"@type":"Organization","@id":"https:\/\/www.tvunetworks.com\/pt-pt\/#organization","name":"TVU Networks","url":"https:\/\/www.tvunetworks.com\/pt-pt\/","logo":{"@type":"ImageObject","inLanguage":"pt-PT","@id":"https:\/\/www.tvunetworks.com\/pt-pt\/#\/schema\/logo\/image\/","url":"https:\/\/www.tvunetworks.com\/wp-content\/uploads\/2019\/07\/logo.svg","contentUrl":"https:\/\/www.tvunetworks.com\/wp-content\/uploads\/2019\/07\/logo.svg","caption":"TVU Networks"},"image":{"@id":"https:\/\/www.tvunetworks.com\/pt-pt\/#\/schema\/logo\/image\/"}}]}},"_links":{"self":[{"href":"https:\/\/www.tvunetworks.com\/pt-pt\/wp-json\/wp\/v2\/pages\/56097","targetHints":{"allow":["GET"]}}],"collection":[{"href":"https:\/\/www.tvunetworks.com\/pt-pt\/wp-json\/wp\/v2\/pages"}],"about":[{"href":"https:\/\/www.tvunetworks.com\/pt-pt\/wp-json\/wp\/v2\/types\/page"}],"author":[{"embeddable":true,"href":"https:\/\/www.tvunetworks.com\/pt-pt\/wp-json\/wp\/v2\/users\/41"}],"replies":[{"embeddable":true,"href":"https:\/\/www.tvunetworks.com\/pt-pt\/wp-json\/wp\/v2\/comments?post=56097"}],"version-history":[{"count":2,"href":"https:\/\/www.tvunetworks.com\/pt-pt\/wp-json\/wp\/v2\/pages\/56097\/revisions"}],"predecessor-version":[{"id":56099,"href":"https:\/\/www.tvunetworks.com\/pt-pt\/wp-json\/wp\/v2\/pages\/56097\/revisions\/56099"}],"wp:attachment":[{"href":"https:\/\/www.tvunetworks.com\/pt-pt\/wp-json\/wp\/v2\/media?parent=56097"}],"curies":[{"name":"wp","href":"https:\/\/api.w.org\/{rel}","templated":true}]}}