{"id":40179,"date":"2021-04-07T12:05:11","date_gmt":"2021-04-07T12:05:11","guid":{"rendered":"https:\/\/editwww.tvunetworks.com\/mediasource\/"},"modified":"2021-08-24T16:52:09","modified_gmt":"2021-08-24T16:52:09","slug":"mediasource","status":"publish","type":"page","link":"https:\/\/www.tvunetworks.com\/pt-pt\/mediasource\/","title":{"rendered":"TVU MediaSource: Content Feed for Buyers"},"content":{"rendered":"","protected":false},"excerpt":{"rendered":"","protected":false},"author":5,"featured_media":0,"parent":0,"menu_order":0,"comment_status":"closed","ping_status":"closed","template":"pages\/template-add-info.php","meta":{"_acf_changed":false,"content-type":"","footnotes":""},"class_list":["post-40179","page","type-page","status-publish","hentry"],"acf":[],"yoast_head":"<!-- This site is optimized with the Yoast SEO plugin v25.0 - https:\/\/yoast.com\/wordpress\/plugins\/seo\/ -->\n<title>| de Imagens Cruas | de imagens de origem TVU MediaSource<\/title>\n<meta name=\"description\" content=\"Acesso a feeds crus e de origem vivos ou arquivados, incluindo a utiliza\u00e7\u00e3o de TVU Search para localiza\u00e7\u00e3o automatizada e recorte de feeds.\" \/>\n<meta name=\"robots\" content=\"index, follow, max-snippet:-1, max-image-preview:large, max-video-preview:-1\" \/>\n<link rel=\"canonical\" href=\"https:\/\/www.tvunetworks.com\/pt-pt\/mediasource\/\" \/>\n<meta property=\"og:locale\" content=\"pt_PT\" \/>\n<meta property=\"og:type\" content=\"article\" \/>\n<meta property=\"og:title\" content=\"| de Imagens Cruas | de imagens de origem TVU MediaSource\" \/>\n<meta property=\"og:description\" content=\"Acesso a feeds crus e de origem vivos ou arquivados, incluindo a utiliza\u00e7\u00e3o de TVU Search para localiza\u00e7\u00e3o automatizada e recorte de feeds.\" \/>\n<meta property=\"og:url\" content=\"https:\/\/www.tvunetworks.com\/pt-pt\/wp-json\/wp\/v2\/pages\/40179\" \/>\n<meta property=\"og:site_name\" content=\"TVU Networks\" \/>\n<meta property=\"article:modified_time\" content=\"2021-08-24T16:52:09+00:00\" \/>\n<meta property=\"og:image\" content=\"https:\/\/www.tvunetworks.com\/wp-content\/uploads\/2022\/10\/web-banner-mobile-best-of-show-ibc-8.png\" \/>\n\t<meta property=\"og:image:width\" content=\"1324\" \/>\n\t<meta property=\"og:image:height\" content=\"2024\" \/>\n\t<meta property=\"og:image:type\" content=\"image\/png\" \/>\n<meta name=\"twitter:card\" content=\"summary_large_image\" \/>\n<script type=\"application\/ld+json\" class=\"yoast-schema-graph\">{\"@context\":\"https:\/\/schema.org\",\"@graph\":[{\"@type\":\"WebPage\",\"@id\":\"https:\/\/www.tvunetworks.com\/pt-pt\/mediasource\/\",\"url\":\"https:\/\/www.tvunetworks.com\/pt-pt\/mediasource\/\",\"name\":\"| de Imagens Cruas | de imagens de origem TVU MediaSource\",\"isPartOf\":{\"@id\":\"https:\/\/www.tvunetworks.com\/pt-pt\/#website\"},\"datePublished\":\"2021-04-07T12:05:11+00:00\",\"dateModified\":\"2021-08-24T16:52:09+00:00\",\"description\":\"Acesso a feeds crus e de origem vivos ou arquivados, incluindo a utiliza\u00e7\u00e3o de TVU Search para localiza\u00e7\u00e3o automatizada e recorte de feeds.\",\"breadcrumb\":{\"@id\":\"https:\/\/www.tvunetworks.com\/pt-pt\/mediasource\/#breadcrumb\"},\"inLanguage\":\"pt-PT\",\"potentialAction\":[{\"@type\":\"ReadAction\",\"target\":[\"https:\/\/www.tvunetworks.com\/pt-pt\/mediasource\/\"]}]},{\"@type\":\"BreadcrumbList\",\"@id\":\"https:\/\/www.tvunetworks.com\/pt-pt\/mediasource\/#breadcrumb\",\"itemListElement\":[{\"@type\":\"ListItem\",\"position\":1,\"name\":\"Home\",\"item\":\"https:\/\/editwww.tvunetworks.com\/pt-pt\/\"},{\"@type\":\"ListItem\",\"position\":2,\"name\":\"TVU MediaSource: Content Feed for Buyers\"}]},{\"@type\":\"WebSite\",\"@id\":\"https:\/\/www.tvunetworks.com\/pt-pt\/#website\",\"url\":\"https:\/\/www.tvunetworks.com\/pt-pt\/\",\"name\":\"TVU Networks\",\"description\":\"The lowest prices for your full LLC publishing compliance!\",\"publisher\":{\"@id\":\"https:\/\/www.tvunetworks.com\/pt-pt\/#organization\"},\"potentialAction\":[{\"@type\":\"SearchAction\",\"target\":{\"@type\":\"EntryPoint\",\"urlTemplate\":\"https:\/\/www.tvunetworks.com\/pt-pt\/?s={search_term_string}\"},\"query-input\":{\"@type\":\"PropertyValueSpecification\",\"valueRequired\":true,\"valueName\":\"search_term_string\"}}],\"inLanguage\":\"pt-PT\"},{\"@type\":\"Organization\",\"@id\":\"https:\/\/www.tvunetworks.com\/pt-pt\/#organization\",\"name\":\"TVU Networks\",\"url\":\"https:\/\/www.tvunetworks.com\/pt-pt\/\",\"logo\":{\"@type\":\"ImageObject\",\"inLanguage\":\"pt-PT\",\"@id\":\"https:\/\/www.tvunetworks.com\/pt-pt\/#\/schema\/logo\/image\/\",\"url\":\"https:\/\/www.tvunetworks.com\/wp-content\/uploads\/2019\/07\/logo.svg\",\"contentUrl\":\"https:\/\/www.tvunetworks.com\/wp-content\/uploads\/2019\/07\/logo.svg\",\"caption\":\"TVU Networks\"},\"image\":{\"@id\":\"https:\/\/www.tvunetworks.com\/pt-pt\/#\/schema\/logo\/image\/\"}}]}<\/script>\n<!-- \/ Yoast SEO plugin. -->","yoast_head_json":{"title":"| de Imagens Cruas | de imagens de origem TVU MediaSource","description":"Acesso a feeds crus e de origem vivos ou arquivados, incluindo a utiliza\u00e7\u00e3o de TVU Search para localiza\u00e7\u00e3o automatizada e recorte de feeds.","robots":{"index":"index","follow":"follow","max-snippet":"max-snippet:-1","max-image-preview":"max-image-preview:large","max-video-preview":"max-video-preview:-1"},"canonical":"https:\/\/www.tvunetworks.com\/pt-pt\/mediasource\/","og_locale":"pt_PT","og_type":"article","og_title":"| de Imagens Cruas | de imagens de origem TVU MediaSource","og_description":"Acesso a feeds crus e de origem vivos ou arquivados, incluindo a utiliza\u00e7\u00e3o de TVU Search para localiza\u00e7\u00e3o automatizada e recorte de feeds.","og_url":"https:\/\/www.tvunetworks.com\/pt-pt\/wp-json\/wp\/v2\/pages\/40179","og_site_name":"TVU Networks","article_modified_time":"2021-08-24T16:52:09+00:00","og_image":[{"width":1324,"height":2024,"url":"https:\/\/www.tvunetworks.com\/wp-content\/uploads\/2022\/10\/web-banner-mobile-best-of-show-ibc-8.png","type":"image\/png"}],"twitter_card":"summary_large_image","schema":{"@context":"https:\/\/schema.org","@graph":[{"@type":"WebPage","@id":"https:\/\/www.tvunetworks.com\/pt-pt\/mediasource\/","url":"https:\/\/www.tvunetworks.com\/pt-pt\/mediasource\/","name":"| de Imagens Cruas | de imagens de origem TVU MediaSource","isPartOf":{"@id":"https:\/\/www.tvunetworks.com\/pt-pt\/#website"},"datePublished":"2021-04-07T12:05:11+00:00","dateModified":"2021-08-24T16:52:09+00:00","description":"Acesso a feeds crus e de origem vivos ou arquivados, incluindo a utiliza\u00e7\u00e3o de TVU Search para localiza\u00e7\u00e3o automatizada e recorte de feeds.","breadcrumb":{"@id":"https:\/\/www.tvunetworks.com\/pt-pt\/mediasource\/#breadcrumb"},"inLanguage":"pt-PT","potentialAction":[{"@type":"ReadAction","target":["https:\/\/www.tvunetworks.com\/pt-pt\/mediasource\/"]}]},{"@type":"BreadcrumbList","@id":"https:\/\/www.tvunetworks.com\/pt-pt\/mediasource\/#breadcrumb","itemListElement":[{"@type":"ListItem","position":1,"name":"Home","item":"https:\/\/editwww.tvunetworks.com\/pt-pt\/"},{"@type":"ListItem","position":2,"name":"TVU MediaSource: Content Feed for Buyers"}]},{"@type":"WebSite","@id":"https:\/\/www.tvunetworks.com\/pt-pt\/#website","url":"https:\/\/www.tvunetworks.com\/pt-pt\/","name":"TVU Networks","description":"The lowest prices for your full LLC publishing compliance!","publisher":{"@id":"https:\/\/www.tvunetworks.com\/pt-pt\/#organization"},"potentialAction":[{"@type":"SearchAction","target":{"@type":"EntryPoint","urlTemplate":"https:\/\/www.tvunetworks.com\/pt-pt\/?s={search_term_string}"},"query-input":{"@type":"PropertyValueSpecification","valueRequired":true,"valueName":"search_term_string"}}],"inLanguage":"pt-PT"},{"@type":"Organization","@id":"https:\/\/www.tvunetworks.com\/pt-pt\/#organization","name":"TVU Networks","url":"https:\/\/www.tvunetworks.com\/pt-pt\/","logo":{"@type":"ImageObject","inLanguage":"pt-PT","@id":"https:\/\/www.tvunetworks.com\/pt-pt\/#\/schema\/logo\/image\/","url":"https:\/\/www.tvunetworks.com\/wp-content\/uploads\/2019\/07\/logo.svg","contentUrl":"https:\/\/www.tvunetworks.com\/wp-content\/uploads\/2019\/07\/logo.svg","caption":"TVU Networks"},"image":{"@id":"https:\/\/www.tvunetworks.com\/pt-pt\/#\/schema\/logo\/image\/"}}]}},"_links":{"self":[{"href":"https:\/\/www.tvunetworks.com\/pt-pt\/wp-json\/wp\/v2\/pages\/40179","targetHints":{"allow":["GET"]}}],"collection":[{"href":"https:\/\/www.tvunetworks.com\/pt-pt\/wp-json\/wp\/v2\/pages"}],"about":[{"href":"https:\/\/www.tvunetworks.com\/pt-pt\/wp-json\/wp\/v2\/types\/page"}],"author":[{"embeddable":true,"href":"https:\/\/www.tvunetworks.com\/pt-pt\/wp-json\/wp\/v2\/users\/5"}],"replies":[{"embeddable":true,"href":"https:\/\/www.tvunetworks.com\/pt-pt\/wp-json\/wp\/v2\/comments?post=40179"}],"version-history":[{"count":2,"href":"https:\/\/www.tvunetworks.com\/pt-pt\/wp-json\/wp\/v2\/pages\/40179\/revisions"}],"predecessor-version":[{"id":53014,"href":"https:\/\/www.tvunetworks.com\/pt-pt\/wp-json\/wp\/v2\/pages\/40179\/revisions\/53014"}],"wp:attachment":[{"href":"https:\/\/www.tvunetworks.com\/pt-pt\/wp-json\/wp\/v2\/media?parent=40179"}],"curies":[{"name":"wp","href":"https:\/\/api.w.org\/{rel}","templated":true}]}}