{"id":39468,"date":"2021-04-07T11:58:03","date_gmt":"2021-04-07T11:58:03","guid":{"rendered":"https:\/\/editwww.tvunetworks.com\/tvu-produtos-dicas\/tvu-produtor\/"},"modified":"2025-11-06T17:06:13","modified_gmt":"2025-11-06T17:06:13","slug":"tvu-producer","status":"publish","type":"page","link":"https:\/\/www.tvunetworks.com\/pt-pt\/tvu-products-tips\/tvu-producer\/","title":{"rendered":"TVU Producer"},"content":{"rendered":"","protected":false},"excerpt":{"rendered":"","protected":false},"author":5,"featured_media":0,"parent":39200,"menu_order":0,"comment_status":"closed","ping_status":"closed","template":"pages\/template-tips.php","meta":{"_acf_changed":false,"content-type":"","footnotes":""},"class_list":["post-39468","page","type-page","status-publish","hentry"],"acf":[],"yoast_head":"<!-- This site is optimized with the Yoast SEO plugin v25.0 - https:\/\/yoast.com\/wordpress\/plugins\/seo\/ -->\n<title>Como usar a produ\u00e7\u00e3o e streaming de v\u00eddeo ao vivo da TVU<\/title>\n<meta name=\"description\" content=\"Receba dicas de emissores, streamers ao vivo e produtores no TVU Producer em nuvem de produ\u00e7\u00e3o de v\u00eddeo ao vivo para produ\u00e7\u00e3o remota de streaming multic\u00e2meras\" \/>\n<meta name=\"robots\" content=\"noindex, follow\" \/>\n<meta property=\"og:locale\" content=\"pt_PT\" \/>\n<meta property=\"og:type\" content=\"article\" \/>\n<meta property=\"og:title\" content=\"Como usar a produ\u00e7\u00e3o e streaming de v\u00eddeo ao vivo da TVU\" \/>\n<meta property=\"og:description\" content=\"Receba dicas de emissores, streamers ao vivo e produtores no TVU Producer em nuvem de produ\u00e7\u00e3o de v\u00eddeo ao vivo para produ\u00e7\u00e3o remota de streaming multic\u00e2meras\" \/>\n<meta property=\"og:url\" content=\"https:\/\/www.tvunetworks.com\/pt-pt\/wp-json\/wp\/v2\/pages\/39468\" \/>\n<meta property=\"og:site_name\" content=\"TVU Networks\" \/>\n<meta property=\"article:modified_time\" content=\"2025-11-06T17:06:13+00:00\" \/>\n<meta property=\"og:image\" content=\"https:\/\/www.tvunetworks.com\/wp-content\/uploads\/2022\/10\/web-banner-mobile-best-of-show-ibc-8.png\" \/>\n\t<meta property=\"og:image:width\" content=\"1324\" \/>\n\t<meta property=\"og:image:height\" content=\"2024\" \/>\n\t<meta property=\"og:image:type\" content=\"image\/png\" \/>\n<meta name=\"twitter:card\" content=\"summary_large_image\" \/>\n<script type=\"application\/ld+json\" class=\"yoast-schema-graph\">{\"@context\":\"https:\/\/schema.org\",\"@graph\":[{\"@type\":\"WebPage\",\"@id\":\"https:\/\/www.tvunetworks.com\/pt-pt\/tvu-products-tips\/tvu-producer\/\",\"url\":\"https:\/\/www.tvunetworks.com\/pt-pt\/tvu-products-tips\/tvu-producer\/\",\"name\":\"Como usar a produ\u00e7\u00e3o e streaming de v\u00eddeo ao vivo da TVU\",\"isPartOf\":{\"@id\":\"https:\/\/www.tvunetworks.com\/pt-pt\/#website\"},\"datePublished\":\"2021-04-07T11:58:03+00:00\",\"dateModified\":\"2025-11-06T17:06:13+00:00\",\"description\":\"Receba dicas de emissores, streamers ao vivo e produtores no TVU Producer em nuvem de produ\u00e7\u00e3o de v\u00eddeo ao vivo para produ\u00e7\u00e3o remota de streaming multic\u00e2meras\",\"breadcrumb\":{\"@id\":\"https:\/\/www.tvunetworks.com\/pt-pt\/tvu-products-tips\/tvu-producer\/#breadcrumb\"},\"inLanguage\":\"pt-PT\",\"potentialAction\":[{\"@type\":\"ReadAction\",\"target\":[\"https:\/\/www.tvunetworks.com\/pt-pt\/tvu-products-tips\/tvu-producer\/\"]}]},{\"@type\":\"BreadcrumbList\",\"@id\":\"https:\/\/www.tvunetworks.com\/pt-pt\/tvu-products-tips\/tvu-producer\/#breadcrumb\",\"itemListElement\":[{\"@type\":\"ListItem\",\"position\":1,\"name\":\"Home\",\"item\":\"https:\/\/editwww.tvunetworks.com\/pt-pt\/\"},{\"@type\":\"ListItem\",\"position\":2,\"name\":\"Dicas de como aproveitar o melhor da TVU Networks\",\"item\":\"https:\/\/editwww.tvunetworks.com\/pt-pt\/tvu-products-tips\/\"},{\"@type\":\"ListItem\",\"position\":3,\"name\":\"TVU Producer\"}]},{\"@type\":\"WebSite\",\"@id\":\"https:\/\/www.tvunetworks.com\/pt-pt\/#website\",\"url\":\"https:\/\/www.tvunetworks.com\/pt-pt\/\",\"name\":\"TVU Networks\",\"description\":\"The lowest prices for your full LLC publishing compliance!\",\"publisher\":{\"@id\":\"https:\/\/www.tvunetworks.com\/pt-pt\/#organization\"},\"potentialAction\":[{\"@type\":\"SearchAction\",\"target\":{\"@type\":\"EntryPoint\",\"urlTemplate\":\"https:\/\/www.tvunetworks.com\/pt-pt\/?s={search_term_string}\"},\"query-input\":{\"@type\":\"PropertyValueSpecification\",\"valueRequired\":true,\"valueName\":\"search_term_string\"}}],\"inLanguage\":\"pt-PT\"},{\"@type\":\"Organization\",\"@id\":\"https:\/\/www.tvunetworks.com\/pt-pt\/#organization\",\"name\":\"TVU Networks\",\"url\":\"https:\/\/www.tvunetworks.com\/pt-pt\/\",\"logo\":{\"@type\":\"ImageObject\",\"inLanguage\":\"pt-PT\",\"@id\":\"https:\/\/www.tvunetworks.com\/pt-pt\/#\/schema\/logo\/image\/\",\"url\":\"https:\/\/www.tvunetworks.com\/wp-content\/uploads\/2019\/07\/logo.svg\",\"contentUrl\":\"https:\/\/www.tvunetworks.com\/wp-content\/uploads\/2019\/07\/logo.svg\",\"caption\":\"TVU Networks\"},\"image\":{\"@id\":\"https:\/\/www.tvunetworks.com\/pt-pt\/#\/schema\/logo\/image\/\"}}]}<\/script>\n<!-- \/ Yoast SEO plugin. -->","yoast_head_json":{"title":"Como usar a produ\u00e7\u00e3o e streaming de v\u00eddeo ao vivo da TVU","description":"Receba dicas de emissores, streamers ao vivo e produtores no TVU Producer em nuvem de produ\u00e7\u00e3o de v\u00eddeo ao vivo para produ\u00e7\u00e3o remota de streaming multic\u00e2meras","robots":{"index":"noindex","follow":"follow"},"og_locale":"pt_PT","og_type":"article","og_title":"Como usar a produ\u00e7\u00e3o e streaming de v\u00eddeo ao vivo da TVU","og_description":"Receba dicas de emissores, streamers ao vivo e produtores no TVU Producer em nuvem de produ\u00e7\u00e3o de v\u00eddeo ao vivo para produ\u00e7\u00e3o remota de streaming multic\u00e2meras","og_url":"https:\/\/www.tvunetworks.com\/pt-pt\/wp-json\/wp\/v2\/pages\/39468","og_site_name":"TVU Networks","article_modified_time":"2025-11-06T17:06:13+00:00","og_image":[{"width":1324,"height":2024,"url":"https:\/\/www.tvunetworks.com\/wp-content\/uploads\/2022\/10\/web-banner-mobile-best-of-show-ibc-8.png","type":"image\/png"}],"twitter_card":"summary_large_image","schema":{"@context":"https:\/\/schema.org","@graph":[{"@type":"WebPage","@id":"https:\/\/www.tvunetworks.com\/pt-pt\/tvu-products-tips\/tvu-producer\/","url":"https:\/\/www.tvunetworks.com\/pt-pt\/tvu-products-tips\/tvu-producer\/","name":"Como usar a produ\u00e7\u00e3o e streaming de v\u00eddeo ao vivo da TVU","isPartOf":{"@id":"https:\/\/www.tvunetworks.com\/pt-pt\/#website"},"datePublished":"2021-04-07T11:58:03+00:00","dateModified":"2025-11-06T17:06:13+00:00","description":"Receba dicas de emissores, streamers ao vivo e produtores no TVU Producer em nuvem de produ\u00e7\u00e3o de v\u00eddeo ao vivo para produ\u00e7\u00e3o remota de streaming multic\u00e2meras","breadcrumb":{"@id":"https:\/\/www.tvunetworks.com\/pt-pt\/tvu-products-tips\/tvu-producer\/#breadcrumb"},"inLanguage":"pt-PT","potentialAction":[{"@type":"ReadAction","target":["https:\/\/www.tvunetworks.com\/pt-pt\/tvu-products-tips\/tvu-producer\/"]}]},{"@type":"BreadcrumbList","@id":"https:\/\/www.tvunetworks.com\/pt-pt\/tvu-products-tips\/tvu-producer\/#breadcrumb","itemListElement":[{"@type":"ListItem","position":1,"name":"Home","item":"https:\/\/editwww.tvunetworks.com\/pt-pt\/"},{"@type":"ListItem","position":2,"name":"Dicas de como aproveitar o melhor da TVU Networks","item":"https:\/\/editwww.tvunetworks.com\/pt-pt\/tvu-products-tips\/"},{"@type":"ListItem","position":3,"name":"TVU Producer"}]},{"@type":"WebSite","@id":"https:\/\/www.tvunetworks.com\/pt-pt\/#website","url":"https:\/\/www.tvunetworks.com\/pt-pt\/","name":"TVU Networks","description":"The lowest prices for your full LLC publishing compliance!","publisher":{"@id":"https:\/\/www.tvunetworks.com\/pt-pt\/#organization"},"potentialAction":[{"@type":"SearchAction","target":{"@type":"EntryPoint","urlTemplate":"https:\/\/www.tvunetworks.com\/pt-pt\/?s={search_term_string}"},"query-input":{"@type":"PropertyValueSpecification","valueRequired":true,"valueName":"search_term_string"}}],"inLanguage":"pt-PT"},{"@type":"Organization","@id":"https:\/\/www.tvunetworks.com\/pt-pt\/#organization","name":"TVU Networks","url":"https:\/\/www.tvunetworks.com\/pt-pt\/","logo":{"@type":"ImageObject","inLanguage":"pt-PT","@id":"https:\/\/www.tvunetworks.com\/pt-pt\/#\/schema\/logo\/image\/","url":"https:\/\/www.tvunetworks.com\/wp-content\/uploads\/2019\/07\/logo.svg","contentUrl":"https:\/\/www.tvunetworks.com\/wp-content\/uploads\/2019\/07\/logo.svg","caption":"TVU Networks"},"image":{"@id":"https:\/\/www.tvunetworks.com\/pt-pt\/#\/schema\/logo\/image\/"}}]}},"_links":{"self":[{"href":"https:\/\/www.tvunetworks.com\/pt-pt\/wp-json\/wp\/v2\/pages\/39468","targetHints":{"allow":["GET"]}}],"collection":[{"href":"https:\/\/www.tvunetworks.com\/pt-pt\/wp-json\/wp\/v2\/pages"}],"about":[{"href":"https:\/\/www.tvunetworks.com\/pt-pt\/wp-json\/wp\/v2\/types\/page"}],"author":[{"embeddable":true,"href":"https:\/\/www.tvunetworks.com\/pt-pt\/wp-json\/wp\/v2\/users\/5"}],"replies":[{"embeddable":true,"href":"https:\/\/www.tvunetworks.com\/pt-pt\/wp-json\/wp\/v2\/comments?post=39468"}],"version-history":[{"count":3,"href":"https:\/\/www.tvunetworks.com\/pt-pt\/wp-json\/wp\/v2\/pages\/39468\/revisions"}],"predecessor-version":[{"id":81840,"href":"https:\/\/www.tvunetworks.com\/pt-pt\/wp-json\/wp\/v2\/pages\/39468\/revisions\/81840"}],"up":[{"embeddable":true,"href":"https:\/\/www.tvunetworks.com\/pt-pt\/wp-json\/wp\/v2\/pages\/39200"}],"wp:attachment":[{"href":"https:\/\/www.tvunetworks.com\/pt-pt\/wp-json\/wp\/v2\/media?parent=39468"}],"curies":[{"name":"wp","href":"https:\/\/api.w.org\/{rel}","templated":true}]}}