{"id":39213,"date":"2021-04-07T11:55:34","date_gmt":"2021-04-07T11:55:34","guid":{"rendered":"https:\/\/editwww.tvunetworks.com\/noticias-transmissao\/"},"modified":"2023-01-04T13:53:57","modified_gmt":"2023-01-04T13:53:57","slug":"news-broadcast","status":"publish","type":"page","link":"https:\/\/www.tvunetworks.com\/pt-pt\/news-broadcast\/","title":{"rendered":"Transmiss\u00e3o de Not\u00edcias"},"content":{"rendered":"","protected":false},"excerpt":{"rendered":"","protected":false},"author":1,"featured_media":0,"parent":0,"menu_order":0,"comment_status":"closed","ping_status":"closed","template":"pages\/template-news-broadcast.php","meta":{"_acf_changed":false,"content-type":"","footnotes":""},"class_list":["post-39213","page","type-page","status-publish","hentry"],"acf":[],"yoast_head":"<!-- This site is optimized with the Yoast SEO plugin v25.0 - https:\/\/yoast.com\/wordpress\/plugins\/seo\/ -->\n<title>Solu\u00e7\u00e3o de streaming de not\u00edcias e ao vivo | Redes TVU<\/title>\n<meta name=\"description\" content=\"Tecnologias de ponta para transmitir, produzir, transmitir e transmitir not\u00edcias sobre celulares ligados. Transmiss\u00f5es de v\u00eddeo ao vivo de alta qualidade e baixa lat\u00eancia.\" \/>\n<meta name=\"robots\" content=\"index, follow, max-snippet:-1, max-image-preview:large, max-video-preview:-1\" \/>\n<link rel=\"canonical\" href=\"https:\/\/www.tvunetworks.com\/pt-pt\/news-broadcast\/\" \/>\n<meta property=\"og:locale\" content=\"pt_PT\" \/>\n<meta property=\"og:type\" content=\"article\" \/>\n<meta property=\"og:title\" content=\"Solu\u00e7\u00e3o de streaming de not\u00edcias e ao vivo | Redes TVU\" \/>\n<meta property=\"og:description\" content=\"Tecnologias de ponta para transmitir, produzir, transmitir e transmitir not\u00edcias sobre celulares ligados. Transmiss\u00f5es de v\u00eddeo ao vivo de alta qualidade e baixa lat\u00eancia.\" \/>\n<meta property=\"og:url\" content=\"https:\/\/www.tvunetworks.com\/pt-pt\/wp-json\/wp\/v2\/pages\/39213\" \/>\n<meta property=\"og:site_name\" content=\"TVU Networks\" \/>\n<meta property=\"article:modified_time\" content=\"2023-01-04T13:53:57+00:00\" \/>\n<meta property=\"og:image\" content=\"https:\/\/www.tvunetworks.com\/wp-content\/uploads\/2022\/10\/web-banner-mobile-best-of-show-ibc-8.png\" \/>\n\t<meta property=\"og:image:width\" content=\"1324\" \/>\n\t<meta property=\"og:image:height\" content=\"2024\" \/>\n\t<meta property=\"og:image:type\" content=\"image\/png\" \/>\n<meta name=\"twitter:card\" content=\"summary_large_image\" \/>\n<script type=\"application\/ld+json\" class=\"yoast-schema-graph\">{\"@context\":\"https:\/\/schema.org\",\"@graph\":[{\"@type\":\"WebPage\",\"@id\":\"https:\/\/www.tvunetworks.com\/pt-pt\/news-broadcast\/\",\"url\":\"https:\/\/www.tvunetworks.com\/pt-pt\/news-broadcast\/\",\"name\":\"Solu\u00e7\u00e3o de streaming de not\u00edcias e ao vivo | Redes TVU\",\"isPartOf\":{\"@id\":\"https:\/\/www.tvunetworks.com\/pt-pt\/#website\"},\"datePublished\":\"2021-04-07T11:55:34+00:00\",\"dateModified\":\"2023-01-04T13:53:57+00:00\",\"description\":\"Tecnologias de ponta para transmitir, produzir, transmitir e transmitir not\u00edcias sobre celulares ligados. Transmiss\u00f5es de v\u00eddeo ao vivo de alta qualidade e baixa lat\u00eancia.\",\"breadcrumb\":{\"@id\":\"https:\/\/www.tvunetworks.com\/pt-pt\/news-broadcast\/#breadcrumb\"},\"inLanguage\":\"pt-PT\",\"potentialAction\":[{\"@type\":\"ReadAction\",\"target\":[\"https:\/\/www.tvunetworks.com\/pt-pt\/news-broadcast\/\"]}]},{\"@type\":\"BreadcrumbList\",\"@id\":\"https:\/\/www.tvunetworks.com\/pt-pt\/news-broadcast\/#breadcrumb\",\"itemListElement\":[{\"@type\":\"ListItem\",\"position\":1,\"name\":\"Home\",\"item\":\"https:\/\/editwww.tvunetworks.com\/pt-pt\/\"},{\"@type\":\"ListItem\",\"position\":2,\"name\":\"Transmiss\u00e3o de Not\u00edcias\"}]},{\"@type\":\"WebSite\",\"@id\":\"https:\/\/www.tvunetworks.com\/pt-pt\/#website\",\"url\":\"https:\/\/www.tvunetworks.com\/pt-pt\/\",\"name\":\"TVU Networks\",\"description\":\"The lowest prices for your full LLC publishing compliance!\",\"publisher\":{\"@id\":\"https:\/\/www.tvunetworks.com\/pt-pt\/#organization\"},\"potentialAction\":[{\"@type\":\"SearchAction\",\"target\":{\"@type\":\"EntryPoint\",\"urlTemplate\":\"https:\/\/www.tvunetworks.com\/pt-pt\/?s={search_term_string}\"},\"query-input\":{\"@type\":\"PropertyValueSpecification\",\"valueRequired\":true,\"valueName\":\"search_term_string\"}}],\"inLanguage\":\"pt-PT\"},{\"@type\":\"Organization\",\"@id\":\"https:\/\/www.tvunetworks.com\/pt-pt\/#organization\",\"name\":\"TVU Networks\",\"url\":\"https:\/\/www.tvunetworks.com\/pt-pt\/\",\"logo\":{\"@type\":\"ImageObject\",\"inLanguage\":\"pt-PT\",\"@id\":\"https:\/\/www.tvunetworks.com\/pt-pt\/#\/schema\/logo\/image\/\",\"url\":\"https:\/\/www.tvunetworks.com\/wp-content\/uploads\/2019\/07\/logo.svg\",\"contentUrl\":\"https:\/\/www.tvunetworks.com\/wp-content\/uploads\/2019\/07\/logo.svg\",\"caption\":\"TVU Networks\"},\"image\":{\"@id\":\"https:\/\/www.tvunetworks.com\/pt-pt\/#\/schema\/logo\/image\/\"}}]}<\/script>\n<!-- \/ Yoast SEO plugin. -->","yoast_head_json":{"title":"Solu\u00e7\u00e3o de streaming de not\u00edcias e ao vivo | Redes TVU","description":"Tecnologias de ponta para transmitir, produzir, transmitir e transmitir not\u00edcias sobre celulares ligados. Transmiss\u00f5es de v\u00eddeo ao vivo de alta qualidade e baixa lat\u00eancia.","robots":{"index":"index","follow":"follow","max-snippet":"max-snippet:-1","max-image-preview":"max-image-preview:large","max-video-preview":"max-video-preview:-1"},"canonical":"https:\/\/www.tvunetworks.com\/pt-pt\/news-broadcast\/","og_locale":"pt_PT","og_type":"article","og_title":"Solu\u00e7\u00e3o de streaming de not\u00edcias e ao vivo | Redes TVU","og_description":"Tecnologias de ponta para transmitir, produzir, transmitir e transmitir not\u00edcias sobre celulares ligados. Transmiss\u00f5es de v\u00eddeo ao vivo de alta qualidade e baixa lat\u00eancia.","og_url":"https:\/\/www.tvunetworks.com\/pt-pt\/wp-json\/wp\/v2\/pages\/39213","og_site_name":"TVU Networks","article_modified_time":"2023-01-04T13:53:57+00:00","og_image":[{"width":1324,"height":2024,"url":"https:\/\/www.tvunetworks.com\/wp-content\/uploads\/2022\/10\/web-banner-mobile-best-of-show-ibc-8.png","type":"image\/png"}],"twitter_card":"summary_large_image","schema":{"@context":"https:\/\/schema.org","@graph":[{"@type":"WebPage","@id":"https:\/\/www.tvunetworks.com\/pt-pt\/news-broadcast\/","url":"https:\/\/www.tvunetworks.com\/pt-pt\/news-broadcast\/","name":"Solu\u00e7\u00e3o de streaming de not\u00edcias e ao vivo | Redes TVU","isPartOf":{"@id":"https:\/\/www.tvunetworks.com\/pt-pt\/#website"},"datePublished":"2021-04-07T11:55:34+00:00","dateModified":"2023-01-04T13:53:57+00:00","description":"Tecnologias de ponta para transmitir, produzir, transmitir e transmitir not\u00edcias sobre celulares ligados. Transmiss\u00f5es de v\u00eddeo ao vivo de alta qualidade e baixa lat\u00eancia.","breadcrumb":{"@id":"https:\/\/www.tvunetworks.com\/pt-pt\/news-broadcast\/#breadcrumb"},"inLanguage":"pt-PT","potentialAction":[{"@type":"ReadAction","target":["https:\/\/www.tvunetworks.com\/pt-pt\/news-broadcast\/"]}]},{"@type":"BreadcrumbList","@id":"https:\/\/www.tvunetworks.com\/pt-pt\/news-broadcast\/#breadcrumb","itemListElement":[{"@type":"ListItem","position":1,"name":"Home","item":"https:\/\/editwww.tvunetworks.com\/pt-pt\/"},{"@type":"ListItem","position":2,"name":"Transmiss\u00e3o de Not\u00edcias"}]},{"@type":"WebSite","@id":"https:\/\/www.tvunetworks.com\/pt-pt\/#website","url":"https:\/\/www.tvunetworks.com\/pt-pt\/","name":"TVU Networks","description":"The lowest prices for your full LLC publishing compliance!","publisher":{"@id":"https:\/\/www.tvunetworks.com\/pt-pt\/#organization"},"potentialAction":[{"@type":"SearchAction","target":{"@type":"EntryPoint","urlTemplate":"https:\/\/www.tvunetworks.com\/pt-pt\/?s={search_term_string}"},"query-input":{"@type":"PropertyValueSpecification","valueRequired":true,"valueName":"search_term_string"}}],"inLanguage":"pt-PT"},{"@type":"Organization","@id":"https:\/\/www.tvunetworks.com\/pt-pt\/#organization","name":"TVU Networks","url":"https:\/\/www.tvunetworks.com\/pt-pt\/","logo":{"@type":"ImageObject","inLanguage":"pt-PT","@id":"https:\/\/www.tvunetworks.com\/pt-pt\/#\/schema\/logo\/image\/","url":"https:\/\/www.tvunetworks.com\/wp-content\/uploads\/2019\/07\/logo.svg","contentUrl":"https:\/\/www.tvunetworks.com\/wp-content\/uploads\/2019\/07\/logo.svg","caption":"TVU Networks"},"image":{"@id":"https:\/\/www.tvunetworks.com\/pt-pt\/#\/schema\/logo\/image\/"}}]}},"_links":{"self":[{"href":"https:\/\/www.tvunetworks.com\/pt-pt\/wp-json\/wp\/v2\/pages\/39213","targetHints":{"allow":["GET"]}}],"collection":[{"href":"https:\/\/www.tvunetworks.com\/pt-pt\/wp-json\/wp\/v2\/pages"}],"about":[{"href":"https:\/\/www.tvunetworks.com\/pt-pt\/wp-json\/wp\/v2\/types\/page"}],"author":[{"embeddable":true,"href":"https:\/\/www.tvunetworks.com\/pt-pt\/wp-json\/wp\/v2\/users\/1"}],"replies":[{"embeddable":true,"href":"https:\/\/www.tvunetworks.com\/pt-pt\/wp-json\/wp\/v2\/comments?post=39213"}],"version-history":[{"count":4,"href":"https:\/\/www.tvunetworks.com\/pt-pt\/wp-json\/wp\/v2\/pages\/39213\/revisions"}],"predecessor-version":[{"id":92591,"href":"https:\/\/www.tvunetworks.com\/pt-pt\/wp-json\/wp\/v2\/pages\/39213\/revisions\/92591"}],"wp:attachment":[{"href":"https:\/\/www.tvunetworks.com\/pt-pt\/wp-json\/wp\/v2\/media?parent=39213"}],"curies":[{"name":"wp","href":"https:\/\/api.w.org\/{rel}","templated":true}]}}