{"id":39206,"date":"2021-04-07T11:55:27","date_gmt":"2021-04-07T11:55:27","guid":{"rendered":"https:\/\/editwww.tvunetworks.com\/politica-de-privacidade\/"},"modified":"2022-11-25T15:22:38","modified_gmt":"2022-11-25T15:22:38","slug":"iso-certification","status":"publish","type":"page","link":"https:\/\/www.tvunetworks.com\/pt-pt\/iso-certification\/","title":{"rendered":"ISO Compliance"},"content":{"rendered":"\n<h2 class=\"wp-block-heading\">Quem somos<\/h2>\n\n\n\n<p>A TVU Networks Corporation, e as suas subsidi\u00e1rias e empresas afiliadas (colectivamente, a &#8220;<strong>Empresa<\/strong>&#8220;, <strong>&#8220;N\u00f3s&#8221;<\/strong>ou &#8220;<strong>N\u00f3s&#8221;<\/strong>&#8211; esfor\u00e7a-se por abordar adequadamente os requisitos de prote\u00e7\u00e3o de dados aplic\u00e1veis.<\/p>\n\n\n\n<h2 class=\"wp-block-heading\">\u00c2mbito<\/h2>\n\n\n\n<p>Este Aviso de Privacidade <strong>(&#8220;Aviso&#8221;<\/strong>) fornece aos indiv\u00edduos que utilizam os nossos servi\u00e7os, incluindo, mas n\u00e3o se limitando a, o nosso website, com determinadas informa\u00e7\u00f5es importantes sobre como a Empresa trata os seus dados pessoais<strong>(&#8220;Dados Pessoais&#8221;).<\/strong> A TVU Networks Corporation \u00e9 o principal controlador de dados para o tratamento de Dados Pessoais.<\/p>\n\n\n\n<h2 class=\"wp-block-heading\">Tipos de dados tratados<\/h2>\n\n\n\n<p>Os Dados Pessoais tratados incluem os seguintes tipos de dados:<\/p>\n\n\n\n<ul class=\"wp-block-list\"><li>Nome;<\/li><li>Informa\u00e7\u00f5es sobre o emprego, incluindo o t\u00edtulo de empresa e de emprego;<\/li><li>Informa\u00e7\u00f5es de contacto, incluindo endere\u00e7o de e-mail e n\u00famero de telefone;<\/li><li>Coment\u00e1rios e submiss\u00f5es do utilizador; e<\/li><li>Dados de geolocaliza\u00e7\u00e3o.<\/li><\/ul>\n\n\n\n<p>Utilizamos cookies para recolher dados de geolocaliza\u00e7\u00e3o para definir o idioma relevante para a sua localiza\u00e7\u00e3o. Os cookies s\u00e3o pequenos peda\u00e7os de informa\u00e7\u00e3o que s\u00e3o armazenados pelo navegador web do seu computador. Ao utilizar os servi\u00e7os, voc\u00ea concorda com a nossa utiliza\u00e7\u00e3o de cookies.<\/p>\n\n\n\n<h2 class=\"wp-block-heading\">Finalidade do tratamento de dados, bases jur\u00eddicas e divulga\u00e7\u00e3o de dados pessoais<\/h2>\n\n\n\n<p>A Empresa utilizar\u00e1 e processar\u00e1 de outra forma os Dados Pessoais dos utilizadores:<\/p>\n\n\n\n<p>Se visitar a p\u00e1gina de in\u00edcio de sess\u00e3o, ser\u00e1 configurado um cookie tempor\u00e1rio para determinar se o seu navegador aceita cookies. Este cookie n\u00e3o cont\u00e9m dados pessoais e ser\u00e1 eliminado ao fechar o seu navegador.<\/p>\n\n\n\n<ul class=\"wp-block-list\"><li>Contactar e identificar utilizadores relevantes em rela\u00e7\u00e3o a inqu\u00e9ritos;<\/li><li>Para notifica\u00e7\u00e3o de atualiza\u00e7\u00f5es t\u00e9cnicas de produtos e servi\u00e7os;<\/li><li>Para informa\u00e7\u00f5es promocionais de marketing;<\/li><li>Desde registos de crach\u00e1s digitalizados de feiras e confer\u00eancias para informa\u00e7\u00e3o promocional de marketing;<\/li><li>Para responder a inqu\u00e9ritos e pedidos de processo; e<\/li><li>Identificar a localiza\u00e7\u00e3o dos utilizadores e fornecer acesso ao website no idioma relevante.<\/li><\/ul>\n\n\n\n<p>A base legal da empresa para o tratamento de Dados Pessoais inclui o processamento necess\u00e1rio para os interesses leg\u00edtimos da Empresa, incluindo os acima descritos para realizar contratos entre a Empresa e os utilizadores, bem como para fornecer o website num idioma que ser\u00e1 mais \u00fatil para os seus utilizadores; realizar esfor\u00e7os de promo\u00e7\u00e3o de marketing ou fornecer atualiza\u00e7\u00f5es t\u00e9cnicas e de servi\u00e7o solicitadas ao cliente; ou com base no consentimento dos utilizadores que podem ser retirados a qualquer momento, contactando-nos pelo endere\u00e7o abaixo indicado na sec\u00e7\u00e3o &#8220;Informa\u00e7\u00f5es de Contacto&#8221;, sem afetar a licitude do processamento com base no consentimento antes da sua retirada.<\/p>\n\n\n\n<p>Quando precisamos de recolher Dados Pessoais por lei, ou nos termos de um contrato que temos consigo e n\u00e3o forne\u00e7a esses dados quando solicitado, poderemos n\u00e3o conseguir realizar o contrato que temos ou estamos a tentar celebrar consigo (por exemplo, fornecer-lhe bens ou servi\u00e7os). Neste caso, podemos ter de cancelar um produto ou servi\u00e7o que tenha connosco, mas iremos notific\u00e1-lo se for esse o caso na altura. Se os utilizadores n\u00e3o nos fornecerem Dados Pessoais, poderemos n\u00e3o ser capazes de responder a perguntas e forneceremos o website em ingl\u00eas. Se um utilizador fornecer \u00e0 Empresa dados de terceiros (como um parente, etc.), \u00e9 da responsabilidade do utilizador garantir que a comunica\u00e7\u00e3o desses dados para, e posterior tratamento por, a Empresa \u00e9 legal.<\/p>\n\n\n\n<p>Se necess\u00e1rio, em rela\u00e7\u00e3o a estas finalidades, os fornecedores autorizados de terceiros e membros limitados do departamento de Recursos Humanos, o departamento de Finan\u00e7as, o departamento de TI e os gestores de empresas executivas seniores podem aceder e, de outro modo, processar dados pessoais em rela\u00e7\u00e3o \u00e0s suas responsabilidades de trabalho ou obriga\u00e7\u00f5es contratuais. Alguns destes funcion\u00e1rios e fornecedores de terceiros est\u00e3o localizados fora do EEE, incluindo em pa\u00edses que podem n\u00e3o fornecer o mesmo n\u00edvel de prote\u00e7\u00e3o de dados que o pa\u00eds de origem dos nossos utilizadores. A Empresa toma as medidas adequadas para garantir que esses funcion\u00e1rios e fornecedores de terceiros estejam vinculados aos deveres de confidencialidade e a Empresa implementa medidas como cl\u00e1usulas contratuais padr\u00e3o de prote\u00e7\u00e3o de dados para garantir que quaisquer Dados Pessoais transferidos, permanecem protegidos e seguros. Uma c\u00f3pia destas cl\u00e1usulas pode ser obtida contactando-nos atrav\u00e9s do endere\u00e7o abaixo indicado na sec\u00e7\u00e3o &#8220;Informa\u00e7\u00f5es de<strong>\n  <em>contacto&#8221;.<\/em>\n<\/strong><\/p>\n\n\n\n<h2 class=\"wp-block-heading\">Tomada de decis\u00e3o automatizada<\/h2>\n\n\n\n<p>Utilizamos tecnologias automatizadas de tomada de decis\u00e3o para apoiar as nossas atividades de processamento de dados. As nossas capacidades automatizadas de tomada de decis\u00e3o incluem l\u00f3gica que determina o idioma mais prov\u00e1vel de ser usado num dado local. Ao utilizar esta l\u00f3gica, ajuda-nos a fornecer o website no idioma que \u00e9 mais conveniente para os nossos utilizadores. Isto significa que acedemos a informa\u00e7\u00f5es sobre quais os utilizadores de l\u00ednguas mais propensos a falar.<\/p>\n\n\n\n<h2 class=\"wp-block-heading\">Publicidade, links e conte\u00fado de terceiros<\/h2>\n\n\n\n<p>Alguns dos Servi\u00e7os podem conter liga\u00e7\u00f5es com conte\u00fados mantidos por terceiros que n\u00e3o controlamos. Permitimos que terceiros, incluindo parceiros de neg\u00f3cios, redes de publicidade e outros fornecedores de servi\u00e7os publicit\u00e1rios, recolham informa\u00e7\u00f5es sobre as suas atividades online atrav\u00e9s de cookies, pixels, armazenamento local e outras tecnologias. Estes terceiros podem utilizar estas informa\u00e7\u00f5es para exibir an\u00fancios nos nossos Servi\u00e7os e em outros lugares online adaptados aos seus interesses, prefer\u00eancias e caracter\u00edsticas. N\u00e3o somos respons\u00e1veis pelas pr\u00e1ticas de privacidade destes terceiros, e as pr\u00e1ticas de informa\u00e7\u00e3o destes terceiros n\u00e3o s\u00e3o abrangidas por esta Pol\u00edtica de Privacidade. Algumas destas empresas s\u00e3o membros da Network Advertising Initiative, que oferece um \u00fanico local para n\u00e3o direcionar an\u00fancios de empresas associadas. Para saber mais, clique <a href=\"https:\/\/www.networkadvertising.org\">aqui<\/a> ou <a href=\"https:\/\/www.aboutads.info\">aqui.<\/a><\/p>\n\n\n\n<p><em>Sinais de n\u00e3o rastrear e mecanismos semelhantes<\/em>. Alguns navegadores da Web transmitem sinais de &#8220;n\u00e3o rastrear&#8221; para websites. Devido \u00e0s diferen\u00e7as na forma como os navegadores da Web incorporam e ativam esta funcionalidade, nem sempre \u00e9 claro se os utilizadores pretendem que estes sinais sejam transmitidos ou se est\u00e3o mesmo cientes dos mesmos. Atualmente, n\u00e3o tomamos medidas em resposta a estes sinais.<\/p>\n\n\n\n<h2 class=\"wp-block-heading\">Conserva\u00e7\u00e3o de dados pessoais<\/h2>\n\n\n\n<p>Os Dados Pessoais ser\u00e3o retidos apenas durante o tempo razoavelmente necess\u00e1rio para as finalidades acima descritas, de acordo com as leis aplic\u00e1veis.<\/p>\n\n\n\n<h2 class=\"wp-block-heading\">Seguran\u00e7a de dados e integridade dos dados<\/h2>\n\n\n\n<p>A Empresa mant\u00e9m medidas de seguran\u00e7a razo\u00e1veis para proteger os Dados Pessoais da perda, interfer\u00eancia, uso indevido, acesso n\u00e3o autorizado, divulga\u00e7\u00e3o, altera\u00e7\u00e3o ou destrui\u00e7\u00e3o. A Empresa tamb\u00e9m mant\u00e9m procedimentos razo\u00e1veis para ajudar a garantir que esses dados s\u00e3o fi\u00e1veis para a sua utiliza\u00e7\u00e3o pretendida e \u00e9 exato, completo e atual.<\/p>\n\n\n\n<h2 class=\"wp-block-heading\">Direitos<\/h2>\n\n\n\n<p>Os utilizadores t\u00eam o direito, de acordo com a legisla\u00e7\u00e3o aplic\u00e1vel, de se oporem ou solicitarem a restri\u00e7\u00e3o do tratamento dos seus Dados Pessoais, e de solicitarem o acesso, retifica\u00e7\u00e3o, apagamento e portabilidade dos seus pr\u00f3prios Dados Pessoais.Os pedidos devem ser submetidos por escrito ao endere\u00e7o abaixo indicado na sec\u00e7\u00e3o &#8220;Informa\u00e7\u00f5es de Contacto&#8221;.<\/p>\n\n\n\n<p>Se um utilizador tiver conhecimento de altera\u00e7\u00f5es ou imprecis\u00f5es nos seus Dados Pessoais, dever\u00e1 informar-nos dessas altera\u00e7\u00f5es para que os Dados Pessoais possam ser atualizados ou corrigidos.<\/p>\n\n\n\n<p>Os utilizadores podem apresentar uma reclama\u00e7\u00e3o junto de uma autoridade de supervis\u00e3o se considerarem que o tratamento dos seus Dados Pessoais por parte da Empresa infringe a lei aplic\u00e1vel.<\/p>\n\n\n\n<h3 class=\"wp-block-heading\">Divulga\u00e7\u00f5es exigidas ou permitidas por lei<\/h3>\n\n\n\n<p>Independentemente de quaisquer outras disposi\u00e7\u00f5es no presente Aviso, a Empresa pode divulgar ou processar dados pessoais no contexto de qualquer venda ou transa\u00e7\u00e3o que envolva a totalidade ou parte da empresa, ou como for exigido ou permitido por lei ou exigido para efeitos de qualquer auditoria regulamentar \u00e0 qual a Empresa possa estar sujeita de tempos a tempos.<\/p>\n\n\n\n<h3 class=\"wp-block-heading\">Atualizar esta pol\u00edtica de privacidade<\/h3>\n\n\n\n<p>Podemos atualizar esta Pol\u00edtica de Privacidade de vez em quando. Quando atualizarmos a Pol\u00edtica de Privacidade, revemos a data &#8220;Data Efetiva&#8221; acima e publicaremos a nova Pol\u00edtica de Privacidade. Recomendamos que reveja a Pol\u00edtica de Privacidade sempre que visita os Servi\u00e7os para se manter informado das nossas pr\u00e1ticas de privacidade.<\/p>\n\n\n\n<h2 class=\"wp-block-heading\">Informa\u00e7\u00f5es de contato<\/h2>\n\n\n\n<p>Os utilizadores podem levantar quaisquer quest\u00f5es relativas ao tratamento dos seus Dados Pessoais atrav\u00e9s do contacto:<\/p>\n\n\n\n<p class=\"has-text-align-center\"><strong>Departamento de Marketing<\/strong><\/p>\n\n\n\n<p class=\"has-text-align-center\">marketing@tvunetworks.com<\/p>\n","protected":false},"excerpt":{"rendered":"<p>Quem somos A TVU Networks Corporation, e as suas subsidi\u00e1rias e empresas afiliadas (colectivamente, a &#8220;Empresa&#8220;, &#8220;N\u00f3s&#8221;ou &#8220;N\u00f3s&#8221;&#8211; esfor\u00e7a-se por abordar adequadamente os requisitos de prote\u00e7\u00e3o de dados aplic\u00e1veis. \u00c2mbito Este Aviso de Privacidade (&#8220;Aviso&#8221;) fornece aos indiv\u00edduos que utilizam os nossos servi\u00e7os, incluindo, mas n\u00e3o se limitando a, o nosso website, com determinadas informa\u00e7\u00f5es [&hellip;]<\/p>\n","protected":false},"author":5,"featured_media":0,"parent":0,"menu_order":0,"comment_status":"closed","ping_status":"closed","template":"","meta":{"_acf_changed":false,"content-type":"","footnotes":""},"class_list":["post-39206","page","type-page","status-publish","hentry"],"acf":[],"yoast_head":"<!-- This site is optimized with the Yoast SEO plugin v25.0 - https:\/\/yoast.com\/wordpress\/plugins\/seo\/ -->\n<title>ISO Compliance - TVU Networks<\/title>\n<meta name=\"description\" content=\"Quem somos A TVU Networks Corporation, e as suas subsidi\u00e1rias e empresas afiliadas (colectivamente, a &quot;Empresa&quot;, &quot;N\u00f3s&quot;ou &quot;N\u00f3s&quot;- esfor\u00e7a-se por abordar\" \/>\n<meta name=\"robots\" content=\"index, follow, max-snippet:-1, max-image-preview:large, max-video-preview:-1\" \/>\n<link rel=\"canonical\" href=\"https:\/\/www.tvunetworks.com\/pt-pt\/iso-certification\/\" \/>\n<meta property=\"og:locale\" content=\"pt_PT\" \/>\n<meta property=\"og:type\" content=\"article\" \/>\n<meta property=\"og:title\" content=\"ISO Compliance - TVU Networks\" \/>\n<meta property=\"og:description\" content=\"Quem somos A TVU Networks Corporation, e as suas subsidi\u00e1rias e empresas afiliadas (colectivamente, a &quot;Empresa&quot;, &quot;N\u00f3s&quot;ou &quot;N\u00f3s&quot;- esfor\u00e7a-se por abordar\" \/>\n<meta property=\"og:url\" content=\"https:\/\/www.tvunetworks.com\/pt-pt\/wp-json\/wp\/v2\/pages\/39206\" \/>\n<meta property=\"og:site_name\" content=\"TVU Networks\" \/>\n<meta property=\"article:modified_time\" content=\"2022-11-25T15:22:38+00:00\" \/>\n<meta property=\"og:image\" content=\"https:\/\/www.tvunetworks.com\/wp-content\/uploads\/2022\/10\/web-banner-mobile-best-of-show-ibc-8.png\" \/>\n\t<meta property=\"og:image:width\" content=\"1324\" \/>\n\t<meta property=\"og:image:height\" content=\"2024\" \/>\n\t<meta property=\"og:image:type\" content=\"image\/png\" \/>\n<meta name=\"twitter:card\" content=\"summary_large_image\" \/>\n<meta name=\"twitter:label1\" content=\"Tempo estimado de leitura\" \/>\n\t<meta name=\"twitter:data1\" content=\"6 minutos\" \/>\n<script type=\"application\/ld+json\" class=\"yoast-schema-graph\">{\"@context\":\"https:\/\/schema.org\",\"@graph\":[{\"@type\":\"WebPage\",\"@id\":\"https:\/\/www.tvunetworks.com\/pt-pt\/iso-certification\/\",\"url\":\"https:\/\/www.tvunetworks.com\/pt-pt\/iso-certification\/\",\"name\":\"ISO Compliance - TVU Networks\",\"isPartOf\":{\"@id\":\"https:\/\/www.tvunetworks.com\/pt-pt\/#website\"},\"datePublished\":\"2021-04-07T11:55:27+00:00\",\"dateModified\":\"2022-11-25T15:22:38+00:00\",\"description\":\"Quem somos A TVU Networks Corporation, e as suas subsidi\u00e1rias e empresas afiliadas (colectivamente, a \\\"Empresa\\\", \\\"N\u00f3s\\\"ou \\\"N\u00f3s\\\"- esfor\u00e7a-se por abordar\",\"breadcrumb\":{\"@id\":\"https:\/\/www.tvunetworks.com\/pt-pt\/iso-certification\/#breadcrumb\"},\"inLanguage\":\"pt-PT\",\"potentialAction\":[{\"@type\":\"ReadAction\",\"target\":[\"https:\/\/www.tvunetworks.com\/pt-pt\/iso-certification\/\"]}]},{\"@type\":\"BreadcrumbList\",\"@id\":\"https:\/\/www.tvunetworks.com\/pt-pt\/iso-certification\/#breadcrumb\",\"itemListElement\":[{\"@type\":\"ListItem\",\"position\":1,\"name\":\"Home\",\"item\":\"https:\/\/editwww.tvunetworks.com\/pt-pt\/\"},{\"@type\":\"ListItem\",\"position\":2,\"name\":\"ISO Compliance\"}]},{\"@type\":\"WebSite\",\"@id\":\"https:\/\/www.tvunetworks.com\/pt-pt\/#website\",\"url\":\"https:\/\/www.tvunetworks.com\/pt-pt\/\",\"name\":\"TVU Networks\",\"description\":\"The lowest prices for your full LLC publishing compliance!\",\"publisher\":{\"@id\":\"https:\/\/www.tvunetworks.com\/pt-pt\/#organization\"},\"potentialAction\":[{\"@type\":\"SearchAction\",\"target\":{\"@type\":\"EntryPoint\",\"urlTemplate\":\"https:\/\/www.tvunetworks.com\/pt-pt\/?s={search_term_string}\"},\"query-input\":{\"@type\":\"PropertyValueSpecification\",\"valueRequired\":true,\"valueName\":\"search_term_string\"}}],\"inLanguage\":\"pt-PT\"},{\"@type\":\"Organization\",\"@id\":\"https:\/\/www.tvunetworks.com\/pt-pt\/#organization\",\"name\":\"TVU Networks\",\"url\":\"https:\/\/www.tvunetworks.com\/pt-pt\/\",\"logo\":{\"@type\":\"ImageObject\",\"inLanguage\":\"pt-PT\",\"@id\":\"https:\/\/www.tvunetworks.com\/pt-pt\/#\/schema\/logo\/image\/\",\"url\":\"https:\/\/www.tvunetworks.com\/wp-content\/uploads\/2019\/07\/logo.svg\",\"contentUrl\":\"https:\/\/www.tvunetworks.com\/wp-content\/uploads\/2019\/07\/logo.svg\",\"caption\":\"TVU Networks\"},\"image\":{\"@id\":\"https:\/\/www.tvunetworks.com\/pt-pt\/#\/schema\/logo\/image\/\"}}]}<\/script>\n<!-- \/ Yoast SEO plugin. -->","yoast_head_json":{"title":"ISO Compliance - TVU Networks","description":"Quem somos A TVU Networks Corporation, e as suas subsidi\u00e1rias e empresas afiliadas (colectivamente, a \"Empresa\", \"N\u00f3s\"ou \"N\u00f3s\"- esfor\u00e7a-se por abordar","robots":{"index":"index","follow":"follow","max-snippet":"max-snippet:-1","max-image-preview":"max-image-preview:large","max-video-preview":"max-video-preview:-1"},"canonical":"https:\/\/www.tvunetworks.com\/pt-pt\/iso-certification\/","og_locale":"pt_PT","og_type":"article","og_title":"ISO Compliance - TVU Networks","og_description":"Quem somos A TVU Networks Corporation, e as suas subsidi\u00e1rias e empresas afiliadas (colectivamente, a \"Empresa\", \"N\u00f3s\"ou \"N\u00f3s\"- esfor\u00e7a-se por abordar","og_url":"https:\/\/www.tvunetworks.com\/pt-pt\/wp-json\/wp\/v2\/pages\/39206","og_site_name":"TVU Networks","article_modified_time":"2022-11-25T15:22:38+00:00","og_image":[{"width":1324,"height":2024,"url":"https:\/\/www.tvunetworks.com\/wp-content\/uploads\/2022\/10\/web-banner-mobile-best-of-show-ibc-8.png","type":"image\/png"}],"twitter_card":"summary_large_image","twitter_misc":{"Tempo estimado de leitura":"6 minutos"},"schema":{"@context":"https:\/\/schema.org","@graph":[{"@type":"WebPage","@id":"https:\/\/www.tvunetworks.com\/pt-pt\/iso-certification\/","url":"https:\/\/www.tvunetworks.com\/pt-pt\/iso-certification\/","name":"ISO Compliance - TVU Networks","isPartOf":{"@id":"https:\/\/www.tvunetworks.com\/pt-pt\/#website"},"datePublished":"2021-04-07T11:55:27+00:00","dateModified":"2022-11-25T15:22:38+00:00","description":"Quem somos A TVU Networks Corporation, e as suas subsidi\u00e1rias e empresas afiliadas (colectivamente, a \"Empresa\", \"N\u00f3s\"ou \"N\u00f3s\"- esfor\u00e7a-se por abordar","breadcrumb":{"@id":"https:\/\/www.tvunetworks.com\/pt-pt\/iso-certification\/#breadcrumb"},"inLanguage":"pt-PT","potentialAction":[{"@type":"ReadAction","target":["https:\/\/www.tvunetworks.com\/pt-pt\/iso-certification\/"]}]},{"@type":"BreadcrumbList","@id":"https:\/\/www.tvunetworks.com\/pt-pt\/iso-certification\/#breadcrumb","itemListElement":[{"@type":"ListItem","position":1,"name":"Home","item":"https:\/\/editwww.tvunetworks.com\/pt-pt\/"},{"@type":"ListItem","position":2,"name":"ISO Compliance"}]},{"@type":"WebSite","@id":"https:\/\/www.tvunetworks.com\/pt-pt\/#website","url":"https:\/\/www.tvunetworks.com\/pt-pt\/","name":"TVU Networks","description":"The lowest prices for your full LLC publishing compliance!","publisher":{"@id":"https:\/\/www.tvunetworks.com\/pt-pt\/#organization"},"potentialAction":[{"@type":"SearchAction","target":{"@type":"EntryPoint","urlTemplate":"https:\/\/www.tvunetworks.com\/pt-pt\/?s={search_term_string}"},"query-input":{"@type":"PropertyValueSpecification","valueRequired":true,"valueName":"search_term_string"}}],"inLanguage":"pt-PT"},{"@type":"Organization","@id":"https:\/\/www.tvunetworks.com\/pt-pt\/#organization","name":"TVU Networks","url":"https:\/\/www.tvunetworks.com\/pt-pt\/","logo":{"@type":"ImageObject","inLanguage":"pt-PT","@id":"https:\/\/www.tvunetworks.com\/pt-pt\/#\/schema\/logo\/image\/","url":"https:\/\/www.tvunetworks.com\/wp-content\/uploads\/2019\/07\/logo.svg","contentUrl":"https:\/\/www.tvunetworks.com\/wp-content\/uploads\/2019\/07\/logo.svg","caption":"TVU Networks"},"image":{"@id":"https:\/\/www.tvunetworks.com\/pt-pt\/#\/schema\/logo\/image\/"}}]}},"_links":{"self":[{"href":"https:\/\/www.tvunetworks.com\/pt-pt\/wp-json\/wp\/v2\/pages\/39206","targetHints":{"allow":["GET"]}}],"collection":[{"href":"https:\/\/www.tvunetworks.com\/pt-pt\/wp-json\/wp\/v2\/pages"}],"about":[{"href":"https:\/\/www.tvunetworks.com\/pt-pt\/wp-json\/wp\/v2\/types\/page"}],"author":[{"embeddable":true,"href":"https:\/\/www.tvunetworks.com\/pt-pt\/wp-json\/wp\/v2\/users\/5"}],"replies":[{"embeddable":true,"href":"https:\/\/www.tvunetworks.com\/pt-pt\/wp-json\/wp\/v2\/comments?post=39206"}],"version-history":[{"count":4,"href":"https:\/\/www.tvunetworks.com\/pt-pt\/wp-json\/wp\/v2\/pages\/39206\/revisions"}],"predecessor-version":[{"id":81850,"href":"https:\/\/www.tvunetworks.com\/pt-pt\/wp-json\/wp\/v2\/pages\/39206\/revisions\/81850"}],"wp:attachment":[{"href":"https:\/\/www.tvunetworks.com\/pt-pt\/wp-json\/wp\/v2\/media?parent=39206"}],"curies":[{"name":"wp","href":"https:\/\/api.w.org\/{rel}","templated":true}]}}