{"id":157977,"date":"2025-07-17T15:59:03","date_gmt":"2025-07-17T15:59:03","guid":{"rendered":"https:\/\/editwww.tvunetworks.com\/?page_id=157977"},"modified":"2025-07-17T15:59:04","modified_gmt":"2025-07-17T15:59:04","slug":"mochila-tvu-one-irl-feita-para-streamers-de-verdade","status":"publish","type":"page","link":"https:\/\/www.tvunetworks.com\/pt-pt\/mochila-tvu-one-irl-feita-para-streamers-de-verdade\/","title":{"rendered":"Mochila TVU One IRL \u2013 Feita para streamers de verdade."},"content":{"rendered":"","protected":false},"excerpt":{"rendered":"","protected":false},"author":5,"featured_media":125387,"parent":0,"menu_order":0,"comment_status":"closed","ping_status":"closed","template":"pages\/template-product-page.php","meta":{"_acf_changed":false,"content-type":"","footnotes":""},"class_list":["post-157977","page","type-page","status-publish","has-post-thumbnail","hentry"],"acf":[],"yoast_head":"<!-- This site is optimized with the Yoast SEO plugin v25.0 - https:\/\/yoast.com\/wordpress\/plugins\/seo\/ -->\n<title>Mochila TVU One IRL \u2013 Feita para streamers de verdade. - TVU Networks<\/title>\n<meta name=\"description\" content=\"A escolha n\u00ba 1 dos streamers IRL. Conex\u00e3o s\u00f3lida, sem travamentos e transmiss\u00e3o cont\u00ednua em qualquer lugar.\" \/>\n<meta name=\"robots\" content=\"index, follow, max-snippet:-1, max-image-preview:large, max-video-preview:-1\" \/>\n<link rel=\"canonical\" href=\"https:\/\/www.tvunetworks.com\/pt-pt\/mochila-tvu-one-irl-feita-para-streamers-de-verdade\/\" \/>\n<meta property=\"og:locale\" content=\"pt_PT\" \/>\n<meta property=\"og:type\" content=\"article\" \/>\n<meta property=\"og:title\" content=\"Mochila TVU One IRL \u2013 Feita para streamers de verdade. - TVU Networks\" \/>\n<meta property=\"og:description\" content=\"A escolha n\u00ba 1 dos streamers IRL. Conex\u00e3o s\u00f3lida, sem travamentos e transmiss\u00e3o cont\u00ednua em qualquer lugar.\" \/>\n<meta property=\"og:url\" content=\"https:\/\/www.tvunetworks.com\/pt-pt\/wp-json\/wp\/v2\/pages\/157977\" \/>\n<meta property=\"og:site_name\" content=\"TVU Networks\" \/>\n<meta property=\"article:modified_time\" content=\"2025-07-17T15:59:04+00:00\" \/>\n<meta property=\"og:image\" content=\"https:\/\/www.tvunetworks.com\/wp-content\/uploads\/2023\/09\/One-Live-Video-Transmitter-5G-4K-Compact-Remote-Production-TVU-Networks-3.png\" \/>\n\t<meta property=\"og:image:width\" content=\"800\" \/>\n\t<meta property=\"og:image:height\" content=\"442\" \/>\n\t<meta property=\"og:image:type\" content=\"image\/png\" \/>\n<meta name=\"twitter:card\" content=\"summary_large_image\" \/>\n<meta name=\"twitter:label1\" content=\"Tempo estimado de leitura\" \/>\n\t<meta name=\"twitter:data1\" content=\"1 minuto\" \/>\n<script type=\"application\/ld+json\" class=\"yoast-schema-graph\">{\"@context\":\"https:\/\/schema.org\",\"@graph\":[{\"@type\":\"WebPage\",\"@id\":\"https:\/\/www.tvunetworks.com\/pt-pt\/mochila-tvu-one-irl-feita-para-streamers-de-verdade\/\",\"url\":\"https:\/\/www.tvunetworks.com\/pt-pt\/mochila-tvu-one-irl-feita-para-streamers-de-verdade\/\",\"name\":\"Mochila TVU One IRL \u2013 Feita para streamers de verdade. - TVU Networks\",\"isPartOf\":{\"@id\":\"https:\/\/www.tvunetworks.com\/pt-pt\/#website\"},\"primaryImageOfPage\":{\"@id\":\"https:\/\/www.tvunetworks.com\/pt-pt\/mochila-tvu-one-irl-feita-para-streamers-de-verdade\/#primaryimage\"},\"image\":{\"@id\":\"https:\/\/www.tvunetworks.com\/pt-pt\/mochila-tvu-one-irl-feita-para-streamers-de-verdade\/#primaryimage\"},\"thumbnailUrl\":\"https:\/\/www.tvunetworks.com\/wp-content\/uploads\/2023\/09\/One-Live-Video-Transmitter-5G-4K-Compact-Remote-Production-TVU-Networks-3.png\",\"datePublished\":\"2025-07-17T15:59:03+00:00\",\"dateModified\":\"2025-07-17T15:59:04+00:00\",\"description\":\"A escolha n\u00ba 1 dos streamers IRL. Conex\u00e3o s\u00f3lida, sem travamentos e transmiss\u00e3o cont\u00ednua em qualquer lugar.\",\"breadcrumb\":{\"@id\":\"https:\/\/www.tvunetworks.com\/pt-pt\/mochila-tvu-one-irl-feita-para-streamers-de-verdade\/#breadcrumb\"},\"inLanguage\":\"pt-PT\",\"potentialAction\":[{\"@type\":\"ReadAction\",\"target\":[\"https:\/\/www.tvunetworks.com\/pt-pt\/mochila-tvu-one-irl-feita-para-streamers-de-verdade\/\"]}]},{\"@type\":\"ImageObject\",\"inLanguage\":\"pt-PT\",\"@id\":\"https:\/\/www.tvunetworks.com\/pt-pt\/mochila-tvu-one-irl-feita-para-streamers-de-verdade\/#primaryimage\",\"url\":\"https:\/\/www.tvunetworks.com\/wp-content\/uploads\/2023\/09\/One-Live-Video-Transmitter-5G-4K-Compact-Remote-Production-TVU-Networks-3.png\",\"contentUrl\":\"https:\/\/www.tvunetworks.com\/wp-content\/uploads\/2023\/09\/One-Live-Video-Transmitter-5G-4K-Compact-Remote-Production-TVU-Networks-3.png\",\"width\":800,\"height\":442,\"caption\":\"One Live Video Transmitter 5G 4K Compact Remote Production - TVU Networks\"},{\"@type\":\"BreadcrumbList\",\"@id\":\"https:\/\/www.tvunetworks.com\/pt-pt\/mochila-tvu-one-irl-feita-para-streamers-de-verdade\/#breadcrumb\",\"itemListElement\":[{\"@type\":\"ListItem\",\"position\":1,\"name\":\"Home\",\"item\":\"https:\/\/editwww.tvunetworks.com\/pt-pt\/\"},{\"@type\":\"ListItem\",\"position\":2,\"name\":\"Mochila TVU One IRL \u2013 Feita para streamers de verdade.\"}]},{\"@type\":\"WebSite\",\"@id\":\"https:\/\/www.tvunetworks.com\/pt-pt\/#website\",\"url\":\"https:\/\/www.tvunetworks.com\/pt-pt\/\",\"name\":\"TVU Networks\",\"description\":\"The lowest prices for your full LLC publishing compliance!\",\"publisher\":{\"@id\":\"https:\/\/www.tvunetworks.com\/pt-pt\/#organization\"},\"potentialAction\":[{\"@type\":\"SearchAction\",\"target\":{\"@type\":\"EntryPoint\",\"urlTemplate\":\"https:\/\/www.tvunetworks.com\/pt-pt\/?s={search_term_string}\"},\"query-input\":{\"@type\":\"PropertyValueSpecification\",\"valueRequired\":true,\"valueName\":\"search_term_string\"}}],\"inLanguage\":\"pt-PT\"},{\"@type\":\"Organization\",\"@id\":\"https:\/\/www.tvunetworks.com\/pt-pt\/#organization\",\"name\":\"TVU Networks\",\"url\":\"https:\/\/www.tvunetworks.com\/pt-pt\/\",\"logo\":{\"@type\":\"ImageObject\",\"inLanguage\":\"pt-PT\",\"@id\":\"https:\/\/www.tvunetworks.com\/pt-pt\/#\/schema\/logo\/image\/\",\"url\":\"https:\/\/www.tvunetworks.com\/wp-content\/uploads\/2019\/07\/logo.svg\",\"contentUrl\":\"https:\/\/www.tvunetworks.com\/wp-content\/uploads\/2019\/07\/logo.svg\",\"caption\":\"TVU Networks\"},\"image\":{\"@id\":\"https:\/\/www.tvunetworks.com\/pt-pt\/#\/schema\/logo\/image\/\"}}]}<\/script>\n<!-- \/ Yoast SEO plugin. -->","yoast_head_json":{"title":"Mochila TVU One IRL \u2013 Feita para streamers de verdade. - TVU Networks","description":"A escolha n\u00ba 1 dos streamers IRL. Conex\u00e3o s\u00f3lida, sem travamentos e transmiss\u00e3o cont\u00ednua em qualquer lugar.","robots":{"index":"index","follow":"follow","max-snippet":"max-snippet:-1","max-image-preview":"max-image-preview:large","max-video-preview":"max-video-preview:-1"},"canonical":"https:\/\/www.tvunetworks.com\/pt-pt\/mochila-tvu-one-irl-feita-para-streamers-de-verdade\/","og_locale":"pt_PT","og_type":"article","og_title":"Mochila TVU One IRL \u2013 Feita para streamers de verdade. - TVU Networks","og_description":"A escolha n\u00ba 1 dos streamers IRL. Conex\u00e3o s\u00f3lida, sem travamentos e transmiss\u00e3o cont\u00ednua em qualquer lugar.","og_url":"https:\/\/www.tvunetworks.com\/pt-pt\/wp-json\/wp\/v2\/pages\/157977","og_site_name":"TVU Networks","article_modified_time":"2025-07-17T15:59:04+00:00","og_image":[{"width":800,"height":442,"url":"https:\/\/www.tvunetworks.com\/wp-content\/uploads\/2023\/09\/One-Live-Video-Transmitter-5G-4K-Compact-Remote-Production-TVU-Networks-3.png","type":"image\/png"}],"twitter_card":"summary_large_image","twitter_misc":{"Tempo estimado de leitura":"1 minuto"},"schema":{"@context":"https:\/\/schema.org","@graph":[{"@type":"WebPage","@id":"https:\/\/www.tvunetworks.com\/pt-pt\/mochila-tvu-one-irl-feita-para-streamers-de-verdade\/","url":"https:\/\/www.tvunetworks.com\/pt-pt\/mochila-tvu-one-irl-feita-para-streamers-de-verdade\/","name":"Mochila TVU One IRL \u2013 Feita para streamers de verdade. - TVU Networks","isPartOf":{"@id":"https:\/\/www.tvunetworks.com\/pt-pt\/#website"},"primaryImageOfPage":{"@id":"https:\/\/www.tvunetworks.com\/pt-pt\/mochila-tvu-one-irl-feita-para-streamers-de-verdade\/#primaryimage"},"image":{"@id":"https:\/\/www.tvunetworks.com\/pt-pt\/mochila-tvu-one-irl-feita-para-streamers-de-verdade\/#primaryimage"},"thumbnailUrl":"https:\/\/www.tvunetworks.com\/wp-content\/uploads\/2023\/09\/One-Live-Video-Transmitter-5G-4K-Compact-Remote-Production-TVU-Networks-3.png","datePublished":"2025-07-17T15:59:03+00:00","dateModified":"2025-07-17T15:59:04+00:00","description":"A escolha n\u00ba 1 dos streamers IRL. Conex\u00e3o s\u00f3lida, sem travamentos e transmiss\u00e3o cont\u00ednua em qualquer lugar.","breadcrumb":{"@id":"https:\/\/www.tvunetworks.com\/pt-pt\/mochila-tvu-one-irl-feita-para-streamers-de-verdade\/#breadcrumb"},"inLanguage":"pt-PT","potentialAction":[{"@type":"ReadAction","target":["https:\/\/www.tvunetworks.com\/pt-pt\/mochila-tvu-one-irl-feita-para-streamers-de-verdade\/"]}]},{"@type":"ImageObject","inLanguage":"pt-PT","@id":"https:\/\/www.tvunetworks.com\/pt-pt\/mochila-tvu-one-irl-feita-para-streamers-de-verdade\/#primaryimage","url":"https:\/\/www.tvunetworks.com\/wp-content\/uploads\/2023\/09\/One-Live-Video-Transmitter-5G-4K-Compact-Remote-Production-TVU-Networks-3.png","contentUrl":"https:\/\/www.tvunetworks.com\/wp-content\/uploads\/2023\/09\/One-Live-Video-Transmitter-5G-4K-Compact-Remote-Production-TVU-Networks-3.png","width":800,"height":442,"caption":"One Live Video Transmitter 5G 4K Compact Remote Production - TVU Networks"},{"@type":"BreadcrumbList","@id":"https:\/\/www.tvunetworks.com\/pt-pt\/mochila-tvu-one-irl-feita-para-streamers-de-verdade\/#breadcrumb","itemListElement":[{"@type":"ListItem","position":1,"name":"Home","item":"https:\/\/editwww.tvunetworks.com\/pt-pt\/"},{"@type":"ListItem","position":2,"name":"Mochila TVU One IRL \u2013 Feita para streamers de verdade."}]},{"@type":"WebSite","@id":"https:\/\/www.tvunetworks.com\/pt-pt\/#website","url":"https:\/\/www.tvunetworks.com\/pt-pt\/","name":"TVU Networks","description":"The lowest prices for your full LLC publishing compliance!","publisher":{"@id":"https:\/\/www.tvunetworks.com\/pt-pt\/#organization"},"potentialAction":[{"@type":"SearchAction","target":{"@type":"EntryPoint","urlTemplate":"https:\/\/www.tvunetworks.com\/pt-pt\/?s={search_term_string}"},"query-input":{"@type":"PropertyValueSpecification","valueRequired":true,"valueName":"search_term_string"}}],"inLanguage":"pt-PT"},{"@type":"Organization","@id":"https:\/\/www.tvunetworks.com\/pt-pt\/#organization","name":"TVU Networks","url":"https:\/\/www.tvunetworks.com\/pt-pt\/","logo":{"@type":"ImageObject","inLanguage":"pt-PT","@id":"https:\/\/www.tvunetworks.com\/pt-pt\/#\/schema\/logo\/image\/","url":"https:\/\/www.tvunetworks.com\/wp-content\/uploads\/2019\/07\/logo.svg","contentUrl":"https:\/\/www.tvunetworks.com\/wp-content\/uploads\/2019\/07\/logo.svg","caption":"TVU Networks"},"image":{"@id":"https:\/\/www.tvunetworks.com\/pt-pt\/#\/schema\/logo\/image\/"}}]}},"_links":{"self":[{"href":"https:\/\/www.tvunetworks.com\/pt-pt\/wp-json\/wp\/v2\/pages\/157977","targetHints":{"allow":["GET"]}}],"collection":[{"href":"https:\/\/www.tvunetworks.com\/pt-pt\/wp-json\/wp\/v2\/pages"}],"about":[{"href":"https:\/\/www.tvunetworks.com\/pt-pt\/wp-json\/wp\/v2\/types\/page"}],"author":[{"embeddable":true,"href":"https:\/\/www.tvunetworks.com\/pt-pt\/wp-json\/wp\/v2\/users\/5"}],"replies":[{"embeddable":true,"href":"https:\/\/www.tvunetworks.com\/pt-pt\/wp-json\/wp\/v2\/comments?post=157977"}],"version-history":[{"count":1,"href":"https:\/\/www.tvunetworks.com\/pt-pt\/wp-json\/wp\/v2\/pages\/157977\/revisions"}],"predecessor-version":[{"id":157978,"href":"https:\/\/www.tvunetworks.com\/pt-pt\/wp-json\/wp\/v2\/pages\/157977\/revisions\/157978"}],"wp:featuredmedia":[{"embeddable":true,"href":"https:\/\/www.tvunetworks.com\/pt-pt\/wp-json\/wp\/v2\/media\/125387"}],"wp:attachment":[{"href":"https:\/\/www.tvunetworks.com\/pt-pt\/wp-json\/wp\/v2\/media?parent=157977"}],"curies":[{"name":"wp","href":"https:\/\/api.w.org\/{rel}","templated":true}]}}