{"id":132510,"date":"2023-12-11T12:17:48","date_gmt":"2023-12-11T12:17:48","guid":{"rendered":"https:\/\/editwww.tvunetworks.com\/?page_id=132510"},"modified":"2024-05-06T12:14:28","modified_gmt":"2024-05-06T12:14:28","slug":"nova-pagina-inicial","status":"publish","type":"page","link":"https:\/\/www.tvunetworks.com\/pt-pt\/","title":{"rendered":"Nova p\u00e1gina inicial"},"content":{"rendered":"","protected":false},"excerpt":{"rendered":"","protected":false},"author":20,"featured_media":131492,"parent":0,"menu_order":0,"comment_status":"closed","ping_status":"closed","template":"pages\/template-new-home-v2.php","meta":{"_acf_changed":false,"content-type":"","footnotes":""},"class_list":["post-132510","page","type-page","status-publish","has-post-thumbnail","hentry"],"acf":[],"yoast_head":"<!-- This site is optimized with the Yoast SEO plugin v25.0 - https:\/\/yoast.com\/wordpress\/plugins\/seo\/ -->\n<title>TVU Networks | Transforme sua produ\u00e7\u00e3o de conte\u00fado ao vivo em um fluxo de trabalho digital<\/title>\n<meta name=\"description\" content=\"Transmiss\u00e3o de v\u00eddeo ao vivo em nuvem e h\u00edbrida, produ\u00e7\u00e3o, roteamento e playout por IP, 5G e IA para esportes e not\u00edcias.\" \/>\n<meta name=\"robots\" content=\"index, follow, max-snippet:-1, max-image-preview:large, max-video-preview:-1\" \/>\n<link rel=\"canonical\" href=\"https:\/\/www.tvunetworks.com\/pt-pt\/\" \/>\n<meta property=\"og:locale\" content=\"pt_PT\" \/>\n<meta property=\"og:type\" content=\"article\" \/>\n<meta property=\"og:title\" content=\"TVU Networks | Transforme sua produ\u00e7\u00e3o de conte\u00fado ao vivo em um fluxo de trabalho digital\" \/>\n<meta property=\"og:description\" content=\"Transmiss\u00e3o de v\u00eddeo ao vivo em nuvem e h\u00edbrida, produ\u00e7\u00e3o, roteamento e playout por IP, 5G e IA para esportes e not\u00edcias.\" \/>\n<meta property=\"og:url\" content=\"https:\/\/www.tvunetworks.com\/pt-pt\/wp-json\/wp\/v2\/pages\/132510\" \/>\n<meta property=\"og:site_name\" content=\"TVU Networks\" \/>\n<meta property=\"article:modified_time\" content=\"2024-05-06T12:14:28+00:00\" \/>\n<meta property=\"og:image\" content=\"https:\/\/www.tvunetworks.com\/wp-content\/uploads\/2023\/11\/video-format.webp\" \/>\n\t<meta property=\"og:image:width\" content=\"722\" \/>\n\t<meta property=\"og:image:height\" content=\"809\" \/>\n\t<meta property=\"og:image:type\" content=\"image\/webp\" \/>\n<meta name=\"twitter:card\" content=\"summary_large_image\" \/>\n<meta name=\"twitter:label1\" content=\"Tempo estimado de leitura\" \/>\n\t<meta name=\"twitter:data1\" content=\"1 minuto\" \/>\n<script type=\"application\/ld+json\" class=\"yoast-schema-graph\">{\"@context\":\"https:\/\/schema.org\",\"@graph\":[{\"@type\":\"WebPage\",\"@id\":\"https:\/\/www.tvunetworks.com\/pt-pt\/\",\"url\":\"https:\/\/www.tvunetworks.com\/pt-pt\/\",\"name\":\"TVU Networks | Transforme sua produ\u00e7\u00e3o de conte\u00fado ao vivo em um fluxo de trabalho digital\",\"isPartOf\":{\"@id\":\"https:\/\/www.tvunetworks.com\/pt-pt\/#website\"},\"primaryImageOfPage\":{\"@id\":\"https:\/\/www.tvunetworks.com\/pt-pt\/#primaryimage\"},\"image\":{\"@id\":\"https:\/\/www.tvunetworks.com\/pt-pt\/#primaryimage\"},\"thumbnailUrl\":\"https:\/\/www.tvunetworks.com\/wp-content\/uploads\/2023\/11\/video-format.webp\",\"datePublished\":\"2023-12-11T12:17:48+00:00\",\"dateModified\":\"2024-05-06T12:14:28+00:00\",\"description\":\"Transmiss\u00e3o de v\u00eddeo ao vivo em nuvem e h\u00edbrida, produ\u00e7\u00e3o, roteamento e playout por IP, 5G e IA para esportes e not\u00edcias.\",\"breadcrumb\":{\"@id\":\"https:\/\/www.tvunetworks.com\/pt-pt\/#breadcrumb\"},\"inLanguage\":\"pt-PT\",\"potentialAction\":[{\"@type\":\"ReadAction\",\"target\":[\"https:\/\/www.tvunetworks.com\/pt-pt\/\"]}]},{\"@type\":\"ImageObject\",\"inLanguage\":\"pt-PT\",\"@id\":\"https:\/\/www.tvunetworks.com\/pt-pt\/#primaryimage\",\"url\":\"https:\/\/www.tvunetworks.com\/wp-content\/uploads\/2023\/11\/video-format.webp\",\"contentUrl\":\"https:\/\/www.tvunetworks.com\/wp-content\/uploads\/2023\/11\/video-format.webp\",\"width\":722,\"height\":809,\"caption\":\"TVU Networks offers a comprehensive media supply chain capable of inputing and outputting any video format\"},{\"@type\":\"BreadcrumbList\",\"@id\":\"https:\/\/www.tvunetworks.com\/pt-pt\/#breadcrumb\",\"itemListElement\":[{\"@type\":\"ListItem\",\"position\":1,\"name\":\"Home\",\"item\":\"https:\/\/editwww.tvunetworks.com\/pt-pt\/\"},{\"@type\":\"ListItem\",\"position\":2,\"name\":\"Nova p\u00e1gina inicial\"}]},{\"@type\":\"WebSite\",\"@id\":\"https:\/\/www.tvunetworks.com\/pt-pt\/#website\",\"url\":\"https:\/\/www.tvunetworks.com\/pt-pt\/\",\"name\":\"TVU Networks\",\"description\":\"The lowest prices for your full LLC publishing compliance!\",\"publisher\":{\"@id\":\"https:\/\/www.tvunetworks.com\/pt-pt\/#organization\"},\"potentialAction\":[{\"@type\":\"SearchAction\",\"target\":{\"@type\":\"EntryPoint\",\"urlTemplate\":\"https:\/\/www.tvunetworks.com\/pt-pt\/?s={search_term_string}\"},\"query-input\":{\"@type\":\"PropertyValueSpecification\",\"valueRequired\":true,\"valueName\":\"search_term_string\"}}],\"inLanguage\":\"pt-PT\"},{\"@type\":\"Organization\",\"@id\":\"https:\/\/www.tvunetworks.com\/pt-pt\/#organization\",\"name\":\"TVU Networks\",\"url\":\"https:\/\/www.tvunetworks.com\/pt-pt\/\",\"logo\":{\"@type\":\"ImageObject\",\"inLanguage\":\"pt-PT\",\"@id\":\"https:\/\/www.tvunetworks.com\/pt-pt\/#\/schema\/logo\/image\/\",\"url\":\"https:\/\/www.tvunetworks.com\/wp-content\/uploads\/2019\/07\/logo.svg\",\"contentUrl\":\"https:\/\/www.tvunetworks.com\/wp-content\/uploads\/2019\/07\/logo.svg\",\"caption\":\"TVU Networks\"},\"image\":{\"@id\":\"https:\/\/www.tvunetworks.com\/pt-pt\/#\/schema\/logo\/image\/\"}}]}<\/script>\n<!-- \/ Yoast SEO plugin. -->","yoast_head_json":{"title":"TVU Networks | Transforme sua produ\u00e7\u00e3o de conte\u00fado ao vivo em um fluxo de trabalho digital","description":"Transmiss\u00e3o de v\u00eddeo ao vivo em nuvem e h\u00edbrida, produ\u00e7\u00e3o, roteamento e playout por IP, 5G e IA para esportes e not\u00edcias.","robots":{"index":"index","follow":"follow","max-snippet":"max-snippet:-1","max-image-preview":"max-image-preview:large","max-video-preview":"max-video-preview:-1"},"canonical":"https:\/\/www.tvunetworks.com\/pt-pt\/","og_locale":"pt_PT","og_type":"article","og_title":"TVU Networks | Transforme sua produ\u00e7\u00e3o de conte\u00fado ao vivo em um fluxo de trabalho digital","og_description":"Transmiss\u00e3o de v\u00eddeo ao vivo em nuvem e h\u00edbrida, produ\u00e7\u00e3o, roteamento e playout por IP, 5G e IA para esportes e not\u00edcias.","og_url":"https:\/\/www.tvunetworks.com\/pt-pt\/wp-json\/wp\/v2\/pages\/132510","og_site_name":"TVU Networks","article_modified_time":"2024-05-06T12:14:28+00:00","og_image":[{"width":722,"height":809,"url":"https:\/\/www.tvunetworks.com\/wp-content\/uploads\/2023\/11\/video-format.webp","type":"image\/webp"}],"twitter_card":"summary_large_image","twitter_misc":{"Tempo estimado de leitura":"1 minuto"},"schema":{"@context":"https:\/\/schema.org","@graph":[{"@type":"WebPage","@id":"https:\/\/www.tvunetworks.com\/pt-pt\/","url":"https:\/\/www.tvunetworks.com\/pt-pt\/","name":"TVU Networks | Transforme sua produ\u00e7\u00e3o de conte\u00fado ao vivo em um fluxo de trabalho digital","isPartOf":{"@id":"https:\/\/www.tvunetworks.com\/pt-pt\/#website"},"primaryImageOfPage":{"@id":"https:\/\/www.tvunetworks.com\/pt-pt\/#primaryimage"},"image":{"@id":"https:\/\/www.tvunetworks.com\/pt-pt\/#primaryimage"},"thumbnailUrl":"https:\/\/www.tvunetworks.com\/wp-content\/uploads\/2023\/11\/video-format.webp","datePublished":"2023-12-11T12:17:48+00:00","dateModified":"2024-05-06T12:14:28+00:00","description":"Transmiss\u00e3o de v\u00eddeo ao vivo em nuvem e h\u00edbrida, produ\u00e7\u00e3o, roteamento e playout por IP, 5G e IA para esportes e not\u00edcias.","breadcrumb":{"@id":"https:\/\/www.tvunetworks.com\/pt-pt\/#breadcrumb"},"inLanguage":"pt-PT","potentialAction":[{"@type":"ReadAction","target":["https:\/\/www.tvunetworks.com\/pt-pt\/"]}]},{"@type":"ImageObject","inLanguage":"pt-PT","@id":"https:\/\/www.tvunetworks.com\/pt-pt\/#primaryimage","url":"https:\/\/www.tvunetworks.com\/wp-content\/uploads\/2023\/11\/video-format.webp","contentUrl":"https:\/\/www.tvunetworks.com\/wp-content\/uploads\/2023\/11\/video-format.webp","width":722,"height":809,"caption":"TVU Networks offers a comprehensive media supply chain capable of inputing and outputting any video format"},{"@type":"BreadcrumbList","@id":"https:\/\/www.tvunetworks.com\/pt-pt\/#breadcrumb","itemListElement":[{"@type":"ListItem","position":1,"name":"Home","item":"https:\/\/editwww.tvunetworks.com\/pt-pt\/"},{"@type":"ListItem","position":2,"name":"Nova p\u00e1gina inicial"}]},{"@type":"WebSite","@id":"https:\/\/www.tvunetworks.com\/pt-pt\/#website","url":"https:\/\/www.tvunetworks.com\/pt-pt\/","name":"TVU Networks","description":"The lowest prices for your full LLC publishing compliance!","publisher":{"@id":"https:\/\/www.tvunetworks.com\/pt-pt\/#organization"},"potentialAction":[{"@type":"SearchAction","target":{"@type":"EntryPoint","urlTemplate":"https:\/\/www.tvunetworks.com\/pt-pt\/?s={search_term_string}"},"query-input":{"@type":"PropertyValueSpecification","valueRequired":true,"valueName":"search_term_string"}}],"inLanguage":"pt-PT"},{"@type":"Organization","@id":"https:\/\/www.tvunetworks.com\/pt-pt\/#organization","name":"TVU Networks","url":"https:\/\/www.tvunetworks.com\/pt-pt\/","logo":{"@type":"ImageObject","inLanguage":"pt-PT","@id":"https:\/\/www.tvunetworks.com\/pt-pt\/#\/schema\/logo\/image\/","url":"https:\/\/www.tvunetworks.com\/wp-content\/uploads\/2019\/07\/logo.svg","contentUrl":"https:\/\/www.tvunetworks.com\/wp-content\/uploads\/2019\/07\/logo.svg","caption":"TVU Networks"},"image":{"@id":"https:\/\/www.tvunetworks.com\/pt-pt\/#\/schema\/logo\/image\/"}}]}},"_links":{"self":[{"href":"https:\/\/www.tvunetworks.com\/pt-pt\/wp-json\/wp\/v2\/pages\/132510","targetHints":{"allow":["GET"]}}],"collection":[{"href":"https:\/\/www.tvunetworks.com\/pt-pt\/wp-json\/wp\/v2\/pages"}],"about":[{"href":"https:\/\/www.tvunetworks.com\/pt-pt\/wp-json\/wp\/v2\/types\/page"}],"author":[{"embeddable":true,"href":"https:\/\/www.tvunetworks.com\/pt-pt\/wp-json\/wp\/v2\/users\/20"}],"replies":[{"embeddable":true,"href":"https:\/\/www.tvunetworks.com\/pt-pt\/wp-json\/wp\/v2\/comments?post=132510"}],"version-history":[{"count":2,"href":"https:\/\/www.tvunetworks.com\/pt-pt\/wp-json\/wp\/v2\/pages\/132510\/revisions"}],"predecessor-version":[{"id":136900,"href":"https:\/\/www.tvunetworks.com\/pt-pt\/wp-json\/wp\/v2\/pages\/132510\/revisions\/136900"}],"wp:featuredmedia":[{"embeddable":true,"href":"https:\/\/www.tvunetworks.com\/pt-pt\/wp-json\/wp\/v2\/media\/131492"}],"wp:attachment":[{"href":"https:\/\/www.tvunetworks.com\/pt-pt\/wp-json\/wp\/v2\/media?parent=132510"}],"curies":[{"name":"wp","href":"https:\/\/api.w.org\/{rel}","templated":true}]}}