{"id":44696,"date":"2021-05-13T07:37:41","date_gmt":"2021-05-13T07:37:41","guid":{"rendered":"https:\/\/editwww.tvunetworks.com\/locations-mondiales\/"},"modified":"2023-01-04T13:56:59","modified_gmt":"2023-01-04T13:56:59","slug":"global-rentals","status":"publish","type":"page","link":"https:\/\/www.tvunetworks.com\/fr\/global-rentals\/","title":{"rendered":"Global Rentals"},"content":{"rendered":"","protected":false},"excerpt":{"rendered":"","protected":false},"author":20,"featured_media":133921,"parent":0,"menu_order":0,"comment_status":"closed","ping_status":"closed","template":"pages\/template-rental-v2.php","meta":{"_acf_changed":false,"content-type":"","footnotes":""},"class_list":["post-44696","page","type-page","status-publish","has-post-thumbnail","hentry"],"acf":[],"yoast_head":"<!-- This site is optimized with the Yoast SEO plugin v25.0 - https:\/\/yoast.com\/wordpress\/plugins\/seo\/ -->\n<title>Location d\u2019\u00e9quipement de diffusion en direct | Sports et Nouvelles | R\u00e9seaux TVU<\/title>\n<meta name=\"description\" content=\"D\u00e9couvrez nos offres de location d\u2019\u00e9quipements de diffusion en direct et de streaming. TVU Networks, experts en transmission vid\u00e9o en direct et en solutions de production \u00e0 distance.\" \/>\n<meta name=\"robots\" content=\"index, follow, max-snippet:-1, max-image-preview:large, max-video-preview:-1\" \/>\n<link rel=\"canonical\" href=\"https:\/\/www.tvunetworks.com\/fr\/global-rentals\/\" \/>\n<meta property=\"og:locale\" content=\"fr_FR\" \/>\n<meta property=\"og:type\" content=\"article\" \/>\n<meta property=\"og:title\" content=\"Location d\u2019\u00e9quipement de diffusion en direct | Sports et Nouvelles | R\u00e9seaux TVU\" \/>\n<meta property=\"og:description\" content=\"D\u00e9couvrez nos offres de location d\u2019\u00e9quipements de diffusion en direct et de streaming. TVU Networks, experts en transmission vid\u00e9o en direct et en solutions de production \u00e0 distance.\" \/>\n<meta property=\"og:url\" content=\"https:\/\/www.tvunetworks.com\/fr\/wp-json\/wp\/v2\/pages\/44696\" \/>\n<meta property=\"og:site_name\" content=\"TVU Networks\" \/>\n<meta property=\"article:modified_time\" content=\"2023-01-04T13:56:59+00:00\" \/>\n<meta property=\"og:image\" content=\"https:\/\/www.tvunetworks.com\/wp-content\/uploads\/2022\/10\/web-banner-mobile-best-of-show-ibc-8.png\" \/>\n\t<meta property=\"og:image:width\" content=\"1324\" \/>\n\t<meta property=\"og:image:height\" content=\"2024\" \/>\n\t<meta property=\"og:image:type\" content=\"image\/png\" \/>\n<meta name=\"twitter:card\" content=\"summary_large_image\" \/>\n<script type=\"application\/ld+json\" class=\"yoast-schema-graph\">{\"@context\":\"https:\/\/schema.org\",\"@graph\":[{\"@type\":\"WebPage\",\"@id\":\"https:\/\/www.tvunetworks.com\/fr\/global-rentals\/\",\"url\":\"https:\/\/www.tvunetworks.com\/fr\/global-rentals\/\",\"name\":\"Location d\u2019\u00e9quipement de diffusion en direct | Sports et Nouvelles | R\u00e9seaux TVU\",\"isPartOf\":{\"@id\":\"https:\/\/www.tvunetworks.com\/fr\/#website\"},\"primaryImageOfPage\":{\"@id\":\"https:\/\/www.tvunetworks.com\/fr\/global-rentals\/#primaryimage\"},\"image\":{\"@id\":\"https:\/\/www.tvunetworks.com\/fr\/global-rentals\/#primaryimage\"},\"thumbnailUrl\":\"https:\/\/www.tvunetworks.com\/wp-content\/uploads\/2023\/12\/TVU-Networks-Cloud-Solutions.png\",\"datePublished\":\"2021-05-13T07:37:41+00:00\",\"dateModified\":\"2023-01-04T13:56:59+00:00\",\"description\":\"D\u00e9couvrez nos offres de location d\u2019\u00e9quipements de diffusion en direct et de streaming. TVU Networks, experts en transmission vid\u00e9o en direct et en solutions de production \u00e0 distance.\",\"breadcrumb\":{\"@id\":\"https:\/\/www.tvunetworks.com\/fr\/global-rentals\/#breadcrumb\"},\"inLanguage\":\"fr-FR\",\"potentialAction\":[{\"@type\":\"ReadAction\",\"target\":[\"https:\/\/www.tvunetworks.com\/fr\/global-rentals\/\"]}]},{\"@type\":\"ImageObject\",\"inLanguage\":\"fr-FR\",\"@id\":\"https:\/\/www.tvunetworks.com\/fr\/global-rentals\/#primaryimage\",\"url\":\"https:\/\/www.tvunetworks.com\/wp-content\/uploads\/2023\/12\/TVU-Networks-Cloud-Solutions.png\",\"contentUrl\":\"https:\/\/www.tvunetworks.com\/wp-content\/uploads\/2023\/12\/TVU-Networks-Cloud-Solutions.png\",\"width\":600,\"height\":300,\"caption\":\"TVU Solutions\"},{\"@type\":\"BreadcrumbList\",\"@id\":\"https:\/\/www.tvunetworks.com\/fr\/global-rentals\/#breadcrumb\",\"itemListElement\":[{\"@type\":\"ListItem\",\"position\":1,\"name\":\"Home\",\"item\":\"https:\/\/editwww.tvunetworks.com\/fr\/\"},{\"@type\":\"ListItem\",\"position\":2,\"name\":\"Global Rentals\"}]},{\"@type\":\"WebSite\",\"@id\":\"https:\/\/www.tvunetworks.com\/fr\/#website\",\"url\":\"https:\/\/www.tvunetworks.com\/fr\/\",\"name\":\"TVU Networks\",\"description\":\"The lowest prices for your full LLC publishing compliance!\",\"publisher\":{\"@id\":\"https:\/\/www.tvunetworks.com\/fr\/#organization\"},\"potentialAction\":[{\"@type\":\"SearchAction\",\"target\":{\"@type\":\"EntryPoint\",\"urlTemplate\":\"https:\/\/www.tvunetworks.com\/fr\/?s={search_term_string}\"},\"query-input\":{\"@type\":\"PropertyValueSpecification\",\"valueRequired\":true,\"valueName\":\"search_term_string\"}}],\"inLanguage\":\"fr-FR\"},{\"@type\":\"Organization\",\"@id\":\"https:\/\/www.tvunetworks.com\/fr\/#organization\",\"name\":\"TVU Networks\",\"url\":\"https:\/\/www.tvunetworks.com\/fr\/\",\"logo\":{\"@type\":\"ImageObject\",\"inLanguage\":\"fr-FR\",\"@id\":\"https:\/\/www.tvunetworks.com\/fr\/#\/schema\/logo\/image\/\",\"url\":\"https:\/\/www.tvunetworks.com\/wp-content\/uploads\/2019\/07\/logo.svg\",\"contentUrl\":\"https:\/\/www.tvunetworks.com\/wp-content\/uploads\/2019\/07\/logo.svg\",\"caption\":\"TVU Networks\"},\"image\":{\"@id\":\"https:\/\/www.tvunetworks.com\/fr\/#\/schema\/logo\/image\/\"}}]}<\/script>\n<!-- \/ Yoast SEO plugin. -->","yoast_head_json":{"title":"Location d\u2019\u00e9quipement de diffusion en direct | Sports et Nouvelles | R\u00e9seaux TVU","description":"D\u00e9couvrez nos offres de location d\u2019\u00e9quipements de diffusion en direct et de streaming. TVU Networks, experts en transmission vid\u00e9o en direct et en solutions de production \u00e0 distance.","robots":{"index":"index","follow":"follow","max-snippet":"max-snippet:-1","max-image-preview":"max-image-preview:large","max-video-preview":"max-video-preview:-1"},"canonical":"https:\/\/www.tvunetworks.com\/fr\/global-rentals\/","og_locale":"fr_FR","og_type":"article","og_title":"Location d\u2019\u00e9quipement de diffusion en direct | Sports et Nouvelles | R\u00e9seaux TVU","og_description":"D\u00e9couvrez nos offres de location d\u2019\u00e9quipements de diffusion en direct et de streaming. TVU Networks, experts en transmission vid\u00e9o en direct et en solutions de production \u00e0 distance.","og_url":"https:\/\/www.tvunetworks.com\/fr\/wp-json\/wp\/v2\/pages\/44696","og_site_name":"TVU Networks","article_modified_time":"2023-01-04T13:56:59+00:00","og_image":[{"width":1324,"height":2024,"url":"https:\/\/www.tvunetworks.com\/wp-content\/uploads\/2022\/10\/web-banner-mobile-best-of-show-ibc-8.png","type":"image\/png"}],"twitter_card":"summary_large_image","schema":{"@context":"https:\/\/schema.org","@graph":[{"@type":"WebPage","@id":"https:\/\/www.tvunetworks.com\/fr\/global-rentals\/","url":"https:\/\/www.tvunetworks.com\/fr\/global-rentals\/","name":"Location d\u2019\u00e9quipement de diffusion en direct | Sports et Nouvelles | R\u00e9seaux TVU","isPartOf":{"@id":"https:\/\/www.tvunetworks.com\/fr\/#website"},"primaryImageOfPage":{"@id":"https:\/\/www.tvunetworks.com\/fr\/global-rentals\/#primaryimage"},"image":{"@id":"https:\/\/www.tvunetworks.com\/fr\/global-rentals\/#primaryimage"},"thumbnailUrl":"https:\/\/www.tvunetworks.com\/wp-content\/uploads\/2023\/12\/TVU-Networks-Cloud-Solutions.png","datePublished":"2021-05-13T07:37:41+00:00","dateModified":"2023-01-04T13:56:59+00:00","description":"D\u00e9couvrez nos offres de location d\u2019\u00e9quipements de diffusion en direct et de streaming. TVU Networks, experts en transmission vid\u00e9o en direct et en solutions de production \u00e0 distance.","breadcrumb":{"@id":"https:\/\/www.tvunetworks.com\/fr\/global-rentals\/#breadcrumb"},"inLanguage":"fr-FR","potentialAction":[{"@type":"ReadAction","target":["https:\/\/www.tvunetworks.com\/fr\/global-rentals\/"]}]},{"@type":"ImageObject","inLanguage":"fr-FR","@id":"https:\/\/www.tvunetworks.com\/fr\/global-rentals\/#primaryimage","url":"https:\/\/www.tvunetworks.com\/wp-content\/uploads\/2023\/12\/TVU-Networks-Cloud-Solutions.png","contentUrl":"https:\/\/www.tvunetworks.com\/wp-content\/uploads\/2023\/12\/TVU-Networks-Cloud-Solutions.png","width":600,"height":300,"caption":"TVU Solutions"},{"@type":"BreadcrumbList","@id":"https:\/\/www.tvunetworks.com\/fr\/global-rentals\/#breadcrumb","itemListElement":[{"@type":"ListItem","position":1,"name":"Home","item":"https:\/\/editwww.tvunetworks.com\/fr\/"},{"@type":"ListItem","position":2,"name":"Global Rentals"}]},{"@type":"WebSite","@id":"https:\/\/www.tvunetworks.com\/fr\/#website","url":"https:\/\/www.tvunetworks.com\/fr\/","name":"TVU Networks","description":"The lowest prices for your full LLC publishing compliance!","publisher":{"@id":"https:\/\/www.tvunetworks.com\/fr\/#organization"},"potentialAction":[{"@type":"SearchAction","target":{"@type":"EntryPoint","urlTemplate":"https:\/\/www.tvunetworks.com\/fr\/?s={search_term_string}"},"query-input":{"@type":"PropertyValueSpecification","valueRequired":true,"valueName":"search_term_string"}}],"inLanguage":"fr-FR"},{"@type":"Organization","@id":"https:\/\/www.tvunetworks.com\/fr\/#organization","name":"TVU Networks","url":"https:\/\/www.tvunetworks.com\/fr\/","logo":{"@type":"ImageObject","inLanguage":"fr-FR","@id":"https:\/\/www.tvunetworks.com\/fr\/#\/schema\/logo\/image\/","url":"https:\/\/www.tvunetworks.com\/wp-content\/uploads\/2019\/07\/logo.svg","contentUrl":"https:\/\/www.tvunetworks.com\/wp-content\/uploads\/2019\/07\/logo.svg","caption":"TVU Networks"},"image":{"@id":"https:\/\/www.tvunetworks.com\/fr\/#\/schema\/logo\/image\/"}}]}},"_links":{"self":[{"href":"https:\/\/www.tvunetworks.com\/fr\/wp-json\/wp\/v2\/pages\/44696","targetHints":{"allow":["GET"]}}],"collection":[{"href":"https:\/\/www.tvunetworks.com\/fr\/wp-json\/wp\/v2\/pages"}],"about":[{"href":"https:\/\/www.tvunetworks.com\/fr\/wp-json\/wp\/v2\/types\/page"}],"author":[{"embeddable":true,"href":"https:\/\/www.tvunetworks.com\/fr\/wp-json\/wp\/v2\/users\/20"}],"replies":[{"embeddable":true,"href":"https:\/\/www.tvunetworks.com\/fr\/wp-json\/wp\/v2\/comments?post=44696"}],"version-history":[{"count":10,"href":"https:\/\/www.tvunetworks.com\/fr\/wp-json\/wp\/v2\/pages\/44696\/revisions"}],"predecessor-version":[{"id":92593,"href":"https:\/\/www.tvunetworks.com\/fr\/wp-json\/wp\/v2\/pages\/44696\/revisions\/92593"}],"wp:featuredmedia":[{"embeddable":true,"href":"https:\/\/www.tvunetworks.com\/fr\/wp-json\/wp\/v2\/media\/133921"}],"wp:attachment":[{"href":"https:\/\/www.tvunetworks.com\/fr\/wp-json\/wp\/v2\/media?parent=44696"}],"curies":[{"name":"wp","href":"https:\/\/api.w.org\/{rel}","templated":true}]}}