{"id":23348,"date":"2020-08-24T09:40:15","date_gmt":"2020-08-24T09:40:15","guid":{"rendered":"https:\/\/editwww.tvunetworks.com\/conseils-pour-tirer-le-meilleur-parti-de-tvu\/producteur-de-tvu\/"},"modified":"2022-11-25T14:56:16","modified_gmt":"2022-11-25T14:56:16","slug":"tvu-producteur","status":"publish","type":"page","link":"https:\/\/www.tvunetworks.com\/fr\/tvu-products-tips\/tvu-producteur\/","title":{"rendered":"TVU Producer"},"content":{"rendered":"","protected":false},"excerpt":{"rendered":"","protected":false},"author":5,"featured_media":0,"parent":24989,"menu_order":0,"comment_status":"closed","ping_status":"closed","template":"pages\/template-tips.php","meta":{"_acf_changed":false,"content-type":"","footnotes":""},"class_list":["post-23348","page","type-page","status-publish","hentry"],"acf":[],"yoast_head":"<!-- This site is optimized with the Yoast SEO plugin v25.0 - https:\/\/yoast.com\/wordpress\/plugins\/seo\/ -->\n<title>Comment utiliser tvu producteur live cloud vid\u00e9o production et streaming<\/title>\n<meta name=\"description\" content=\"Recevez des conseils de diffuseurs, de streamers en direct et de producteurs sur la production de vid\u00e9os en direct sur le cloud de TVU Producer pour la production de diffusion en direct multicam\u00e9ra \u00e0 distance.\" \/>\n<meta name=\"robots\" content=\"noindex, follow\" \/>\n<meta property=\"og:locale\" content=\"fr_FR\" \/>\n<meta property=\"og:type\" content=\"article\" \/>\n<meta property=\"og:title\" content=\"Comment utiliser tvu producteur live cloud vid\u00e9o production et streaming\" \/>\n<meta property=\"og:description\" content=\"Recevez des conseils de diffuseurs, de streamers en direct et de producteurs sur la production de vid\u00e9os en direct sur le cloud de TVU Producer pour la production de diffusion en direct multicam\u00e9ra \u00e0 distance.\" \/>\n<meta property=\"og:url\" content=\"https:\/\/www.tvunetworks.com\/fr\/wp-json\/wp\/v2\/pages\/23348\" \/>\n<meta property=\"og:site_name\" content=\"TVU Networks\" \/>\n<meta property=\"article:modified_time\" content=\"2022-11-25T14:56:16+00:00\" \/>\n<meta property=\"og:image\" content=\"https:\/\/www.tvunetworks.com\/wp-content\/uploads\/2022\/10\/web-banner-mobile-best-of-show-ibc-8.png\" \/>\n\t<meta property=\"og:image:width\" content=\"1324\" \/>\n\t<meta property=\"og:image:height\" content=\"2024\" \/>\n\t<meta property=\"og:image:type\" content=\"image\/png\" \/>\n<meta name=\"twitter:card\" content=\"summary_large_image\" \/>\n<script type=\"application\/ld+json\" class=\"yoast-schema-graph\">{\"@context\":\"https:\/\/schema.org\",\"@graph\":[{\"@type\":\"WebPage\",\"@id\":\"https:\/\/www.tvunetworks.com\/fr\/tvu-products-tips\/tvu-producteur\/\",\"url\":\"https:\/\/www.tvunetworks.com\/fr\/tvu-products-tips\/tvu-producteur\/\",\"name\":\"Comment utiliser tvu producteur live cloud vid\u00e9o production et streaming\",\"isPartOf\":{\"@id\":\"https:\/\/www.tvunetworks.com\/fr\/#website\"},\"datePublished\":\"2020-08-24T09:40:15+00:00\",\"dateModified\":\"2022-11-25T14:56:16+00:00\",\"description\":\"Recevez des conseils de diffuseurs, de streamers en direct et de producteurs sur la production de vid\u00e9os en direct sur le cloud de TVU Producer pour la production de diffusion en direct multicam\u00e9ra \u00e0 distance.\",\"breadcrumb\":{\"@id\":\"https:\/\/www.tvunetworks.com\/fr\/tvu-products-tips\/tvu-producteur\/#breadcrumb\"},\"inLanguage\":\"fr-FR\",\"potentialAction\":[{\"@type\":\"ReadAction\",\"target\":[\"https:\/\/www.tvunetworks.com\/fr\/tvu-products-tips\/tvu-producteur\/\"]}]},{\"@type\":\"BreadcrumbList\",\"@id\":\"https:\/\/www.tvunetworks.com\/fr\/tvu-products-tips\/tvu-producteur\/#breadcrumb\",\"itemListElement\":[{\"@type\":\"ListItem\",\"position\":1,\"name\":\"Home\",\"item\":\"https:\/\/editwww.tvunetworks.com\/fr\/\"},{\"@type\":\"ListItem\",\"position\":2,\"name\":\"Top Tips to get the best of TVU\",\"item\":\"https:\/\/editwww.tvunetworks.com\/fr\/tvu-products-tips\/\"},{\"@type\":\"ListItem\",\"position\":3,\"name\":\"TVU Producer\"}]},{\"@type\":\"WebSite\",\"@id\":\"https:\/\/www.tvunetworks.com\/fr\/#website\",\"url\":\"https:\/\/www.tvunetworks.com\/fr\/\",\"name\":\"TVU Networks\",\"description\":\"The lowest prices for your full LLC publishing compliance!\",\"publisher\":{\"@id\":\"https:\/\/www.tvunetworks.com\/fr\/#organization\"},\"potentialAction\":[{\"@type\":\"SearchAction\",\"target\":{\"@type\":\"EntryPoint\",\"urlTemplate\":\"https:\/\/www.tvunetworks.com\/fr\/?s={search_term_string}\"},\"query-input\":{\"@type\":\"PropertyValueSpecification\",\"valueRequired\":true,\"valueName\":\"search_term_string\"}}],\"inLanguage\":\"fr-FR\"},{\"@type\":\"Organization\",\"@id\":\"https:\/\/www.tvunetworks.com\/fr\/#organization\",\"name\":\"TVU Networks\",\"url\":\"https:\/\/www.tvunetworks.com\/fr\/\",\"logo\":{\"@type\":\"ImageObject\",\"inLanguage\":\"fr-FR\",\"@id\":\"https:\/\/www.tvunetworks.com\/fr\/#\/schema\/logo\/image\/\",\"url\":\"https:\/\/www.tvunetworks.com\/wp-content\/uploads\/2019\/07\/logo.svg\",\"contentUrl\":\"https:\/\/www.tvunetworks.com\/wp-content\/uploads\/2019\/07\/logo.svg\",\"caption\":\"TVU Networks\"},\"image\":{\"@id\":\"https:\/\/www.tvunetworks.com\/fr\/#\/schema\/logo\/image\/\"}}]}<\/script>\n<!-- \/ Yoast SEO plugin. -->","yoast_head_json":{"title":"Comment utiliser tvu producteur live cloud vid\u00e9o production et streaming","description":"Recevez des conseils de diffuseurs, de streamers en direct et de producteurs sur la production de vid\u00e9os en direct sur le cloud de TVU Producer pour la production de diffusion en direct multicam\u00e9ra \u00e0 distance.","robots":{"index":"noindex","follow":"follow"},"og_locale":"fr_FR","og_type":"article","og_title":"Comment utiliser tvu producteur live cloud vid\u00e9o production et streaming","og_description":"Recevez des conseils de diffuseurs, de streamers en direct et de producteurs sur la production de vid\u00e9os en direct sur le cloud de TVU Producer pour la production de diffusion en direct multicam\u00e9ra \u00e0 distance.","og_url":"https:\/\/www.tvunetworks.com\/fr\/wp-json\/wp\/v2\/pages\/23348","og_site_name":"TVU Networks","article_modified_time":"2022-11-25T14:56:16+00:00","og_image":[{"width":1324,"height":2024,"url":"https:\/\/www.tvunetworks.com\/wp-content\/uploads\/2022\/10\/web-banner-mobile-best-of-show-ibc-8.png","type":"image\/png"}],"twitter_card":"summary_large_image","schema":{"@context":"https:\/\/schema.org","@graph":[{"@type":"WebPage","@id":"https:\/\/www.tvunetworks.com\/fr\/tvu-products-tips\/tvu-producteur\/","url":"https:\/\/www.tvunetworks.com\/fr\/tvu-products-tips\/tvu-producteur\/","name":"Comment utiliser tvu producteur live cloud vid\u00e9o production et streaming","isPartOf":{"@id":"https:\/\/www.tvunetworks.com\/fr\/#website"},"datePublished":"2020-08-24T09:40:15+00:00","dateModified":"2022-11-25T14:56:16+00:00","description":"Recevez des conseils de diffuseurs, de streamers en direct et de producteurs sur la production de vid\u00e9os en direct sur le cloud de TVU Producer pour la production de diffusion en direct multicam\u00e9ra \u00e0 distance.","breadcrumb":{"@id":"https:\/\/www.tvunetworks.com\/fr\/tvu-products-tips\/tvu-producteur\/#breadcrumb"},"inLanguage":"fr-FR","potentialAction":[{"@type":"ReadAction","target":["https:\/\/www.tvunetworks.com\/fr\/tvu-products-tips\/tvu-producteur\/"]}]},{"@type":"BreadcrumbList","@id":"https:\/\/www.tvunetworks.com\/fr\/tvu-products-tips\/tvu-producteur\/#breadcrumb","itemListElement":[{"@type":"ListItem","position":1,"name":"Home","item":"https:\/\/editwww.tvunetworks.com\/fr\/"},{"@type":"ListItem","position":2,"name":"Top Tips to get the best of TVU","item":"https:\/\/editwww.tvunetworks.com\/fr\/tvu-products-tips\/"},{"@type":"ListItem","position":3,"name":"TVU Producer"}]},{"@type":"WebSite","@id":"https:\/\/www.tvunetworks.com\/fr\/#website","url":"https:\/\/www.tvunetworks.com\/fr\/","name":"TVU Networks","description":"The lowest prices for your full LLC publishing compliance!","publisher":{"@id":"https:\/\/www.tvunetworks.com\/fr\/#organization"},"potentialAction":[{"@type":"SearchAction","target":{"@type":"EntryPoint","urlTemplate":"https:\/\/www.tvunetworks.com\/fr\/?s={search_term_string}"},"query-input":{"@type":"PropertyValueSpecification","valueRequired":true,"valueName":"search_term_string"}}],"inLanguage":"fr-FR"},{"@type":"Organization","@id":"https:\/\/www.tvunetworks.com\/fr\/#organization","name":"TVU Networks","url":"https:\/\/www.tvunetworks.com\/fr\/","logo":{"@type":"ImageObject","inLanguage":"fr-FR","@id":"https:\/\/www.tvunetworks.com\/fr\/#\/schema\/logo\/image\/","url":"https:\/\/www.tvunetworks.com\/wp-content\/uploads\/2019\/07\/logo.svg","contentUrl":"https:\/\/www.tvunetworks.com\/wp-content\/uploads\/2019\/07\/logo.svg","caption":"TVU Networks"},"image":{"@id":"https:\/\/www.tvunetworks.com\/fr\/#\/schema\/logo\/image\/"}}]}},"_links":{"self":[{"href":"https:\/\/www.tvunetworks.com\/fr\/wp-json\/wp\/v2\/pages\/23348","targetHints":{"allow":["GET"]}}],"collection":[{"href":"https:\/\/www.tvunetworks.com\/fr\/wp-json\/wp\/v2\/pages"}],"about":[{"href":"https:\/\/www.tvunetworks.com\/fr\/wp-json\/wp\/v2\/types\/page"}],"author":[{"embeddable":true,"href":"https:\/\/www.tvunetworks.com\/fr\/wp-json\/wp\/v2\/users\/5"}],"replies":[{"embeddable":true,"href":"https:\/\/www.tvunetworks.com\/fr\/wp-json\/wp\/v2\/comments?post=23348"}],"version-history":[{"count":3,"href":"https:\/\/www.tvunetworks.com\/fr\/wp-json\/wp\/v2\/pages\/23348\/revisions"}],"predecessor-version":[{"id":81839,"href":"https:\/\/www.tvunetworks.com\/fr\/wp-json\/wp\/v2\/pages\/23348\/revisions\/81839"}],"up":[{"embeddable":true,"href":"https:\/\/www.tvunetworks.com\/fr\/wp-json\/wp\/v2\/pages\/24989"}],"wp:attachment":[{"href":"https:\/\/www.tvunetworks.com\/fr\/wp-json\/wp\/v2\/media?parent=23348"}],"curies":[{"name":"wp","href":"https:\/\/api.w.org\/{rel}","templated":true}]}}