{"id":23346,"date":"2020-08-24T09:40:14","date_gmt":"2020-08-24T09:40:14","guid":{"rendered":"https:\/\/editwww.tvunetworks.com\/solutions-de-production-a-distance\/"},"modified":"2021-05-31T13:43:48","modified_gmt":"2021-05-31T13:43:48","slug":"broadcast-streaming-remote-production-solutions","status":"publish","type":"page","link":"https:\/\/www.tvunetworks.com\/fr\/broadcast-streaming-remote-production-solutions\/","title":{"rendered":"Remote Production Solutions"},"content":{"rendered":"","protected":false},"excerpt":{"rendered":"","protected":false},"author":5,"featured_media":0,"parent":0,"menu_order":0,"comment_status":"closed","ping_status":"closed","template":"pages\/template-add-info.php","meta":{"_acf_changed":false,"content-type":"","footnotes":""},"class_list":["post-23346","page","type-page","status-publish","hentry"],"acf":[],"yoast_head":"<!-- This site is optimized with the Yoast SEO plugin v25.0 - https:\/\/yoast.com\/wordpress\/plugins\/seo\/ -->\n<title>Solutions de production \u00e0 distance (REMI) pour les syst\u00e8mes de | R\u00e9seaux TVU<\/title>\n<meta name=\"description\" content=\"La production \u00e0 distance est un terme g\u00e9n\u00e9ral utilis\u00e9 dans l\u2019industrie de la radiodiffusion pour d\u00e9crire quand la production est g\u00e9r\u00e9e dans un endroit distinct \u00e0 l\u2019endroit o\u00f9 la diffusion en direct a lieu.\" \/>\n<meta name=\"robots\" content=\"index, follow, max-snippet:-1, max-image-preview:large, max-video-preview:-1\" \/>\n<link rel=\"canonical\" href=\"https:\/\/www.tvunetworks.com\/fr\/broadcast-streaming-remote-production-solutions\/\" \/>\n<meta property=\"og:locale\" content=\"fr_FR\" \/>\n<meta property=\"og:type\" content=\"article\" \/>\n<meta property=\"og:title\" content=\"Solutions de production \u00e0 distance (REMI) pour les syst\u00e8mes de | R\u00e9seaux TVU\" \/>\n<meta property=\"og:description\" content=\"La production \u00e0 distance est un terme g\u00e9n\u00e9ral utilis\u00e9 dans l\u2019industrie de la radiodiffusion pour d\u00e9crire quand la production est g\u00e9r\u00e9e dans un endroit distinct \u00e0 l\u2019endroit o\u00f9 la diffusion en direct a lieu.\" \/>\n<meta property=\"og:url\" content=\"https:\/\/www.tvunetworks.com\/fr\/wp-json\/wp\/v2\/pages\/23346\" \/>\n<meta property=\"og:site_name\" content=\"TVU Networks\" \/>\n<meta property=\"article:modified_time\" content=\"2021-05-31T13:43:48+00:00\" \/>\n<meta property=\"og:image\" content=\"https:\/\/www.tvunetworks.com\/wp-content\/uploads\/2022\/10\/web-banner-mobile-best-of-show-ibc-8.png\" \/>\n\t<meta property=\"og:image:width\" content=\"1324\" \/>\n\t<meta property=\"og:image:height\" content=\"2024\" \/>\n\t<meta property=\"og:image:type\" content=\"image\/png\" \/>\n<meta name=\"twitter:card\" content=\"summary_large_image\" \/>\n<script type=\"application\/ld+json\" class=\"yoast-schema-graph\">{\"@context\":\"https:\/\/schema.org\",\"@graph\":[{\"@type\":\"WebPage\",\"@id\":\"https:\/\/www.tvunetworks.com\/fr\/broadcast-streaming-remote-production-solutions\/\",\"url\":\"https:\/\/www.tvunetworks.com\/fr\/broadcast-streaming-remote-production-solutions\/\",\"name\":\"Solutions de production \u00e0 distance (REMI) pour les syst\u00e8mes de | R\u00e9seaux TVU\",\"isPartOf\":{\"@id\":\"https:\/\/www.tvunetworks.com\/fr\/#website\"},\"datePublished\":\"2020-08-24T09:40:14+00:00\",\"dateModified\":\"2021-05-31T13:43:48+00:00\",\"description\":\"La production \u00e0 distance est un terme g\u00e9n\u00e9ral utilis\u00e9 dans l\u2019industrie de la radiodiffusion pour d\u00e9crire quand la production est g\u00e9r\u00e9e dans un endroit distinct \u00e0 l\u2019endroit o\u00f9 la diffusion en direct a lieu.\",\"breadcrumb\":{\"@id\":\"https:\/\/www.tvunetworks.com\/fr\/broadcast-streaming-remote-production-solutions\/#breadcrumb\"},\"inLanguage\":\"fr-FR\",\"potentialAction\":[{\"@type\":\"ReadAction\",\"target\":[\"https:\/\/www.tvunetworks.com\/fr\/broadcast-streaming-remote-production-solutions\/\"]}]},{\"@type\":\"BreadcrumbList\",\"@id\":\"https:\/\/www.tvunetworks.com\/fr\/broadcast-streaming-remote-production-solutions\/#breadcrumb\",\"itemListElement\":[{\"@type\":\"ListItem\",\"position\":1,\"name\":\"Home\",\"item\":\"https:\/\/editwww.tvunetworks.com\/fr\/\"},{\"@type\":\"ListItem\",\"position\":2,\"name\":\"Remote Production Solutions\"}]},{\"@type\":\"WebSite\",\"@id\":\"https:\/\/www.tvunetworks.com\/fr\/#website\",\"url\":\"https:\/\/www.tvunetworks.com\/fr\/\",\"name\":\"TVU Networks\",\"description\":\"The lowest prices for your full LLC publishing compliance!\",\"publisher\":{\"@id\":\"https:\/\/www.tvunetworks.com\/fr\/#organization\"},\"potentialAction\":[{\"@type\":\"SearchAction\",\"target\":{\"@type\":\"EntryPoint\",\"urlTemplate\":\"https:\/\/www.tvunetworks.com\/fr\/?s={search_term_string}\"},\"query-input\":{\"@type\":\"PropertyValueSpecification\",\"valueRequired\":true,\"valueName\":\"search_term_string\"}}],\"inLanguage\":\"fr-FR\"},{\"@type\":\"Organization\",\"@id\":\"https:\/\/www.tvunetworks.com\/fr\/#organization\",\"name\":\"TVU Networks\",\"url\":\"https:\/\/www.tvunetworks.com\/fr\/\",\"logo\":{\"@type\":\"ImageObject\",\"inLanguage\":\"fr-FR\",\"@id\":\"https:\/\/www.tvunetworks.com\/fr\/#\/schema\/logo\/image\/\",\"url\":\"https:\/\/www.tvunetworks.com\/wp-content\/uploads\/2019\/07\/logo.svg\",\"contentUrl\":\"https:\/\/www.tvunetworks.com\/wp-content\/uploads\/2019\/07\/logo.svg\",\"caption\":\"TVU Networks\"},\"image\":{\"@id\":\"https:\/\/www.tvunetworks.com\/fr\/#\/schema\/logo\/image\/\"}}]}<\/script>\n<!-- \/ Yoast SEO plugin. -->","yoast_head_json":{"title":"Solutions de production \u00e0 distance (REMI) pour les syst\u00e8mes de | R\u00e9seaux TVU","description":"La production \u00e0 distance est un terme g\u00e9n\u00e9ral utilis\u00e9 dans l\u2019industrie de la radiodiffusion pour d\u00e9crire quand la production est g\u00e9r\u00e9e dans un endroit distinct \u00e0 l\u2019endroit o\u00f9 la diffusion en direct a lieu.","robots":{"index":"index","follow":"follow","max-snippet":"max-snippet:-1","max-image-preview":"max-image-preview:large","max-video-preview":"max-video-preview:-1"},"canonical":"https:\/\/www.tvunetworks.com\/fr\/broadcast-streaming-remote-production-solutions\/","og_locale":"fr_FR","og_type":"article","og_title":"Solutions de production \u00e0 distance (REMI) pour les syst\u00e8mes de | R\u00e9seaux TVU","og_description":"La production \u00e0 distance est un terme g\u00e9n\u00e9ral utilis\u00e9 dans l\u2019industrie de la radiodiffusion pour d\u00e9crire quand la production est g\u00e9r\u00e9e dans un endroit distinct \u00e0 l\u2019endroit o\u00f9 la diffusion en direct a lieu.","og_url":"https:\/\/www.tvunetworks.com\/fr\/wp-json\/wp\/v2\/pages\/23346","og_site_name":"TVU Networks","article_modified_time":"2021-05-31T13:43:48+00:00","og_image":[{"width":1324,"height":2024,"url":"https:\/\/www.tvunetworks.com\/wp-content\/uploads\/2022\/10\/web-banner-mobile-best-of-show-ibc-8.png","type":"image\/png"}],"twitter_card":"summary_large_image","schema":{"@context":"https:\/\/schema.org","@graph":[{"@type":"WebPage","@id":"https:\/\/www.tvunetworks.com\/fr\/broadcast-streaming-remote-production-solutions\/","url":"https:\/\/www.tvunetworks.com\/fr\/broadcast-streaming-remote-production-solutions\/","name":"Solutions de production \u00e0 distance (REMI) pour les syst\u00e8mes de | R\u00e9seaux TVU","isPartOf":{"@id":"https:\/\/www.tvunetworks.com\/fr\/#website"},"datePublished":"2020-08-24T09:40:14+00:00","dateModified":"2021-05-31T13:43:48+00:00","description":"La production \u00e0 distance est un terme g\u00e9n\u00e9ral utilis\u00e9 dans l\u2019industrie de la radiodiffusion pour d\u00e9crire quand la production est g\u00e9r\u00e9e dans un endroit distinct \u00e0 l\u2019endroit o\u00f9 la diffusion en direct a lieu.","breadcrumb":{"@id":"https:\/\/www.tvunetworks.com\/fr\/broadcast-streaming-remote-production-solutions\/#breadcrumb"},"inLanguage":"fr-FR","potentialAction":[{"@type":"ReadAction","target":["https:\/\/www.tvunetworks.com\/fr\/broadcast-streaming-remote-production-solutions\/"]}]},{"@type":"BreadcrumbList","@id":"https:\/\/www.tvunetworks.com\/fr\/broadcast-streaming-remote-production-solutions\/#breadcrumb","itemListElement":[{"@type":"ListItem","position":1,"name":"Home","item":"https:\/\/editwww.tvunetworks.com\/fr\/"},{"@type":"ListItem","position":2,"name":"Remote Production Solutions"}]},{"@type":"WebSite","@id":"https:\/\/www.tvunetworks.com\/fr\/#website","url":"https:\/\/www.tvunetworks.com\/fr\/","name":"TVU Networks","description":"The lowest prices for your full LLC publishing compliance!","publisher":{"@id":"https:\/\/www.tvunetworks.com\/fr\/#organization"},"potentialAction":[{"@type":"SearchAction","target":{"@type":"EntryPoint","urlTemplate":"https:\/\/www.tvunetworks.com\/fr\/?s={search_term_string}"},"query-input":{"@type":"PropertyValueSpecification","valueRequired":true,"valueName":"search_term_string"}}],"inLanguage":"fr-FR"},{"@type":"Organization","@id":"https:\/\/www.tvunetworks.com\/fr\/#organization","name":"TVU Networks","url":"https:\/\/www.tvunetworks.com\/fr\/","logo":{"@type":"ImageObject","inLanguage":"fr-FR","@id":"https:\/\/www.tvunetworks.com\/fr\/#\/schema\/logo\/image\/","url":"https:\/\/www.tvunetworks.com\/wp-content\/uploads\/2019\/07\/logo.svg","contentUrl":"https:\/\/www.tvunetworks.com\/wp-content\/uploads\/2019\/07\/logo.svg","caption":"TVU Networks"},"image":{"@id":"https:\/\/www.tvunetworks.com\/fr\/#\/schema\/logo\/image\/"}}]}},"_links":{"self":[{"href":"https:\/\/www.tvunetworks.com\/fr\/wp-json\/wp\/v2\/pages\/23346","targetHints":{"allow":["GET"]}}],"collection":[{"href":"https:\/\/www.tvunetworks.com\/fr\/wp-json\/wp\/v2\/pages"}],"about":[{"href":"https:\/\/www.tvunetworks.com\/fr\/wp-json\/wp\/v2\/types\/page"}],"author":[{"embeddable":true,"href":"https:\/\/www.tvunetworks.com\/fr\/wp-json\/wp\/v2\/users\/5"}],"replies":[{"embeddable":true,"href":"https:\/\/www.tvunetworks.com\/fr\/wp-json\/wp\/v2\/comments?post=23346"}],"version-history":[{"count":4,"href":"https:\/\/www.tvunetworks.com\/fr\/wp-json\/wp\/v2\/pages\/23346\/revisions"}],"predecessor-version":[{"id":45686,"href":"https:\/\/www.tvunetworks.com\/fr\/wp-json\/wp\/v2\/pages\/23346\/revisions\/45686"}],"wp:attachment":[{"href":"https:\/\/www.tvunetworks.com\/fr\/wp-json\/wp\/v2\/media?parent=23346"}],"curies":[{"name":"wp","href":"https:\/\/api.w.org\/{rel}","templated":true}]}}