{"id":23333,"date":"2020-08-24T09:40:10","date_gmt":"2020-08-24T09:40:10","guid":{"rendered":"https:\/\/editwww.tvunetworks.com\/conseils-simple-logo-overlay-tvu-producteur-cynthia\/"},"modified":"2021-05-31T10:43:46","modified_gmt":"2021-05-31T10:43:46","slug":"how-to-use-overlay-feature-in-tvu-producer","status":"publish","type":"page","link":"https:\/\/www.tvunetworks.com\/fr\/how-to-use-overlay-feature-in-tvu-producer\/","title":{"rendered":"Tips \/ Simple Logo Overlay \/ TVU Producer  Cynthia"},"content":{"rendered":"","protected":false},"excerpt":{"rendered":"","protected":false},"author":5,"featured_media":0,"parent":0,"menu_order":0,"comment_status":"closed","ping_status":"closed","template":"pages\/template-add-info.php","meta":{"_acf_changed":false,"content-type":"","footnotes":""},"class_list":["post-23333","page","type-page","status-publish","hentry"],"acf":[],"yoast_head":"<!-- This site is optimized with the Yoast SEO plugin v25.0 - https:\/\/yoast.com\/wordpress\/plugins\/seo\/ -->\n<title>Comment utiliser la fonction de superposition dans TVU Producer | Production vid\u00e9o cloud<\/title>\n<meta name=\"description\" content=\"Ajoutez facilement des superpositions graphiques \u00e0 votre production vid\u00e9o en direct dans le cloud avec TVU Producer. Pas de mat\u00e9riel ou de logiciel install\u00e9, il suffit d\u2019obtenir votre connexion et d\u00e9marrer\" \/>\n<meta name=\"robots\" content=\"index, follow, max-snippet:-1, max-image-preview:large, max-video-preview:-1\" \/>\n<link rel=\"canonical\" href=\"https:\/\/www.tvunetworks.com\/fr\/how-to-use-overlay-feature-in-tvu-producer\/\" \/>\n<meta property=\"og:locale\" content=\"fr_FR\" \/>\n<meta property=\"og:type\" content=\"article\" \/>\n<meta property=\"og:title\" content=\"Comment utiliser la fonction de superposition dans TVU Producer | Production vid\u00e9o cloud\" \/>\n<meta property=\"og:description\" content=\"Ajoutez facilement des superpositions graphiques \u00e0 votre production vid\u00e9o en direct dans le cloud avec TVU Producer. Pas de mat\u00e9riel ou de logiciel install\u00e9, il suffit d\u2019obtenir votre connexion et d\u00e9marrer\" \/>\n<meta property=\"og:url\" content=\"https:\/\/www.tvunetworks.com\/fr\/wp-json\/wp\/v2\/pages\/23333\" \/>\n<meta property=\"og:site_name\" content=\"TVU Networks\" \/>\n<meta property=\"article:modified_time\" content=\"2021-05-31T10:43:46+00:00\" \/>\n<meta property=\"og:image\" content=\"https:\/\/www.tvunetworks.com\/wp-content\/uploads\/2022\/10\/web-banner-mobile-best-of-show-ibc-8.png\" \/>\n\t<meta property=\"og:image:width\" content=\"1324\" \/>\n\t<meta property=\"og:image:height\" content=\"2024\" \/>\n\t<meta property=\"og:image:type\" content=\"image\/png\" \/>\n<meta name=\"twitter:card\" content=\"summary_large_image\" \/>\n<script type=\"application\/ld+json\" class=\"yoast-schema-graph\">{\"@context\":\"https:\/\/schema.org\",\"@graph\":[{\"@type\":\"WebPage\",\"@id\":\"https:\/\/www.tvunetworks.com\/fr\/how-to-use-overlay-feature-in-tvu-producer\/\",\"url\":\"https:\/\/www.tvunetworks.com\/fr\/how-to-use-overlay-feature-in-tvu-producer\/\",\"name\":\"Comment utiliser la fonction de superposition dans TVU Producer | Production vid\u00e9o cloud\",\"isPartOf\":{\"@id\":\"https:\/\/www.tvunetworks.com\/fr\/#website\"},\"datePublished\":\"2020-08-24T09:40:10+00:00\",\"dateModified\":\"2021-05-31T10:43:46+00:00\",\"description\":\"Ajoutez facilement des superpositions graphiques \u00e0 votre production vid\u00e9o en direct dans le cloud avec TVU Producer. Pas de mat\u00e9riel ou de logiciel install\u00e9, il suffit d\u2019obtenir votre connexion et d\u00e9marrer\",\"breadcrumb\":{\"@id\":\"https:\/\/www.tvunetworks.com\/fr\/how-to-use-overlay-feature-in-tvu-producer\/#breadcrumb\"},\"inLanguage\":\"fr-FR\",\"potentialAction\":[{\"@type\":\"ReadAction\",\"target\":[\"https:\/\/www.tvunetworks.com\/fr\/how-to-use-overlay-feature-in-tvu-producer\/\"]}]},{\"@type\":\"BreadcrumbList\",\"@id\":\"https:\/\/www.tvunetworks.com\/fr\/how-to-use-overlay-feature-in-tvu-producer\/#breadcrumb\",\"itemListElement\":[{\"@type\":\"ListItem\",\"position\":1,\"name\":\"Home\",\"item\":\"https:\/\/editwww.tvunetworks.com\/fr\/\"},{\"@type\":\"ListItem\",\"position\":2,\"name\":\"Tips \/ Simple Logo Overlay \/ TVU Producer Cynthia\"}]},{\"@type\":\"WebSite\",\"@id\":\"https:\/\/www.tvunetworks.com\/fr\/#website\",\"url\":\"https:\/\/www.tvunetworks.com\/fr\/\",\"name\":\"TVU Networks\",\"description\":\"The lowest prices for your full LLC publishing compliance!\",\"publisher\":{\"@id\":\"https:\/\/www.tvunetworks.com\/fr\/#organization\"},\"potentialAction\":[{\"@type\":\"SearchAction\",\"target\":{\"@type\":\"EntryPoint\",\"urlTemplate\":\"https:\/\/www.tvunetworks.com\/fr\/?s={search_term_string}\"},\"query-input\":{\"@type\":\"PropertyValueSpecification\",\"valueRequired\":true,\"valueName\":\"search_term_string\"}}],\"inLanguage\":\"fr-FR\"},{\"@type\":\"Organization\",\"@id\":\"https:\/\/www.tvunetworks.com\/fr\/#organization\",\"name\":\"TVU Networks\",\"url\":\"https:\/\/www.tvunetworks.com\/fr\/\",\"logo\":{\"@type\":\"ImageObject\",\"inLanguage\":\"fr-FR\",\"@id\":\"https:\/\/www.tvunetworks.com\/fr\/#\/schema\/logo\/image\/\",\"url\":\"https:\/\/www.tvunetworks.com\/wp-content\/uploads\/2019\/07\/logo.svg\",\"contentUrl\":\"https:\/\/www.tvunetworks.com\/wp-content\/uploads\/2019\/07\/logo.svg\",\"caption\":\"TVU Networks\"},\"image\":{\"@id\":\"https:\/\/www.tvunetworks.com\/fr\/#\/schema\/logo\/image\/\"}}]}<\/script>\n<!-- \/ Yoast SEO plugin. -->","yoast_head_json":{"title":"Comment utiliser la fonction de superposition dans TVU Producer | Production vid\u00e9o cloud","description":"Ajoutez facilement des superpositions graphiques \u00e0 votre production vid\u00e9o en direct dans le cloud avec TVU Producer. Pas de mat\u00e9riel ou de logiciel install\u00e9, il suffit d\u2019obtenir votre connexion et d\u00e9marrer","robots":{"index":"index","follow":"follow","max-snippet":"max-snippet:-1","max-image-preview":"max-image-preview:large","max-video-preview":"max-video-preview:-1"},"canonical":"https:\/\/www.tvunetworks.com\/fr\/how-to-use-overlay-feature-in-tvu-producer\/","og_locale":"fr_FR","og_type":"article","og_title":"Comment utiliser la fonction de superposition dans TVU Producer | Production vid\u00e9o cloud","og_description":"Ajoutez facilement des superpositions graphiques \u00e0 votre production vid\u00e9o en direct dans le cloud avec TVU Producer. Pas de mat\u00e9riel ou de logiciel install\u00e9, il suffit d\u2019obtenir votre connexion et d\u00e9marrer","og_url":"https:\/\/www.tvunetworks.com\/fr\/wp-json\/wp\/v2\/pages\/23333","og_site_name":"TVU Networks","article_modified_time":"2021-05-31T10:43:46+00:00","og_image":[{"width":1324,"height":2024,"url":"https:\/\/www.tvunetworks.com\/wp-content\/uploads\/2022\/10\/web-banner-mobile-best-of-show-ibc-8.png","type":"image\/png"}],"twitter_card":"summary_large_image","schema":{"@context":"https:\/\/schema.org","@graph":[{"@type":"WebPage","@id":"https:\/\/www.tvunetworks.com\/fr\/how-to-use-overlay-feature-in-tvu-producer\/","url":"https:\/\/www.tvunetworks.com\/fr\/how-to-use-overlay-feature-in-tvu-producer\/","name":"Comment utiliser la fonction de superposition dans TVU Producer | Production vid\u00e9o cloud","isPartOf":{"@id":"https:\/\/www.tvunetworks.com\/fr\/#website"},"datePublished":"2020-08-24T09:40:10+00:00","dateModified":"2021-05-31T10:43:46+00:00","description":"Ajoutez facilement des superpositions graphiques \u00e0 votre production vid\u00e9o en direct dans le cloud avec TVU Producer. Pas de mat\u00e9riel ou de logiciel install\u00e9, il suffit d\u2019obtenir votre connexion et d\u00e9marrer","breadcrumb":{"@id":"https:\/\/www.tvunetworks.com\/fr\/how-to-use-overlay-feature-in-tvu-producer\/#breadcrumb"},"inLanguage":"fr-FR","potentialAction":[{"@type":"ReadAction","target":["https:\/\/www.tvunetworks.com\/fr\/how-to-use-overlay-feature-in-tvu-producer\/"]}]},{"@type":"BreadcrumbList","@id":"https:\/\/www.tvunetworks.com\/fr\/how-to-use-overlay-feature-in-tvu-producer\/#breadcrumb","itemListElement":[{"@type":"ListItem","position":1,"name":"Home","item":"https:\/\/editwww.tvunetworks.com\/fr\/"},{"@type":"ListItem","position":2,"name":"Tips \/ Simple Logo Overlay \/ TVU Producer Cynthia"}]},{"@type":"WebSite","@id":"https:\/\/www.tvunetworks.com\/fr\/#website","url":"https:\/\/www.tvunetworks.com\/fr\/","name":"TVU Networks","description":"The lowest prices for your full LLC publishing compliance!","publisher":{"@id":"https:\/\/www.tvunetworks.com\/fr\/#organization"},"potentialAction":[{"@type":"SearchAction","target":{"@type":"EntryPoint","urlTemplate":"https:\/\/www.tvunetworks.com\/fr\/?s={search_term_string}"},"query-input":{"@type":"PropertyValueSpecification","valueRequired":true,"valueName":"search_term_string"}}],"inLanguage":"fr-FR"},{"@type":"Organization","@id":"https:\/\/www.tvunetworks.com\/fr\/#organization","name":"TVU Networks","url":"https:\/\/www.tvunetworks.com\/fr\/","logo":{"@type":"ImageObject","inLanguage":"fr-FR","@id":"https:\/\/www.tvunetworks.com\/fr\/#\/schema\/logo\/image\/","url":"https:\/\/www.tvunetworks.com\/wp-content\/uploads\/2019\/07\/logo.svg","contentUrl":"https:\/\/www.tvunetworks.com\/wp-content\/uploads\/2019\/07\/logo.svg","caption":"TVU Networks"},"image":{"@id":"https:\/\/www.tvunetworks.com\/fr\/#\/schema\/logo\/image\/"}}]}},"_links":{"self":[{"href":"https:\/\/www.tvunetworks.com\/fr\/wp-json\/wp\/v2\/pages\/23333","targetHints":{"allow":["GET"]}}],"collection":[{"href":"https:\/\/www.tvunetworks.com\/fr\/wp-json\/wp\/v2\/pages"}],"about":[{"href":"https:\/\/www.tvunetworks.com\/fr\/wp-json\/wp\/v2\/types\/page"}],"author":[{"embeddable":true,"href":"https:\/\/www.tvunetworks.com\/fr\/wp-json\/wp\/v2\/users\/5"}],"replies":[{"embeddable":true,"href":"https:\/\/www.tvunetworks.com\/fr\/wp-json\/wp\/v2\/comments?post=23333"}],"version-history":[{"count":2,"href":"https:\/\/www.tvunetworks.com\/fr\/wp-json\/wp\/v2\/pages\/23333\/revisions"}],"predecessor-version":[{"id":45642,"href":"https:\/\/www.tvunetworks.com\/fr\/wp-json\/wp\/v2\/pages\/23333\/revisions\/45642"}],"wp:attachment":[{"href":"https:\/\/www.tvunetworks.com\/fr\/wp-json\/wp\/v2\/media?parent=23333"}],"curies":[{"name":"wp","href":"https:\/\/api.w.org\/{rel}","templated":true}]}}