{"id":23304,"date":"2020-08-24T09:40:03","date_gmt":"2020-08-24T09:40:03","guid":{"rendered":"https:\/\/editwww.tvunetworks.com\/conseils-tvu-one-hotspot-tvu-anywhere-app\/"},"modified":"2021-06-02T14:44:55","modified_gmt":"2021-06-02T14:44:55","slug":"how-to-use-tvu-one-hotspot-video-router","status":"publish","type":"page","link":"https:\/\/www.tvunetworks.com\/fr\/how-to-use-tvu-one-hotspot-video-router\/","title":{"rendered":"Tips \/ TVU One HotSpot \/ TVU Anywhere app."},"content":{"rendered":"","protected":false},"excerpt":{"rendered":"","protected":false},"author":5,"featured_media":0,"parent":0,"menu_order":0,"comment_status":"closed","ping_status":"closed","template":"pages\/template-add-info.php","meta":{"_acf_changed":false,"content-type":"","footnotes":""},"class_list":["post-23304","page","type-page","status-publish","hentry"],"acf":[],"yoast_head":"<!-- This site is optimized with the Yoast SEO plugin v25.0 - https:\/\/yoast.com\/wordpress\/plugins\/seo\/ -->\n<title>Utilisez TVU One HotSpot avec application mobile | Routeur vid\u00e9o | Diffusion sur IP<\/title>\n<meta name=\"description\" content=\"Comment d\u00e9finir votre \u00e9metteur TVU One comme un HotSpot pour augmenter la bande passante de votre application mobile TVU Anywhere. pour la diffusion mobile et la diffusion en direct de la vid\u00e9o.\" \/>\n<meta name=\"robots\" content=\"index, follow, max-snippet:-1, max-image-preview:large, max-video-preview:-1\" \/>\n<link rel=\"canonical\" href=\"https:\/\/www.tvunetworks.com\/fr\/how-to-use-tvu-one-hotspot-video-router\/\" \/>\n<meta property=\"og:locale\" content=\"fr_FR\" \/>\n<meta property=\"og:type\" content=\"article\" \/>\n<meta property=\"og:title\" content=\"Utilisez TVU One HotSpot avec application mobile | Routeur vid\u00e9o | Diffusion sur IP\" \/>\n<meta property=\"og:description\" content=\"Comment d\u00e9finir votre \u00e9metteur TVU One comme un HotSpot pour augmenter la bande passante de votre application mobile TVU Anywhere. pour la diffusion mobile et la diffusion en direct de la vid\u00e9o.\" \/>\n<meta property=\"og:url\" content=\"https:\/\/www.tvunetworks.com\/fr\/wp-json\/wp\/v2\/pages\/23304\" \/>\n<meta property=\"og:site_name\" content=\"TVU Networks\" \/>\n<meta property=\"article:modified_time\" content=\"2021-06-02T14:44:55+00:00\" \/>\n<meta property=\"og:image\" content=\"https:\/\/www.tvunetworks.com\/wp-content\/uploads\/2022\/10\/web-banner-mobile-best-of-show-ibc-8.png\" \/>\n\t<meta property=\"og:image:width\" content=\"1324\" \/>\n\t<meta property=\"og:image:height\" content=\"2024\" \/>\n\t<meta property=\"og:image:type\" content=\"image\/png\" \/>\n<meta name=\"twitter:card\" content=\"summary_large_image\" \/>\n<script type=\"application\/ld+json\" class=\"yoast-schema-graph\">{\"@context\":\"https:\/\/schema.org\",\"@graph\":[{\"@type\":\"WebPage\",\"@id\":\"https:\/\/www.tvunetworks.com\/fr\/how-to-use-tvu-one-hotspot-video-router\/\",\"url\":\"https:\/\/www.tvunetworks.com\/fr\/how-to-use-tvu-one-hotspot-video-router\/\",\"name\":\"Utilisez TVU One HotSpot avec application mobile | Routeur vid\u00e9o | Diffusion sur IP\",\"isPartOf\":{\"@id\":\"https:\/\/www.tvunetworks.com\/fr\/#website\"},\"datePublished\":\"2020-08-24T09:40:03+00:00\",\"dateModified\":\"2021-06-02T14:44:55+00:00\",\"description\":\"Comment d\u00e9finir votre \u00e9metteur TVU One comme un HotSpot pour augmenter la bande passante de votre application mobile TVU Anywhere. pour la diffusion mobile et la diffusion en direct de la vid\u00e9o.\",\"breadcrumb\":{\"@id\":\"https:\/\/www.tvunetworks.com\/fr\/how-to-use-tvu-one-hotspot-video-router\/#breadcrumb\"},\"inLanguage\":\"fr-FR\",\"potentialAction\":[{\"@type\":\"ReadAction\",\"target\":[\"https:\/\/www.tvunetworks.com\/fr\/how-to-use-tvu-one-hotspot-video-router\/\"]}]},{\"@type\":\"BreadcrumbList\",\"@id\":\"https:\/\/www.tvunetworks.com\/fr\/how-to-use-tvu-one-hotspot-video-router\/#breadcrumb\",\"itemListElement\":[{\"@type\":\"ListItem\",\"position\":1,\"name\":\"Home\",\"item\":\"https:\/\/editwww.tvunetworks.com\/fr\/\"},{\"@type\":\"ListItem\",\"position\":2,\"name\":\"Tips \/ TVU One HotSpot \/ TVU Anywhere app.\"}]},{\"@type\":\"WebSite\",\"@id\":\"https:\/\/www.tvunetworks.com\/fr\/#website\",\"url\":\"https:\/\/www.tvunetworks.com\/fr\/\",\"name\":\"TVU Networks\",\"description\":\"The lowest prices for your full LLC publishing compliance!\",\"publisher\":{\"@id\":\"https:\/\/www.tvunetworks.com\/fr\/#organization\"},\"potentialAction\":[{\"@type\":\"SearchAction\",\"target\":{\"@type\":\"EntryPoint\",\"urlTemplate\":\"https:\/\/www.tvunetworks.com\/fr\/?s={search_term_string}\"},\"query-input\":{\"@type\":\"PropertyValueSpecification\",\"valueRequired\":true,\"valueName\":\"search_term_string\"}}],\"inLanguage\":\"fr-FR\"},{\"@type\":\"Organization\",\"@id\":\"https:\/\/www.tvunetworks.com\/fr\/#organization\",\"name\":\"TVU Networks\",\"url\":\"https:\/\/www.tvunetworks.com\/fr\/\",\"logo\":{\"@type\":\"ImageObject\",\"inLanguage\":\"fr-FR\",\"@id\":\"https:\/\/www.tvunetworks.com\/fr\/#\/schema\/logo\/image\/\",\"url\":\"https:\/\/www.tvunetworks.com\/wp-content\/uploads\/2019\/07\/logo.svg\",\"contentUrl\":\"https:\/\/www.tvunetworks.com\/wp-content\/uploads\/2019\/07\/logo.svg\",\"caption\":\"TVU Networks\"},\"image\":{\"@id\":\"https:\/\/www.tvunetworks.com\/fr\/#\/schema\/logo\/image\/\"}}]}<\/script>\n<!-- \/ Yoast SEO plugin. -->","yoast_head_json":{"title":"Utilisez TVU One HotSpot avec application mobile | Routeur vid\u00e9o | Diffusion sur IP","description":"Comment d\u00e9finir votre \u00e9metteur TVU One comme un HotSpot pour augmenter la bande passante de votre application mobile TVU Anywhere. pour la diffusion mobile et la diffusion en direct de la vid\u00e9o.","robots":{"index":"index","follow":"follow","max-snippet":"max-snippet:-1","max-image-preview":"max-image-preview:large","max-video-preview":"max-video-preview:-1"},"canonical":"https:\/\/www.tvunetworks.com\/fr\/how-to-use-tvu-one-hotspot-video-router\/","og_locale":"fr_FR","og_type":"article","og_title":"Utilisez TVU One HotSpot avec application mobile | Routeur vid\u00e9o | Diffusion sur IP","og_description":"Comment d\u00e9finir votre \u00e9metteur TVU One comme un HotSpot pour augmenter la bande passante de votre application mobile TVU Anywhere. pour la diffusion mobile et la diffusion en direct de la vid\u00e9o.","og_url":"https:\/\/www.tvunetworks.com\/fr\/wp-json\/wp\/v2\/pages\/23304","og_site_name":"TVU Networks","article_modified_time":"2021-06-02T14:44:55+00:00","og_image":[{"width":1324,"height":2024,"url":"https:\/\/www.tvunetworks.com\/wp-content\/uploads\/2022\/10\/web-banner-mobile-best-of-show-ibc-8.png","type":"image\/png"}],"twitter_card":"summary_large_image","schema":{"@context":"https:\/\/schema.org","@graph":[{"@type":"WebPage","@id":"https:\/\/www.tvunetworks.com\/fr\/how-to-use-tvu-one-hotspot-video-router\/","url":"https:\/\/www.tvunetworks.com\/fr\/how-to-use-tvu-one-hotspot-video-router\/","name":"Utilisez TVU One HotSpot avec application mobile | Routeur vid\u00e9o | Diffusion sur IP","isPartOf":{"@id":"https:\/\/www.tvunetworks.com\/fr\/#website"},"datePublished":"2020-08-24T09:40:03+00:00","dateModified":"2021-06-02T14:44:55+00:00","description":"Comment d\u00e9finir votre \u00e9metteur TVU One comme un HotSpot pour augmenter la bande passante de votre application mobile TVU Anywhere. pour la diffusion mobile et la diffusion en direct de la vid\u00e9o.","breadcrumb":{"@id":"https:\/\/www.tvunetworks.com\/fr\/how-to-use-tvu-one-hotspot-video-router\/#breadcrumb"},"inLanguage":"fr-FR","potentialAction":[{"@type":"ReadAction","target":["https:\/\/www.tvunetworks.com\/fr\/how-to-use-tvu-one-hotspot-video-router\/"]}]},{"@type":"BreadcrumbList","@id":"https:\/\/www.tvunetworks.com\/fr\/how-to-use-tvu-one-hotspot-video-router\/#breadcrumb","itemListElement":[{"@type":"ListItem","position":1,"name":"Home","item":"https:\/\/editwww.tvunetworks.com\/fr\/"},{"@type":"ListItem","position":2,"name":"Tips \/ TVU One HotSpot \/ TVU Anywhere app."}]},{"@type":"WebSite","@id":"https:\/\/www.tvunetworks.com\/fr\/#website","url":"https:\/\/www.tvunetworks.com\/fr\/","name":"TVU Networks","description":"The lowest prices for your full LLC publishing compliance!","publisher":{"@id":"https:\/\/www.tvunetworks.com\/fr\/#organization"},"potentialAction":[{"@type":"SearchAction","target":{"@type":"EntryPoint","urlTemplate":"https:\/\/www.tvunetworks.com\/fr\/?s={search_term_string}"},"query-input":{"@type":"PropertyValueSpecification","valueRequired":true,"valueName":"search_term_string"}}],"inLanguage":"fr-FR"},{"@type":"Organization","@id":"https:\/\/www.tvunetworks.com\/fr\/#organization","name":"TVU Networks","url":"https:\/\/www.tvunetworks.com\/fr\/","logo":{"@type":"ImageObject","inLanguage":"fr-FR","@id":"https:\/\/www.tvunetworks.com\/fr\/#\/schema\/logo\/image\/","url":"https:\/\/www.tvunetworks.com\/wp-content\/uploads\/2019\/07\/logo.svg","contentUrl":"https:\/\/www.tvunetworks.com\/wp-content\/uploads\/2019\/07\/logo.svg","caption":"TVU Networks"},"image":{"@id":"https:\/\/www.tvunetworks.com\/fr\/#\/schema\/logo\/image\/"}}]}},"_links":{"self":[{"href":"https:\/\/www.tvunetworks.com\/fr\/wp-json\/wp\/v2\/pages\/23304","targetHints":{"allow":["GET"]}}],"collection":[{"href":"https:\/\/www.tvunetworks.com\/fr\/wp-json\/wp\/v2\/pages"}],"about":[{"href":"https:\/\/www.tvunetworks.com\/fr\/wp-json\/wp\/v2\/types\/page"}],"author":[{"embeddable":true,"href":"https:\/\/www.tvunetworks.com\/fr\/wp-json\/wp\/v2\/users\/5"}],"replies":[{"embeddable":true,"href":"https:\/\/www.tvunetworks.com\/fr\/wp-json\/wp\/v2\/comments?post=23304"}],"version-history":[{"count":2,"href":"https:\/\/www.tvunetworks.com\/fr\/wp-json\/wp\/v2\/pages\/23304\/revisions"}],"predecessor-version":[{"id":45743,"href":"https:\/\/www.tvunetworks.com\/fr\/wp-json\/wp\/v2\/pages\/23304\/revisions\/45743"}],"wp:attachment":[{"href":"https:\/\/www.tvunetworks.com\/fr\/wp-json\/wp\/v2\/media?parent=23304"}],"curies":[{"name":"wp","href":"https:\/\/api.w.org\/{rel}","templated":true}]}}