{"id":132572,"date":"2023-12-11T12:30:24","date_gmt":"2023-12-11T12:30:24","guid":{"rendered":"https:\/\/editwww.tvunetworks.com\/?page_id=132572"},"modified":"2024-05-17T14:34:04","modified_gmt":"2024-05-17T14:34:04","slug":"nouvelle-page-daccueil","status":"publish","type":"page","link":"https:\/\/www.tvunetworks.com\/fr\/","title":{"rendered":"Nouvelle page d&rsquo;accueil"},"content":{"rendered":"","protected":false},"excerpt":{"rendered":"","protected":false},"author":20,"featured_media":131488,"parent":0,"menu_order":0,"comment_status":"closed","ping_status":"closed","template":"pages\/template-new-home-v2.php","meta":{"_acf_changed":false,"content-type":"","footnotes":""},"class_list":["post-132572","page","type-page","status-publish","has-post-thumbnail","hentry"],"acf":[],"yoast_head":"<!-- This site is optimized with the Yoast SEO plugin v25.0 - https:\/\/yoast.com\/wordpress\/plugins\/seo\/ -->\n<title>TVU Networks | Transformer le flux de travail des m\u00e9dias de diffusion en direct en num\u00e9rique<\/title>\n<meta name=\"description\" content=\"\u00c9levez votre cha\u00eene d&#039;approvisionnement m\u00e9diatique : transmission vid\u00e9o en direct, production, routage et playout en nuage et hybride via IP, 5G et IA pour le sport et l&#039;actualit\u00e9.\" \/>\n<meta name=\"robots\" content=\"index, follow, max-snippet:-1, max-image-preview:large, max-video-preview:-1\" \/>\n<link rel=\"canonical\" href=\"https:\/\/www.tvunetworks.com\/fr\/\" \/>\n<meta property=\"og:locale\" content=\"fr_FR\" \/>\n<meta property=\"og:type\" content=\"article\" \/>\n<meta property=\"og:title\" content=\"TVU Networks | Transformer le flux de travail des m\u00e9dias de diffusion en direct en num\u00e9rique\" \/>\n<meta property=\"og:description\" content=\"\u00c9levez votre cha\u00eene d&#039;approvisionnement m\u00e9diatique : transmission vid\u00e9o en direct, production, routage et playout en nuage et hybride via IP, 5G et IA pour le sport et l&#039;actualit\u00e9.\" \/>\n<meta property=\"og:url\" content=\"https:\/\/www.tvunetworks.com\/fr\/wp-json\/wp\/v2\/pages\/132572\" \/>\n<meta property=\"og:site_name\" content=\"TVU Networks\" \/>\n<meta property=\"article:modified_time\" content=\"2024-05-17T14:34:04+00:00\" \/>\n<meta property=\"og:image\" content=\"https:\/\/www.tvunetworks.com\/wp-content\/uploads\/2023\/11\/video-format.webp\" \/>\n\t<meta property=\"og:image:width\" content=\"722\" \/>\n\t<meta property=\"og:image:height\" content=\"809\" \/>\n\t<meta property=\"og:image:type\" content=\"image\/webp\" \/>\n<meta name=\"twitter:card\" content=\"summary_large_image\" \/>\n<meta name=\"twitter:label1\" content=\"Dur\u00e9e de lecture estim\u00e9e\" \/>\n\t<meta name=\"twitter:data1\" content=\"1 minute\" \/>\n<script type=\"application\/ld+json\" class=\"yoast-schema-graph\">{\"@context\":\"https:\/\/schema.org\",\"@graph\":[{\"@type\":\"WebPage\",\"@id\":\"https:\/\/www.tvunetworks.com\/fr\/\",\"url\":\"https:\/\/www.tvunetworks.com\/fr\/\",\"name\":\"TVU Networks | Transformer le flux de travail des m\u00e9dias de diffusion en direct en num\u00e9rique\",\"isPartOf\":{\"@id\":\"https:\/\/www.tvunetworks.com\/fr\/#website\"},\"primaryImageOfPage\":{\"@id\":\"https:\/\/www.tvunetworks.com\/fr\/#primaryimage\"},\"image\":{\"@id\":\"https:\/\/www.tvunetworks.com\/fr\/#primaryimage\"},\"thumbnailUrl\":\"https:\/\/www.tvunetworks.com\/wp-content\/uploads\/2023\/11\/video-format.webp\",\"datePublished\":\"2023-12-11T12:30:24+00:00\",\"dateModified\":\"2024-05-17T14:34:04+00:00\",\"description\":\"\u00c9levez votre cha\u00eene d'approvisionnement m\u00e9diatique : transmission vid\u00e9o en direct, production, routage et playout en nuage et hybride via IP, 5G et IA pour le sport et l'actualit\u00e9.\",\"breadcrumb\":{\"@id\":\"https:\/\/www.tvunetworks.com\/fr\/#breadcrumb\"},\"inLanguage\":\"fr-FR\",\"potentialAction\":[{\"@type\":\"ReadAction\",\"target\":[\"https:\/\/www.tvunetworks.com\/fr\/\"]}]},{\"@type\":\"ImageObject\",\"inLanguage\":\"fr-FR\",\"@id\":\"https:\/\/www.tvunetworks.com\/fr\/#primaryimage\",\"url\":\"https:\/\/www.tvunetworks.com\/wp-content\/uploads\/2023\/11\/video-format.webp\",\"contentUrl\":\"https:\/\/www.tvunetworks.com\/wp-content\/uploads\/2023\/11\/video-format.webp\",\"width\":722,\"height\":809,\"caption\":\"TVU Networks offers a comprehensive media supply chain capable of inputing and outputting any video format\"},{\"@type\":\"BreadcrumbList\",\"@id\":\"https:\/\/www.tvunetworks.com\/fr\/#breadcrumb\",\"itemListElement\":[{\"@type\":\"ListItem\",\"position\":1,\"name\":\"Home\",\"item\":\"https:\/\/editwww.tvunetworks.com\/fr\/\"},{\"@type\":\"ListItem\",\"position\":2,\"name\":\"Nouvelle page d&#8217;accueil\"}]},{\"@type\":\"WebSite\",\"@id\":\"https:\/\/www.tvunetworks.com\/fr\/#website\",\"url\":\"https:\/\/www.tvunetworks.com\/fr\/\",\"name\":\"TVU Networks\",\"description\":\"The lowest prices for your full LLC publishing compliance!\",\"publisher\":{\"@id\":\"https:\/\/www.tvunetworks.com\/fr\/#organization\"},\"potentialAction\":[{\"@type\":\"SearchAction\",\"target\":{\"@type\":\"EntryPoint\",\"urlTemplate\":\"https:\/\/www.tvunetworks.com\/fr\/?s={search_term_string}\"},\"query-input\":{\"@type\":\"PropertyValueSpecification\",\"valueRequired\":true,\"valueName\":\"search_term_string\"}}],\"inLanguage\":\"fr-FR\"},{\"@type\":\"Organization\",\"@id\":\"https:\/\/www.tvunetworks.com\/fr\/#organization\",\"name\":\"TVU Networks\",\"url\":\"https:\/\/www.tvunetworks.com\/fr\/\",\"logo\":{\"@type\":\"ImageObject\",\"inLanguage\":\"fr-FR\",\"@id\":\"https:\/\/www.tvunetworks.com\/fr\/#\/schema\/logo\/image\/\",\"url\":\"https:\/\/www.tvunetworks.com\/wp-content\/uploads\/2019\/07\/logo.svg\",\"contentUrl\":\"https:\/\/www.tvunetworks.com\/wp-content\/uploads\/2019\/07\/logo.svg\",\"caption\":\"TVU Networks\"},\"image\":{\"@id\":\"https:\/\/www.tvunetworks.com\/fr\/#\/schema\/logo\/image\/\"}}]}<\/script>\n<!-- \/ Yoast SEO plugin. -->","yoast_head_json":{"title":"TVU Networks | Transformer le flux de travail des m\u00e9dias de diffusion en direct en num\u00e9rique","description":"\u00c9levez votre cha\u00eene d'approvisionnement m\u00e9diatique : transmission vid\u00e9o en direct, production, routage et playout en nuage et hybride via IP, 5G et IA pour le sport et l'actualit\u00e9.","robots":{"index":"index","follow":"follow","max-snippet":"max-snippet:-1","max-image-preview":"max-image-preview:large","max-video-preview":"max-video-preview:-1"},"canonical":"https:\/\/www.tvunetworks.com\/fr\/","og_locale":"fr_FR","og_type":"article","og_title":"TVU Networks | Transformer le flux de travail des m\u00e9dias de diffusion en direct en num\u00e9rique","og_description":"\u00c9levez votre cha\u00eene d'approvisionnement m\u00e9diatique : transmission vid\u00e9o en direct, production, routage et playout en nuage et hybride via IP, 5G et IA pour le sport et l'actualit\u00e9.","og_url":"https:\/\/www.tvunetworks.com\/fr\/wp-json\/wp\/v2\/pages\/132572","og_site_name":"TVU Networks","article_modified_time":"2024-05-17T14:34:04+00:00","og_image":[{"width":722,"height":809,"url":"https:\/\/www.tvunetworks.com\/wp-content\/uploads\/2023\/11\/video-format.webp","type":"image\/webp"}],"twitter_card":"summary_large_image","twitter_misc":{"Dur\u00e9e de lecture estim\u00e9e":"1 minute"},"schema":{"@context":"https:\/\/schema.org","@graph":[{"@type":"WebPage","@id":"https:\/\/www.tvunetworks.com\/fr\/","url":"https:\/\/www.tvunetworks.com\/fr\/","name":"TVU Networks | Transformer le flux de travail des m\u00e9dias de diffusion en direct en num\u00e9rique","isPartOf":{"@id":"https:\/\/www.tvunetworks.com\/fr\/#website"},"primaryImageOfPage":{"@id":"https:\/\/www.tvunetworks.com\/fr\/#primaryimage"},"image":{"@id":"https:\/\/www.tvunetworks.com\/fr\/#primaryimage"},"thumbnailUrl":"https:\/\/www.tvunetworks.com\/wp-content\/uploads\/2023\/11\/video-format.webp","datePublished":"2023-12-11T12:30:24+00:00","dateModified":"2024-05-17T14:34:04+00:00","description":"\u00c9levez votre cha\u00eene d'approvisionnement m\u00e9diatique : transmission vid\u00e9o en direct, production, routage et playout en nuage et hybride via IP, 5G et IA pour le sport et l'actualit\u00e9.","breadcrumb":{"@id":"https:\/\/www.tvunetworks.com\/fr\/#breadcrumb"},"inLanguage":"fr-FR","potentialAction":[{"@type":"ReadAction","target":["https:\/\/www.tvunetworks.com\/fr\/"]}]},{"@type":"ImageObject","inLanguage":"fr-FR","@id":"https:\/\/www.tvunetworks.com\/fr\/#primaryimage","url":"https:\/\/www.tvunetworks.com\/wp-content\/uploads\/2023\/11\/video-format.webp","contentUrl":"https:\/\/www.tvunetworks.com\/wp-content\/uploads\/2023\/11\/video-format.webp","width":722,"height":809,"caption":"TVU Networks offers a comprehensive media supply chain capable of inputing and outputting any video format"},{"@type":"BreadcrumbList","@id":"https:\/\/www.tvunetworks.com\/fr\/#breadcrumb","itemListElement":[{"@type":"ListItem","position":1,"name":"Home","item":"https:\/\/editwww.tvunetworks.com\/fr\/"},{"@type":"ListItem","position":2,"name":"Nouvelle page d&#8217;accueil"}]},{"@type":"WebSite","@id":"https:\/\/www.tvunetworks.com\/fr\/#website","url":"https:\/\/www.tvunetworks.com\/fr\/","name":"TVU Networks","description":"The lowest prices for your full LLC publishing compliance!","publisher":{"@id":"https:\/\/www.tvunetworks.com\/fr\/#organization"},"potentialAction":[{"@type":"SearchAction","target":{"@type":"EntryPoint","urlTemplate":"https:\/\/www.tvunetworks.com\/fr\/?s={search_term_string}"},"query-input":{"@type":"PropertyValueSpecification","valueRequired":true,"valueName":"search_term_string"}}],"inLanguage":"fr-FR"},{"@type":"Organization","@id":"https:\/\/www.tvunetworks.com\/fr\/#organization","name":"TVU Networks","url":"https:\/\/www.tvunetworks.com\/fr\/","logo":{"@type":"ImageObject","inLanguage":"fr-FR","@id":"https:\/\/www.tvunetworks.com\/fr\/#\/schema\/logo\/image\/","url":"https:\/\/www.tvunetworks.com\/wp-content\/uploads\/2019\/07\/logo.svg","contentUrl":"https:\/\/www.tvunetworks.com\/wp-content\/uploads\/2019\/07\/logo.svg","caption":"TVU Networks"},"image":{"@id":"https:\/\/www.tvunetworks.com\/fr\/#\/schema\/logo\/image\/"}}]}},"_links":{"self":[{"href":"https:\/\/www.tvunetworks.com\/fr\/wp-json\/wp\/v2\/pages\/132572","targetHints":{"allow":["GET"]}}],"collection":[{"href":"https:\/\/www.tvunetworks.com\/fr\/wp-json\/wp\/v2\/pages"}],"about":[{"href":"https:\/\/www.tvunetworks.com\/fr\/wp-json\/wp\/v2\/types\/page"}],"author":[{"embeddable":true,"href":"https:\/\/www.tvunetworks.com\/fr\/wp-json\/wp\/v2\/users\/20"}],"replies":[{"embeddable":true,"href":"https:\/\/www.tvunetworks.com\/fr\/wp-json\/wp\/v2\/comments?post=132572"}],"version-history":[{"count":2,"href":"https:\/\/www.tvunetworks.com\/fr\/wp-json\/wp\/v2\/pages\/132572\/revisions"}],"predecessor-version":[{"id":137842,"href":"https:\/\/www.tvunetworks.com\/fr\/wp-json\/wp\/v2\/pages\/132572\/revisions\/137842"}],"wp:featuredmedia":[{"embeddable":true,"href":"https:\/\/www.tvunetworks.com\/fr\/wp-json\/wp\/v2\/media\/131488"}],"wp:attachment":[{"href":"https:\/\/www.tvunetworks.com\/fr\/wp-json\/wp\/v2\/media?parent=132572"}],"curies":[{"name":"wp","href":"https:\/\/api.w.org\/{rel}","templated":true}]}}