{"id":80735,"date":"2022-11-01T17:49:06","date_gmt":"2022-11-01T17:49:06","guid":{"rendered":"https:\/\/editwww.tvunetworks.com\/?page_id=80735"},"modified":"2022-11-03T13:10:11","modified_gmt":"2022-11-03T13:10:11","slug":"tvu-one-survey-giveaway-terms-conditions","status":"publish","type":"page","link":"https:\/\/www.tvunetworks.com\/es\/tvu-one-survey-giveaway-terms-conditions\/","title":{"rendered":"TVU One Survey &amp; Giveaway Terms &amp; Conditions"},"content":{"rendered":"\n<h2 class=\"wp-block-heading\">T\u00e9rminos y condiciones de la encuesta TVU One<\/h2>\n\n\n\n<h3 class=\"wp-block-heading\"><strong>T\u00e9rminos y condiciones de participaci\u00f3n<\/strong><\/h3>\n\n\n\n<p><strong>NO ES NECESARIO REALIZAR NINGUNA COMPRA PARA PARTICIPAR O GANAR. UNA COMPRA NO AUMENTA LAS POSIBILIDADES DE GANAR.<\/strong><\/p>\n\n\n\n<p><strong>1. Elegibilidad:<\/strong> El sorteo est\u00e1 abierto a personas que completen todo el proceso de registro al realizar la encuesta y que tengan 18 a\u00f1os a partir de la fecha de inscripci\u00f3n. El sorteo est\u00e1 abierto a residentes legales de todos los pa\u00edses, pero es nulo en pa\u00edses, estados o provincias donde lo proh\u00edba la ley. Los empleados, contratistas independientes y agentes de TVU Networks (el \u00abPatrocinador\u00bb) y sus afiliados, subsidiarias, agencias de publicidad y promoci\u00f3n, proveedores y sus familiares inmediatos y \/ o aquellos que viven en el mismo hogar de cada uno no son elegibles para participar en el Sorteo. El sorteo est\u00e1 sujeto a todas las leyes y regulaciones nacionales, regionales, federales, estatales y locales aplicables. <strong>Nulo donde lo proh\u00edba la ley.<\/strong><strong>&nbsp;<\/strong><\/p>\n\n\n\n<p><strong>2. Aceptaci\u00f3n de las Reglas:<\/strong> Al participar, usted acepta estar total e incondicionalmente obligado por estas Reglas, y declara y garantiza que cumple con los requisitos de elegibilidad establecidos en este documento. Adem\u00e1s, usted acepta aceptar la decisi\u00f3n de TVU Networks como definitiva y vinculante en lo que respecta al sorteo.&nbsp;<\/p>\n\n\n\n<p><strong>3. Per\u00edodo de regalo<\/strong> : Las inscripciones se aceptar\u00e1n en l\u00ednea a partir del 11\/3\/2022 a las 12:00 a.m., hora est\u00e1ndar del este de EE. UU. y finalizando el 5\/12\/2022. Todas las inscripciones en l\u00ednea deben recibirse antes del 12\/05\/2022 a las 11:59 p.m., hora est\u00e1ndar del este de EE. UU.<\/p>\n\n\n\n<p><strong>4. C\u00f3mo participar:<\/strong> El sorteo se ingresa completando la encuesta que consiste en preguntas cortas sobre c\u00f3mo usar\u00eda TVU One, qu\u00e9 considera m\u00e1s importante al seleccionar soluciones de transmisi\u00f3n remota y otras preguntas de producci\u00f3n de transmisi\u00f3n en vivo utilizando el formulario en l\u00ednea provisto. La participaci\u00f3n debe cumplir con todos los requisitos del sorteo, seg\u00fan lo especificado, para ser elegible para ganar un premio. Las inscripciones que no est\u00e9n completas o no cumplan con las reglas o especificaciones pueden ser descalificadas. Puede ingresar una sola vez y debe completar la informaci\u00f3n solicitada. No puede ingresar m\u00e1s veces de las indicadas mediante el uso de m\u00faltiples direcciones de correo electr\u00f3nico, identidades o dispositivos en un intento de eludir las reglas. Si utiliza m\u00e9todos fraudulentos o intenta eludir las reglas, su env\u00edo puede ser eliminado de la elegibilidad a discreci\u00f3n exclusiva de TVU Networks.&nbsp; <a href=\"https:\/\/www.tvunetworks.com\/tvu-one-giveaway-secondary-participation\/\">hola<\/a><\/p>\n\n\n\n<p><strong>5. Premios:<\/strong> *El ganador recibir\u00e1 un TVU One de un valor aproximado de US$22,000. El valor real\/tasado puede diferir en el momento de la concesi\u00f3n del premio. Los detalles del premio ser\u00e1n determinados \u00fanicamente por el Patrocinador; El Patrocinador se reserva el derecho de sustituir un art\u00edculo de premio de igual o mayor valor. No se permite la sustituci\u00f3n de dinero en efectivo u otro premio, excepto a discreci\u00f3n del Patrocinador. El premio no es transferible. TVU Networks ser\u00e1 responsable de enviar el premio al ganador.&nbsp; Todos y cada uno de los dem\u00e1s gastos relacionados con el premio, incluidos, entre otros, todos y cada uno de los impuestos nacionales, federales, estatales y \/ o locales, ser\u00e1n responsabilidad exclusiva del ganador. No se permite la sustituci\u00f3n del premio o la transferencia\/asignaci\u00f3n del premio a terceros o la solicitud del equivalente en efectivo por parte de los ganadores. <strong>&nbsp;Nota importante:<\/strong>&nbsp; La aceptaci\u00f3n del premio por parte del ganador constituye un permiso para que TVU Networks use el nombre y la imagen del ganador, y la participaci\u00f3n con fines publicitarios y comerciales sin compensaci\u00f3n adicional, a menos que lo proh\u00edba la ley. El ganador tambi\u00e9n deber\u00e1 enviar 3 fotos de s\u00ed mismo y 1 video de al menos 10 segundos de duraci\u00f3n usando el TVU One.<\/p>\n\n\n\n<p><strong>6. Probabilidades: <\/strong>Las probabilidades de ganar dependen del n\u00famero de participaciones elegibles recibidas.<\/p>\n\n\n\n<p><strong>7. Selecci\u00f3n y notificaci\u00f3n del ganador: <\/strong>Habr\u00e1 un ganador del Sorteo, seleccionado en un sorteo al azar bajo la supervisi\u00f3n del Patrocinador. El ganador ser\u00e1 notificado por correo electr\u00f3nico a la direcci\u00f3n de correo electr\u00f3nico que proporcion\u00f3 al participar en el sorteo dentro de los cinco (5) d\u00edas posteriores a la selecci\u00f3n del ganador. TVU Networks no tendr\u00e1 ninguna responsabilidad por la falta de recepci\u00f3n de avisos por parte del ganador debido al spam, correo electr\u00f3nico no deseado, bloqueadores de ventanas emergentes u otras configuraciones de seguridad de los ganadores o por la provisi\u00f3n de informaci\u00f3n de contacto incorrecta o que no funcione por parte de los ganadores. Si no se puede contactar al ganador seleccionado, no es elegible, no responde a la notificaci\u00f3n dentro de los 15 d\u00edas posteriores al momento en que se envi\u00f3 la notificaci\u00f3n del premio, o no devuelve oportunamente una declaraci\u00f3n completa y ejecutada y libera seg\u00fan lo requerido, el premio puede perderse y se puede seleccionar un ganador alternativo.<\/p>\n\n\n\n<p>La recepci\u00f3n por parte del ganador del premio ofrecido en este Sorteo est\u00e1 condicionada al cumplimiento de todas y cada una de las leyes y regulaciones nacionales, federales y estatales. CUALQUIER VIOLACI\u00d3N DE ESTAS REGLAS OFICIALES POR PARTE DE CUALQUIER GANADOR (A DISCRECI\u00d3N EXCLUSIVA DEL PATROCINADOR) RESULTAR\u00c1 EN LA DESCALIFICACI\u00d3N DE DICHO GANADOR COMO GANADOR DEL SORTEO Y TODOS LOS PRIVILEGIOS COMO GANADOR SER\u00c1N CANCELADOS INMEDIATAMENTE.<\/p>\n\n\n\n<p><strong>8. Derechos otorgados por usted:<\/strong> Al ingresar este contenido, usted entiende que TVU Networks, cualquier persona que act\u00fae en nombre de TVU Networks o sus respectivos licenciatarios, sucesores y cesionarios tendr\u00e1 el derecho, donde lo permita la ley, sin previo aviso, revisi\u00f3n o consentimiento para imprimir, publicar, transmitir, distribuir y usar, en todo el mundo en cualquier medio ahora conocido o en el futuro a perpetuidad y en todo el mundo, incluyendo, sin limitaci\u00f3n, el&nbsp; Nombre del ganador, retrato, imagen, voz, imagen, imagen o declaraciones sobre el sorteo, e informaci\u00f3n biogr\u00e1fica como noticias, publicidad o informaci\u00f3n y para fines comerciales, publicitarios, de relaciones p\u00fablicas y promocionales sin ninguna compensaci\u00f3n adicional.<\/p>\n\n\n\n<p><strong>9. T\u00e9rminos:<\/strong> TVU Networks se reserva el derecho, a su entera discreci\u00f3n, de cancelar, terminar, modificar o suspender el Sorteo en caso de (a su entera discreci\u00f3n) un virus, errores, intervenci\u00f3n humana no autorizada, fraude, desastres naturales o actos de Dios, por ejemplo, incendio, terremoto, hurac\u00e1n, tornado, tormenta, inundaci\u00f3n, niebla;&nbsp; embargo;&nbsp; guerra, disturbios, conmoci\u00f3n civil o acci\u00f3n industrial;&nbsp; epidemias o pandemias; cortes de energ\u00eda, comunicaciones u otras interrupciones de servicios p\u00fablicos; acci\u00f3n u omisi\u00f3n gubernamental, &nbsp;&nbsp;u otras causas fuera de su control corrompan o afecten la administraci\u00f3n, seguridad, imparcialidad o conducta adecuada del sorteo. En tal caso, TVU Networks puede seleccionar al ganador de todas las inscripciones elegibles recibidas antes y \/ o despu\u00e9s (si corresponde) de la cancelaci\u00f3n, terminaci\u00f3n, modificaci\u00f3n o suspensi\u00f3n del sorteo.<\/p>\n\n\n\n<p>&nbsp;por TVU Networks. TVU Networks se reserva el derecho, a su entera discreci\u00f3n, de descalificar a cualquier persona que manipule o intente manipular el proceso de inscripci\u00f3n o la operaci\u00f3n del sorteo o sitio web o viole estos T\u00e9rminos y condiciones.<\/p>\n\n\n\n<p>TVU Networks tiene el derecho, a su entera discreci\u00f3n, de mantener la integridad del Sorteo, de anular las inscripciones por cualquier motivo, incluyendo, pero no limitado a; m\u00faltiples entradas del mismo usuario desde diferentes direcciones IP; m\u00faltiples entradas desde el mismo ordenador; o el uso de bots, macros o scripts u otros medios t\u00e9cnicos para ingresar.<\/p>\n\n\n\n<p>Cualquier intento por parte de un participante de da\u00f1ar deliberadamente cualquier sitio web o socavar el funcionamiento leg\u00edtimo del sorteo puede ser una violaci\u00f3n de las leyes penales y civiles y, en caso de que se realice dicho intento, TVU Networks se reserva el derecho de buscar cualquier recurso disponible contra dicha persona en la m\u00e1xima medida permitida por la ley.<\/p>\n\n\n\n<p><strong>10. Limitaci\u00f3n de responsabilidad:<\/strong> Al participar, usted acepta liberar y eximir de responsabilidad a TVU Networks y sus subsidiarias, afiliadas, agencias de publicidad y promoci\u00f3n, socios, representantes, agentes, sucesores, cesionarios, empleados, funcionarios y directores de cualquier responsabilidad, enfermedad, lesi\u00f3n, muerte, p\u00e9rdida, litigio, reclamo o da\u00f1o que pueda ocurrir, directa o indirectamente, ya sea causado por negligencia o no, de (i) la participaci\u00f3n de dicho participante en el sorteo y\/o su aceptaci\u00f3n, posesi\u00f3n, uso o mal uso de cualquier premio o parte del mismo, (ii) fallas t\u00e9cnicas de cualquier tipo, incluidos, entre otros, el mal funcionamiento de cualquier computadora, cable, red, hardware o software; (iii) la falta de disponibilidad o inaccesibilidad de cualquier transmisi\u00f3n o servicio telef\u00f3nico o de Internet; (iv) intervenci\u00f3n humana no autorizada en cualquier parte del proceso de inscripci\u00f3n o de la Promoci\u00f3n; (v) error electr\u00f3nico o humano que pueda ocurrir en la administraci\u00f3n de la Promoci\u00f3n o en el procesamiento de las inscripciones.<\/p>\n\n\n\n<p><strong>11. Disputas:<\/strong> ESTE SORTEO SE RIGE POR LAS LEYES DEL ESTADO DE CALIFORNIA, EE. UU., SIN RESPETAR SUS NORMAS DE CONFLICTO DE LEYES. Como condici\u00f3n para participar en este sorteo, el participante acepta que cualquier disputa que surja de o est\u00e9 relacionada con este Acuerdo se resolver\u00e1 mediante arbitraje vinculante y confidencial por un solo \u00e1rbitro. &nbsp; Si se encuentra en Am\u00e9rica del Norte, el arbitraje se llevar\u00e1 a cabo de acuerdo con los Procedimientos acelerados de JAMS en sus Reglas y procedimientos de arbitraje integrales.&nbsp; Si se encuentra fuera de Am\u00e9rica del Norte, el arbitraje se llevar\u00e1 a cabo de acuerdo con las reglas del Centro Internacional para la Resoluci\u00f3n de Disputas (\u00abICDR\u00bb) vigentes en la fecha de inicio del arbitraje, y se llevar\u00e1 a cabo en uno de los siguientes lugares (lo que sea m\u00e1s cercano a su ubicaci\u00f3n): Nueva York, Nueva York; Londres, Inglaterra; Par\u00eds, Francia; M\u00fanich, Alemania; Madrid, Espa\u00f1a; Mil\u00e1n, Italia; S\u00eddney, Australia; Tokio, Jap\u00f3n; o Singapur.&nbsp; El arbitraje se llevar\u00e1 a cabo en ingl\u00e9s, y toda la documentaci\u00f3n se presentar\u00e1 y archivar\u00e1 en ingl\u00e9s. La decisi\u00f3n del \u00e1rbitro ser\u00e1 definitiva y vinculante para las Partes.&nbsp; Cualquier acci\u00f3n de arbitraje debe iniciarse dentro de los doce (12) meses siguientes al acto, evento, ocurrencia o transacci\u00f3n que da lugar a la reclamaci\u00f3n.&nbsp; Cada parte renuncia irrevocablemente a todos y cada uno de los derechos sobre el mismo o podr\u00edan tener un juicio por jurado en cualquier acci\u00f3n, procedimiento o reclamo de cualquier naturaleza relacionado con este acuerdo.&nbsp; La renuncia anterior se hace a sabiendas y voluntariamente.<\/p>\n\n\n\n<p>Adem\u00e1s, se excluyen todos los da\u00f1os punitivos, incidentales y consecuentes y los honorarios razonables de abogados.<\/p>\n\n\n\n<p><strong>12<\/strong>. Pol\u00edtica de privacidad: La informaci\u00f3n enviada con una entrada est\u00e1 sujeta a la Pol\u00edtica de privacidad establecida en el sitio web de TVU Networks. Para leer la Pol\u00edtica de Privacidad haga clic <a href=\"https:\/\/www.tvunetworks.com\/company-privacy-notice\/\">aqu\u00ed<\/a>.<\/p>\n\n\n\n<p><strong>13. Sponsor<\/strong>: The Sponsor of the giveaway is TVU Networks<strong> <\/strong>857 Maude Ave<\/p>\n\n\n\n<p>Mountain View\u200b, CA, 94043-4021, United States<\/p>\n","protected":false},"excerpt":{"rendered":"<p>T\u00e9rminos y condiciones de la encuesta TVU One T\u00e9rminos y condiciones de participaci\u00f3n NO ES NECESARIO REALIZAR NINGUNA COMPRA PARA PARTICIPAR O GANAR. UNA COMPRA NO AUMENTA LAS POSIBILIDADES DE GANAR. 1. Elegibilidad: El sorteo est\u00e1 abierto a personas que completen todo el proceso de registro al realizar la encuesta y que tengan 18 a\u00f1os [&hellip;]<\/p>\n","protected":false},"author":41,"featured_media":0,"parent":0,"menu_order":0,"comment_status":"closed","ping_status":"closed","template":"","meta":{"_acf_changed":false,"content-type":"","footnotes":""},"class_list":["post-80735","page","type-page","status-publish","hentry"],"acf":[],"yoast_head":"<!-- This site is optimized with the Yoast SEO plugin v25.0 - https:\/\/yoast.com\/wordpress\/plugins\/seo\/ -->\n<title>TVU One Survey &amp; Giveaway Terms &amp; Conditions - TVU Networks<\/title>\n<meta name=\"description\" content=\"T\u00e9rminos y condiciones de la encuesta TVU One T\u00e9rminos y condiciones de participaci\u00f3n NO ES NECESARIO REALIZAR NINGUNA COMPRA PARA PARTICIPAR O GANAR. UNA\" \/>\n<meta name=\"robots\" content=\"index, follow, max-snippet:-1, max-image-preview:large, max-video-preview:-1\" \/>\n<link rel=\"canonical\" href=\"https:\/\/www.tvunetworks.com\/es\/tvu-one-survey-giveaway-terms-conditions\/\" \/>\n<meta property=\"og:locale\" content=\"es_ES\" \/>\n<meta property=\"og:type\" content=\"article\" \/>\n<meta property=\"og:title\" content=\"TVU One Survey &amp; Giveaway Terms &amp; Conditions - TVU Networks\" \/>\n<meta property=\"og:description\" content=\"T\u00e9rminos y condiciones de la encuesta TVU One T\u00e9rminos y condiciones de participaci\u00f3n NO ES NECESARIO REALIZAR NINGUNA COMPRA PARA PARTICIPAR O GANAR. UNA\" \/>\n<meta property=\"og:url\" content=\"https:\/\/www.tvunetworks.com\/es\/wp-json\/wp\/v2\/pages\/80735\" \/>\n<meta property=\"og:site_name\" content=\"TVU Networks\" \/>\n<meta property=\"article:modified_time\" content=\"2022-11-03T13:10:11+00:00\" \/>\n<meta property=\"og:image\" content=\"https:\/\/www.tvunetworks.com\/wp-content\/uploads\/2022\/10\/web-banner-mobile-best-of-show-ibc-8.png\" \/>\n\t<meta property=\"og:image:width\" content=\"1324\" \/>\n\t<meta property=\"og:image:height\" content=\"2024\" \/>\n\t<meta property=\"og:image:type\" content=\"image\/png\" \/>\n<meta name=\"twitter:card\" content=\"summary_large_image\" \/>\n<meta name=\"twitter:label1\" content=\"Tiempo de lectura\" \/>\n\t<meta name=\"twitter:data1\" content=\"8 minutos\" \/>\n<script type=\"application\/ld+json\" class=\"yoast-schema-graph\">{\"@context\":\"https:\/\/schema.org\",\"@graph\":[{\"@type\":\"WebPage\",\"@id\":\"https:\/\/www.tvunetworks.com\/es\/tvu-one-survey-giveaway-terms-conditions\/\",\"url\":\"https:\/\/www.tvunetworks.com\/es\/tvu-one-survey-giveaway-terms-conditions\/\",\"name\":\"TVU One Survey &amp; Giveaway Terms &amp; Conditions - TVU Networks\",\"isPartOf\":{\"@id\":\"https:\/\/www.tvunetworks.com\/es\/#website\"},\"datePublished\":\"2022-11-01T17:49:06+00:00\",\"dateModified\":\"2022-11-03T13:10:11+00:00\",\"description\":\"T\u00e9rminos y condiciones de la encuesta TVU One T\u00e9rminos y condiciones de participaci\u00f3n NO ES NECESARIO REALIZAR NINGUNA COMPRA PARA PARTICIPAR O GANAR. UNA\",\"breadcrumb\":{\"@id\":\"https:\/\/www.tvunetworks.com\/es\/tvu-one-survey-giveaway-terms-conditions\/#breadcrumb\"},\"inLanguage\":\"es\",\"potentialAction\":[{\"@type\":\"ReadAction\",\"target\":[\"https:\/\/www.tvunetworks.com\/es\/tvu-one-survey-giveaway-terms-conditions\/\"]}]},{\"@type\":\"BreadcrumbList\",\"@id\":\"https:\/\/www.tvunetworks.com\/es\/tvu-one-survey-giveaway-terms-conditions\/#breadcrumb\",\"itemListElement\":[{\"@type\":\"ListItem\",\"position\":1,\"name\":\"Home\",\"item\":\"https:\/\/editwww.tvunetworks.com\/es\/\"},{\"@type\":\"ListItem\",\"position\":2,\"name\":\"TVU One Survey &amp; Giveaway Terms &amp; Conditions\"}]},{\"@type\":\"WebSite\",\"@id\":\"https:\/\/www.tvunetworks.com\/es\/#website\",\"url\":\"https:\/\/www.tvunetworks.com\/es\/\",\"name\":\"TVU Networks\",\"description\":\"The lowest prices for your full LLC publishing compliance!\",\"publisher\":{\"@id\":\"https:\/\/www.tvunetworks.com\/es\/#organization\"},\"potentialAction\":[{\"@type\":\"SearchAction\",\"target\":{\"@type\":\"EntryPoint\",\"urlTemplate\":\"https:\/\/www.tvunetworks.com\/es\/?s={search_term_string}\"},\"query-input\":{\"@type\":\"PropertyValueSpecification\",\"valueRequired\":true,\"valueName\":\"search_term_string\"}}],\"inLanguage\":\"es\"},{\"@type\":\"Organization\",\"@id\":\"https:\/\/www.tvunetworks.com\/es\/#organization\",\"name\":\"TVU Networks\",\"url\":\"https:\/\/www.tvunetworks.com\/es\/\",\"logo\":{\"@type\":\"ImageObject\",\"inLanguage\":\"es\",\"@id\":\"https:\/\/www.tvunetworks.com\/es\/#\/schema\/logo\/image\/\",\"url\":\"https:\/\/www.tvunetworks.com\/wp-content\/uploads\/2019\/07\/logo.svg\",\"contentUrl\":\"https:\/\/www.tvunetworks.com\/wp-content\/uploads\/2019\/07\/logo.svg\",\"caption\":\"TVU Networks\"},\"image\":{\"@id\":\"https:\/\/www.tvunetworks.com\/es\/#\/schema\/logo\/image\/\"}}]}<\/script>\n<!-- \/ Yoast SEO plugin. -->","yoast_head_json":{"title":"TVU One Survey &amp; Giveaway Terms &amp; Conditions - TVU Networks","description":"T\u00e9rminos y condiciones de la encuesta TVU One T\u00e9rminos y condiciones de participaci\u00f3n NO ES NECESARIO REALIZAR NINGUNA COMPRA PARA PARTICIPAR O GANAR. UNA","robots":{"index":"index","follow":"follow","max-snippet":"max-snippet:-1","max-image-preview":"max-image-preview:large","max-video-preview":"max-video-preview:-1"},"canonical":"https:\/\/www.tvunetworks.com\/es\/tvu-one-survey-giveaway-terms-conditions\/","og_locale":"es_ES","og_type":"article","og_title":"TVU One Survey &amp; Giveaway Terms &amp; Conditions - TVU Networks","og_description":"T\u00e9rminos y condiciones de la encuesta TVU One T\u00e9rminos y condiciones de participaci\u00f3n NO ES NECESARIO REALIZAR NINGUNA COMPRA PARA PARTICIPAR O GANAR. UNA","og_url":"https:\/\/www.tvunetworks.com\/es\/wp-json\/wp\/v2\/pages\/80735","og_site_name":"TVU Networks","article_modified_time":"2022-11-03T13:10:11+00:00","og_image":[{"width":1324,"height":2024,"url":"https:\/\/www.tvunetworks.com\/wp-content\/uploads\/2022\/10\/web-banner-mobile-best-of-show-ibc-8.png","type":"image\/png"}],"twitter_card":"summary_large_image","twitter_misc":{"Tiempo de lectura":"8 minutos"},"schema":{"@context":"https:\/\/schema.org","@graph":[{"@type":"WebPage","@id":"https:\/\/www.tvunetworks.com\/es\/tvu-one-survey-giveaway-terms-conditions\/","url":"https:\/\/www.tvunetworks.com\/es\/tvu-one-survey-giveaway-terms-conditions\/","name":"TVU One Survey &amp; Giveaway Terms &amp; Conditions - TVU Networks","isPartOf":{"@id":"https:\/\/www.tvunetworks.com\/es\/#website"},"datePublished":"2022-11-01T17:49:06+00:00","dateModified":"2022-11-03T13:10:11+00:00","description":"T\u00e9rminos y condiciones de la encuesta TVU One T\u00e9rminos y condiciones de participaci\u00f3n NO ES NECESARIO REALIZAR NINGUNA COMPRA PARA PARTICIPAR O GANAR. UNA","breadcrumb":{"@id":"https:\/\/www.tvunetworks.com\/es\/tvu-one-survey-giveaway-terms-conditions\/#breadcrumb"},"inLanguage":"es","potentialAction":[{"@type":"ReadAction","target":["https:\/\/www.tvunetworks.com\/es\/tvu-one-survey-giveaway-terms-conditions\/"]}]},{"@type":"BreadcrumbList","@id":"https:\/\/www.tvunetworks.com\/es\/tvu-one-survey-giveaway-terms-conditions\/#breadcrumb","itemListElement":[{"@type":"ListItem","position":1,"name":"Home","item":"https:\/\/editwww.tvunetworks.com\/es\/"},{"@type":"ListItem","position":2,"name":"TVU One Survey &amp; Giveaway Terms &amp; Conditions"}]},{"@type":"WebSite","@id":"https:\/\/www.tvunetworks.com\/es\/#website","url":"https:\/\/www.tvunetworks.com\/es\/","name":"TVU Networks","description":"The lowest prices for your full LLC publishing compliance!","publisher":{"@id":"https:\/\/www.tvunetworks.com\/es\/#organization"},"potentialAction":[{"@type":"SearchAction","target":{"@type":"EntryPoint","urlTemplate":"https:\/\/www.tvunetworks.com\/es\/?s={search_term_string}"},"query-input":{"@type":"PropertyValueSpecification","valueRequired":true,"valueName":"search_term_string"}}],"inLanguage":"es"},{"@type":"Organization","@id":"https:\/\/www.tvunetworks.com\/es\/#organization","name":"TVU Networks","url":"https:\/\/www.tvunetworks.com\/es\/","logo":{"@type":"ImageObject","inLanguage":"es","@id":"https:\/\/www.tvunetworks.com\/es\/#\/schema\/logo\/image\/","url":"https:\/\/www.tvunetworks.com\/wp-content\/uploads\/2019\/07\/logo.svg","contentUrl":"https:\/\/www.tvunetworks.com\/wp-content\/uploads\/2019\/07\/logo.svg","caption":"TVU Networks"},"image":{"@id":"https:\/\/www.tvunetworks.com\/es\/#\/schema\/logo\/image\/"}}]}},"_links":{"self":[{"href":"https:\/\/www.tvunetworks.com\/es\/wp-json\/wp\/v2\/pages\/80735","targetHints":{"allow":["GET"]}}],"collection":[{"href":"https:\/\/www.tvunetworks.com\/es\/wp-json\/wp\/v2\/pages"}],"about":[{"href":"https:\/\/www.tvunetworks.com\/es\/wp-json\/wp\/v2\/types\/page"}],"author":[{"embeddable":true,"href":"https:\/\/www.tvunetworks.com\/es\/wp-json\/wp\/v2\/users\/41"}],"replies":[{"embeddable":true,"href":"https:\/\/www.tvunetworks.com\/es\/wp-json\/wp\/v2\/comments?post=80735"}],"version-history":[{"count":3,"href":"https:\/\/www.tvunetworks.com\/es\/wp-json\/wp\/v2\/pages\/80735\/revisions"}],"predecessor-version":[{"id":80949,"href":"https:\/\/www.tvunetworks.com\/es\/wp-json\/wp\/v2\/pages\/80735\/revisions\/80949"}],"wp:attachment":[{"href":"https:\/\/www.tvunetworks.com\/es\/wp-json\/wp\/v2\/media?parent=80735"}],"curies":[{"name":"wp","href":"https:\/\/api.w.org\/{rel}","templated":true}]}}