{"id":56100,"date":"2021-09-27T10:36:41","date_gmt":"2021-09-27T10:36:41","guid":{"rendered":"https:\/\/editwww.tvunetworks.com\/sorteo-de-la-encuesta-de-productores-de-tvu-terminos-y-condiciones\/"},"modified":"2021-11-24T17:57:36","modified_gmt":"2021-11-24T17:57:36","slug":"encuesta-tvu-producer-terminos-condiciones","status":"publish","type":"page","link":"https:\/\/www.tvunetworks.com\/es\/encuesta-tvu-producer-terminos-condiciones\/","title":{"rendered":"Encuesta de TVU Producer &#8211; t\u00e9rminos y condiciones"},"content":{"rendered":"\n<h2 class=\"wp-block-heading\"><strong>Encuesta de TVU Producer &#8211; t\u00e9rminos y condiciones<\/strong><\/h2>\n\n\n\n<p>1- ELEGIBILIDAD: Abierto solo a personas de 18 a\u00f1os de edad o mayores que antes del 31 de julio de 2021 (31\/07\/2021) se hayan registrado en TVU Producer<a href=\"https:\/\/producer.tvunetworks.com\/producer\/register\/\">(https:\/\/producer.tvunetworks.com\/producer\/register\/),<\/a>poseyendo una cuenta de usuario con seis (6) o m\u00e1s horas de uso acumulado de TVU Producer (los \u00abparticipantes\u00bb en este documento). Los empleados de TVU Networks (el \u00abPromotor\u00bb en este documento) no son elegibles para participar o ganar un premio. El sorteo est\u00e1 abierto solo en \u00e1reas donde el Sorteo cumple con la ley local. El Sorteo es nulo en \u00e1reas donde los sorteos est\u00e1n prohibidos o restringidos por la ley.  <br><\/p>\n\n\n\n<p>2- PER\u00cdODO DEL SORTEO: El per\u00edodo de participaci\u00f3n en el Sorteo comienza aproximadamente a las 3:00 P.M horas (GMT + 2). EST el 12 de agosto de 2021 y termina aproximadamente a las 5:00 p.M horas (GMT + 2) el 20 de noviembre de 2021 (el \u00abPer\u00edodo del sorteo\u00bb). Los ganadores ser\u00e1n seleccionados entre las inscripciones debidamente enviadas y recibidas oportunamente durante el Per\u00edodo del Sorteo.<br><\/p>\n\n\n\n<p>3- C\u00d3MO PARTICIPAR: Durante el Per\u00edodo del Sorteo, complete la Encuesta de TVU Producer ubicada en <a href=\"https:\/\/form.jotform.com\/212213913970350\">https:\/\/form.jotform.com\/212213913970350.<\/a> L\u00edmite de una (1) participaci\u00f3n por persona, por direcci\u00f3n de correo electr\u00f3nico y por cuenta de usuario de TVU durante el Per\u00edodo del Sorteo a trav\u00e9s de la participaci\u00f3n en l\u00ednea, independientemente de si una persona tiene m\u00e1s de una direcci\u00f3n o si m\u00e1s de una persona utiliza la misma cuenta de usuario de TVU. No es necesaria ninguna compra para participar en el Sorteo y la compra no aumentar\u00e1 las posibilidades de ganar.<br><\/p>\n\n\n\n<p>4- La informaci\u00f3n enviada por los Participantes al Sorteo solo ser\u00e1 utilizada por TVU Networks de acuerdo con su pol\u00edtica de privacidad y seg\u00fan se indique lo contrario.<br><\/p>\n\n\n\n<p>5- SELECCI\u00d3N DE GANADORES: Dos (2) ganadores ser\u00e1n determinados por sorteo al azar que se llevar\u00e1 a cabo alrededor del 20 de noviembre de 2021. Los ganadores ser\u00e1n seleccionados entre las inscripciones recibidas durante el Per\u00edodo del Sorteo. Los posibles ganadores ser\u00e1n notificados por correo electr\u00f3nico a la direcci\u00f3n de correo electr\u00f3nico enviada con la participaci\u00f3n del posible ganador en o alrededor del 25 de noviembre de 2021. El sorteo ser\u00e1 realizado por TVU Networks, el juez del Sorteo, cuyas decisiones sobre todos los asuntos relacionados con el Sorteo ser\u00e1n definitivas. En el caso de que un posible ganador sea descalificado por cualquier motivo, TVU Networks puede, a su entera discreci\u00f3n, otorgar el premio aplicable a un ganador alternativo seleccionado al azar.<br><\/p>\n\n\n\n<p>6- PREMIOS\/PROBABILIDADES DE GANAR PREMIO: Un (1) ganador recibir\u00e1 una Go Pro HERO9 y otro (1) ganador recibir\u00e1 un DJI Pocket 2. Valor de venta aproximado (ARV) de cada premio: $ 399.99 USD (trescientos noventa y nueve d\u00f3lares estadounidenses con noventa centavos de nince) y $ 439 (cuatrocientos treinta y nueve d\u00f3lares estadounidenses), en consecuencia. Las probabilidades generales de ganar dependen del n\u00famero de inscripciones recibidas durante el Per\u00edodo del Sorteo. Los ganadores del premio no pueden solicitar una sustituci\u00f3n de premio o equivalente en efectivo del premio. No hay transferencia de premios. No existe una alternativa en efectivo a los premios, y el Promotor tendr\u00e1 derecho a sustituir los premios que se ofrecen por uno de igual o mayor valor. Los ganadores del premio (y no el Promotor) ser\u00e1n responsables del pago de todos los impuestos aplicables incurridos por ellos relacionados con la recepci\u00f3n de cualquier premio que ganen en el Sorteo. La decisi\u00f3n del Promotor es definitiva y no se entrar\u00e1 en correspondencia. Los franqueos y embalajes ser\u00e1n abonado por el Promotor. El Promotor no acepta ninguna responsabilidad por los premios perdidos o retrasados en la entrega por correo.<br><\/p>\n\n\n\n<p>7- CONDICIONES: TVU Networks se reserva el derecho, a su entera discreci\u00f3n, de cancelar, terminar, modificar o suspender el Sorteo (o parte del mismo). TVU Networks tambi\u00e9n se reserva el derecho, a su entera discreci\u00f3n, de descalificar la entrada de cualquier individuo. Todos los impuestos federales, estatales y locales sobre el premio y cualquier gasto no especificado en este documento son responsabilidad exclusiva de los ganadores. En caso de que surja una disputa con respecto a la identidad del reclamante, TVU Networks se reserva el derecho exclusivo de determinar la parte elegible. AL PARTICIPAR,EL PARTICIPANTE RENUNCIA A TODOS LOS DERECHOS DE PRESENTAR (Y SE COMPROMETE A NO PRESENTAR) CUALQUIER RECLAMO CONTRA TVU NETWORKS O CUALQUIER OTRO ASOCIADO CON ESTE SORTEO. ADEM\u00c1S, LOS PARTICIPANTES ACUERDAN LIBERAR Y EXIMIR DE RESPONSABILIDAD A TVU NETWORKS DE CUALQUIER Y TODA RESPONSABILIDAD QUE SURJA DE SU PARTICIPACI\u00d3N EN EL SORTEO, O DEL USO DE TVU NETWORKS DE CUALQUIER INFORMACI\u00d3N DE PARTICIPACI\u00d3N.  <br><\/p>\n\n\n\n<p>8- PUBLICIDAD Y LIBERACI\u00d3N: Como condici\u00f3n para participar en el Sorteo, excepto donde lo proh\u00edba la ley, cada participante y cada ganador al aceptar un premio otorga a TVU Networks todos los derechos, t\u00edtulos e intereses en, para publicitar, transmitir, mostrar y \/ o usar de otra manera, el nombre del participante del Sorteo, la ciudad, el estado, el pa\u00eds (colectivamente, \u00abDerechos con licencia\u00bb) para fines de investigaci\u00f3n interna y posibles comunicaciones de seguimiento o en cualquier medio con fines publicitarios y publicitarios,  sin revisi\u00f3n adicional, compensaci\u00f3n o aprobaci\u00f3n del ganador. Si alg\u00fan Ganador no responde a la notificaci\u00f3n, o no est\u00e1 presente cuando se intenta la entrega del premio, dicho premio se perder\u00e1. Al participar, los participantes aceptan estar sujetos a las Reglas Oficiales y las decisiones de los jueces, que son definitivas y vinculantes en todos los aspectos.<br><\/p>\n\n\n\n<p>9- REGLAS OFICIALES \/ LISTA DE GANADORES: Cada uno de los ganadores ser\u00e1 notificado por mensaje en l\u00ednea por correo electr\u00f3nico a m\u00e1s tardar diez d\u00edas despu\u00e9s del cierre del Sorteo y se le puede requerir que complete y devuelva un formulario por fax o correo electr\u00f3nico al Promotor para confirmar su elegibilidad (por ejemplo, prueba de edad, residencia) para participar en el Sorteo dentro de los diez d\u00edas posteriores a la notificaci\u00f3n de que han ganado. Si un ganador no devuelve el formulario dentro del tiempo indicado, o se determina que no es elegible por cualquier motivo, se seleccionar\u00e1 un ganador adicional en su lugar.<br>El Promotor no acepta responsabilidad por: (1) entradas, notificaciones o comunicaciones perdidas, tard\u00edas o no entregadas; (2) cualquier problema t\u00e9cnico, inform\u00e1tico, en l\u00ednea, telef\u00f3nico, por cable, electr\u00f3nico, software, hardware, transmisi\u00f3n, conexi\u00f3n, Internet, sitio web (incluidos https:\/\/form.jotform.com\/212213913970350) u otro problema de acceso, falla, mal funcionamiento o dificultad que pueda obstaculizar la capacidad de un participante para participar en el Sorteo; o (3) para cualquier evento que pueda causar que el Sorteo sea interrumpido o corrompido. Los participantes que manipulen el c\u00f3digo del Sorteo ser\u00e1n descalificados.<br><\/p>\n\n\n\n<p>10- El Promotor se exime de cualquier responsabilidad por informaci\u00f3n inexacta, ya sea causada por el Sitio Web, los usuarios, los equipos utilizados en el Sorteo, o por errores humanos o t\u00e9cnicos relacionados con el env\u00edo de entradas. El Promotor no ofrece garant\u00edas ni garant\u00edas en relaci\u00f3n con los premios o la informaci\u00f3n o consejos contenidos en los mismos.<br><\/p>\n\n\n\n<p>11- Los participantes acuerdan que el Promotor y sus accionistas, funcionarios, directores, agentes, proveedores y empleados no ser\u00e1n responsables de las p\u00e9rdidas o lesiones de ning\u00fan tipo que resulten de la aceptaci\u00f3n o el uso de premios, o la participaci\u00f3n en el sorteo. En ning\u00fan caso el Promotor ser\u00e1 responsable de ning\u00fan da\u00f1o (incluidos, entre otros, da\u00f1os directos, indirectos, especiales, incidentales, consecuentes, punitivos o similares) que surjan de cualquier uso del Premio o de cualquier reclamaci\u00f3n hecha contra el Promotor por cualquier persona que utilice este Premio.<br><\/p>\n\n\n\n<p>12- El Promotor puede cancelar, terminar, modificar o suspender el Sorteo o estos T\u00e9rminos y Condiciones antes del cese del Sorteo por cualquier motivo, incluso por razones t\u00e9cnicas como virus inform\u00e1ticos, errores, manipulaciones o fallas t\u00e9cnicas, o cualquier otro factor fuera del control razonable del Promotor que perjudique la integridad o el correcto funcionamiento del concurso,  seg\u00fan lo determine el Promotor a su entera discreci\u00f3n.<br><\/p>\n\n\n\n<p>13- Al responder a la Encuesta y participar en el Sorteo, los participantes aceptan estar sujetos a estos T\u00e9rminos y Condiciones.  <\/p>\n","protected":false},"excerpt":{"rendered":"<p>Encuesta de TVU Producer &#8211; t\u00e9rminos y condiciones 1- ELEGIBILIDAD: Abierto solo a personas de 18 a\u00f1os de edad o mayores que antes del 31 de julio de 2021 (31\/07\/2021) se hayan registrado en TVU Producer(https:\/\/producer.tvunetworks.com\/producer\/register\/),poseyendo una cuenta de usuario con seis (6) o m\u00e1s horas de uso acumulado de TVU Producer (los \u00abparticipantes\u00bb en [&hellip;]<\/p>\n","protected":false},"author":41,"featured_media":0,"parent":0,"menu_order":0,"comment_status":"closed","ping_status":"closed","template":"","meta":{"_acf_changed":false,"content-type":"","footnotes":""},"class_list":["post-56100","page","type-page","status-publish","hentry"],"acf":[],"yoast_head":"<!-- This site is optimized with the Yoast SEO plugin v25.0 - https:\/\/yoast.com\/wordpress\/plugins\/seo\/ -->\n<title>Encuesta de TVU Producer - t\u00e9rminos y condiciones - TVU Networks<\/title>\n<meta name=\"description\" content=\"Encuesta de TVU Producer - t\u00e9rminos y condiciones 1- ELEGIBILIDAD: Abierto solo a personas de 18 a\u00f1os de edad o mayores que antes del 31 de julio de 2021\" \/>\n<meta name=\"robots\" content=\"index, follow, max-snippet:-1, max-image-preview:large, max-video-preview:-1\" \/>\n<link rel=\"canonical\" href=\"https:\/\/www.tvunetworks.com\/es\/encuesta-tvu-producer-terminos-condiciones\/\" \/>\n<meta property=\"og:locale\" content=\"es_ES\" \/>\n<meta property=\"og:type\" content=\"article\" \/>\n<meta property=\"og:title\" content=\"Encuesta de TVU Producer - t\u00e9rminos y condiciones - TVU Networks\" \/>\n<meta property=\"og:description\" content=\"Encuesta de TVU Producer - t\u00e9rminos y condiciones 1- ELEGIBILIDAD: Abierto solo a personas de 18 a\u00f1os de edad o mayores que antes del 31 de julio de 2021\" \/>\n<meta property=\"og:url\" content=\"https:\/\/www.tvunetworks.com\/es\/wp-json\/wp\/v2\/pages\/56100\" \/>\n<meta property=\"og:site_name\" content=\"TVU Networks\" \/>\n<meta property=\"article:modified_time\" content=\"2021-11-24T17:57:36+00:00\" \/>\n<meta property=\"og:image\" content=\"https:\/\/www.tvunetworks.com\/wp-content\/uploads\/2022\/10\/web-banner-mobile-best-of-show-ibc-8.png\" \/>\n\t<meta property=\"og:image:width\" content=\"1324\" \/>\n\t<meta property=\"og:image:height\" content=\"2024\" \/>\n\t<meta property=\"og:image:type\" content=\"image\/png\" \/>\n<meta name=\"twitter:card\" content=\"summary_large_image\" \/>\n<meta name=\"twitter:label1\" content=\"Tiempo de lectura\" \/>\n\t<meta name=\"twitter:data1\" content=\"6 minutos\" \/>\n<script type=\"application\/ld+json\" class=\"yoast-schema-graph\">{\"@context\":\"https:\/\/schema.org\",\"@graph\":[{\"@type\":\"WebPage\",\"@id\":\"https:\/\/www.tvunetworks.com\/es\/encuesta-tvu-producer-terminos-condiciones\/\",\"url\":\"https:\/\/www.tvunetworks.com\/es\/encuesta-tvu-producer-terminos-condiciones\/\",\"name\":\"Encuesta de TVU Producer - t\u00e9rminos y condiciones - TVU Networks\",\"isPartOf\":{\"@id\":\"https:\/\/www.tvunetworks.com\/es\/#website\"},\"datePublished\":\"2021-09-27T10:36:41+00:00\",\"dateModified\":\"2021-11-24T17:57:36+00:00\",\"description\":\"Encuesta de TVU Producer - t\u00e9rminos y condiciones 1- ELEGIBILIDAD: Abierto solo a personas de 18 a\u00f1os de edad o mayores que antes del 31 de julio de 2021\",\"breadcrumb\":{\"@id\":\"https:\/\/www.tvunetworks.com\/es\/encuesta-tvu-producer-terminos-condiciones\/#breadcrumb\"},\"inLanguage\":\"es\",\"potentialAction\":[{\"@type\":\"ReadAction\",\"target\":[\"https:\/\/www.tvunetworks.com\/es\/encuesta-tvu-producer-terminos-condiciones\/\"]}]},{\"@type\":\"BreadcrumbList\",\"@id\":\"https:\/\/www.tvunetworks.com\/es\/encuesta-tvu-producer-terminos-condiciones\/#breadcrumb\",\"itemListElement\":[{\"@type\":\"ListItem\",\"position\":1,\"name\":\"Home\",\"item\":\"https:\/\/editwww.tvunetworks.com\/es\/\"},{\"@type\":\"ListItem\",\"position\":2,\"name\":\"Encuesta de TVU Producer &#8211; t\u00e9rminos y condiciones\"}]},{\"@type\":\"WebSite\",\"@id\":\"https:\/\/www.tvunetworks.com\/es\/#website\",\"url\":\"https:\/\/www.tvunetworks.com\/es\/\",\"name\":\"TVU Networks\",\"description\":\"The lowest prices for your full LLC publishing compliance!\",\"publisher\":{\"@id\":\"https:\/\/www.tvunetworks.com\/es\/#organization\"},\"potentialAction\":[{\"@type\":\"SearchAction\",\"target\":{\"@type\":\"EntryPoint\",\"urlTemplate\":\"https:\/\/www.tvunetworks.com\/es\/?s={search_term_string}\"},\"query-input\":{\"@type\":\"PropertyValueSpecification\",\"valueRequired\":true,\"valueName\":\"search_term_string\"}}],\"inLanguage\":\"es\"},{\"@type\":\"Organization\",\"@id\":\"https:\/\/www.tvunetworks.com\/es\/#organization\",\"name\":\"TVU Networks\",\"url\":\"https:\/\/www.tvunetworks.com\/es\/\",\"logo\":{\"@type\":\"ImageObject\",\"inLanguage\":\"es\",\"@id\":\"https:\/\/www.tvunetworks.com\/es\/#\/schema\/logo\/image\/\",\"url\":\"https:\/\/www.tvunetworks.com\/wp-content\/uploads\/2019\/07\/logo.svg\",\"contentUrl\":\"https:\/\/www.tvunetworks.com\/wp-content\/uploads\/2019\/07\/logo.svg\",\"caption\":\"TVU Networks\"},\"image\":{\"@id\":\"https:\/\/www.tvunetworks.com\/es\/#\/schema\/logo\/image\/\"}}]}<\/script>\n<!-- \/ Yoast SEO plugin. -->","yoast_head_json":{"title":"Encuesta de TVU Producer - t\u00e9rminos y condiciones - TVU Networks","description":"Encuesta de TVU Producer - t\u00e9rminos y condiciones 1- ELEGIBILIDAD: Abierto solo a personas de 18 a\u00f1os de edad o mayores que antes del 31 de julio de 2021","robots":{"index":"index","follow":"follow","max-snippet":"max-snippet:-1","max-image-preview":"max-image-preview:large","max-video-preview":"max-video-preview:-1"},"canonical":"https:\/\/www.tvunetworks.com\/es\/encuesta-tvu-producer-terminos-condiciones\/","og_locale":"es_ES","og_type":"article","og_title":"Encuesta de TVU Producer - t\u00e9rminos y condiciones - TVU Networks","og_description":"Encuesta de TVU Producer - t\u00e9rminos y condiciones 1- ELEGIBILIDAD: Abierto solo a personas de 18 a\u00f1os de edad o mayores que antes del 31 de julio de 2021","og_url":"https:\/\/www.tvunetworks.com\/es\/wp-json\/wp\/v2\/pages\/56100","og_site_name":"TVU Networks","article_modified_time":"2021-11-24T17:57:36+00:00","og_image":[{"width":1324,"height":2024,"url":"https:\/\/www.tvunetworks.com\/wp-content\/uploads\/2022\/10\/web-banner-mobile-best-of-show-ibc-8.png","type":"image\/png"}],"twitter_card":"summary_large_image","twitter_misc":{"Tiempo de lectura":"6 minutos"},"schema":{"@context":"https:\/\/schema.org","@graph":[{"@type":"WebPage","@id":"https:\/\/www.tvunetworks.com\/es\/encuesta-tvu-producer-terminos-condiciones\/","url":"https:\/\/www.tvunetworks.com\/es\/encuesta-tvu-producer-terminos-condiciones\/","name":"Encuesta de TVU Producer - t\u00e9rminos y condiciones - TVU Networks","isPartOf":{"@id":"https:\/\/www.tvunetworks.com\/es\/#website"},"datePublished":"2021-09-27T10:36:41+00:00","dateModified":"2021-11-24T17:57:36+00:00","description":"Encuesta de TVU Producer - t\u00e9rminos y condiciones 1- ELEGIBILIDAD: Abierto solo a personas de 18 a\u00f1os de edad o mayores que antes del 31 de julio de 2021","breadcrumb":{"@id":"https:\/\/www.tvunetworks.com\/es\/encuesta-tvu-producer-terminos-condiciones\/#breadcrumb"},"inLanguage":"es","potentialAction":[{"@type":"ReadAction","target":["https:\/\/www.tvunetworks.com\/es\/encuesta-tvu-producer-terminos-condiciones\/"]}]},{"@type":"BreadcrumbList","@id":"https:\/\/www.tvunetworks.com\/es\/encuesta-tvu-producer-terminos-condiciones\/#breadcrumb","itemListElement":[{"@type":"ListItem","position":1,"name":"Home","item":"https:\/\/editwww.tvunetworks.com\/es\/"},{"@type":"ListItem","position":2,"name":"Encuesta de TVU Producer &#8211; t\u00e9rminos y condiciones"}]},{"@type":"WebSite","@id":"https:\/\/www.tvunetworks.com\/es\/#website","url":"https:\/\/www.tvunetworks.com\/es\/","name":"TVU Networks","description":"The lowest prices for your full LLC publishing compliance!","publisher":{"@id":"https:\/\/www.tvunetworks.com\/es\/#organization"},"potentialAction":[{"@type":"SearchAction","target":{"@type":"EntryPoint","urlTemplate":"https:\/\/www.tvunetworks.com\/es\/?s={search_term_string}"},"query-input":{"@type":"PropertyValueSpecification","valueRequired":true,"valueName":"search_term_string"}}],"inLanguage":"es"},{"@type":"Organization","@id":"https:\/\/www.tvunetworks.com\/es\/#organization","name":"TVU Networks","url":"https:\/\/www.tvunetworks.com\/es\/","logo":{"@type":"ImageObject","inLanguage":"es","@id":"https:\/\/www.tvunetworks.com\/es\/#\/schema\/logo\/image\/","url":"https:\/\/www.tvunetworks.com\/wp-content\/uploads\/2019\/07\/logo.svg","contentUrl":"https:\/\/www.tvunetworks.com\/wp-content\/uploads\/2019\/07\/logo.svg","caption":"TVU Networks"},"image":{"@id":"https:\/\/www.tvunetworks.com\/es\/#\/schema\/logo\/image\/"}}]}},"_links":{"self":[{"href":"https:\/\/www.tvunetworks.com\/es\/wp-json\/wp\/v2\/pages\/56100","targetHints":{"allow":["GET"]}}],"collection":[{"href":"https:\/\/www.tvunetworks.com\/es\/wp-json\/wp\/v2\/pages"}],"about":[{"href":"https:\/\/www.tvunetworks.com\/es\/wp-json\/wp\/v2\/types\/page"}],"author":[{"embeddable":true,"href":"https:\/\/www.tvunetworks.com\/es\/wp-json\/wp\/v2\/users\/41"}],"replies":[{"embeddable":true,"href":"https:\/\/www.tvunetworks.com\/es\/wp-json\/wp\/v2\/comments?post=56100"}],"version-history":[{"count":7,"href":"https:\/\/www.tvunetworks.com\/es\/wp-json\/wp\/v2\/pages\/56100\/revisions"}],"predecessor-version":[{"id":61671,"href":"https:\/\/www.tvunetworks.com\/es\/wp-json\/wp\/v2\/pages\/56100\/revisions\/61671"}],"wp:attachment":[{"href":"https:\/\/www.tvunetworks.com\/es\/wp-json\/wp\/v2\/media?parent=56100"}],"curies":[{"name":"wp","href":"https:\/\/api.w.org\/{rel}","templated":true}]}}