{"id":36308,"date":"2021-03-08T11:51:45","date_gmt":"2021-03-08T11:51:45","guid":{"rendered":"https:\/\/editwww.tvunetworks.com\/juegos-de-verano-2020\/"},"modified":"2021-04-22T00:14:56","modified_gmt":"2021-04-22T00:14:56","slug":"juegos-de-verano-2020","status":"publish","type":"page","link":"https:\/\/www.tvunetworks.com\/es\/juegos-de-verano-2020\/","title":{"rendered":"Juegos de Verano 2020"},"content":{"rendered":"","protected":false},"excerpt":{"rendered":"","protected":false},"author":5,"featured_media":0,"parent":0,"menu_order":0,"comment_status":"closed","ping_status":"closed","template":"pages\/template-special-event.php","meta":{"_acf_changed":false,"content-type":"","footnotes":""},"class_list":["post-36308","page","type-page","status-publish","hentry"],"acf":[],"yoast_head":"<!-- This site is optimized with the Yoast SEO plugin v25.0 - https:\/\/yoast.com\/wordpress\/plugins\/seo\/ -->\n<title>2020 Juegos de Verano Transmisi\u00f3n en vivo Renta de Equipos de video<\/title>\n<meta name=\"description\" content=\"Captura todos los \u00e1ngulos de los pr\u00f3ximos Juegos de Verano 2020 usando soluciones de video TVU LIVE a trav\u00e9s de IP. Utilizado por miles de emisoras y streamers en vivo.\" \/>\n<meta name=\"robots\" content=\"index, follow, max-snippet:-1, max-image-preview:large, max-video-preview:-1\" \/>\n<link rel=\"canonical\" href=\"https:\/\/www.tvunetworks.com\/es\/juegos-de-verano-2020\/\" \/>\n<meta property=\"og:locale\" content=\"es_ES\" \/>\n<meta property=\"og:type\" content=\"article\" \/>\n<meta property=\"og:title\" content=\"2020 Juegos de Verano Transmisi\u00f3n en vivo Renta de Equipos de video\" \/>\n<meta property=\"og:description\" content=\"Captura todos los \u00e1ngulos de los pr\u00f3ximos Juegos de Verano 2020 usando soluciones de video TVU LIVE a trav\u00e9s de IP. Utilizado por miles de emisoras y streamers en vivo.\" \/>\n<meta property=\"og:url\" content=\"https:\/\/www.tvunetworks.com\/es\/wp-json\/wp\/v2\/pages\/36308\" \/>\n<meta property=\"og:site_name\" content=\"TVU Networks\" \/>\n<meta property=\"article:modified_time\" content=\"2021-04-22T00:14:56+00:00\" \/>\n<meta property=\"og:image\" content=\"https:\/\/www.tvunetworks.com\/wp-content\/uploads\/2022\/10\/web-banner-mobile-best-of-show-ibc-8.png\" \/>\n\t<meta property=\"og:image:width\" content=\"1324\" \/>\n\t<meta property=\"og:image:height\" content=\"2024\" \/>\n\t<meta property=\"og:image:type\" content=\"image\/png\" \/>\n<meta name=\"twitter:card\" content=\"summary_large_image\" \/>\n<script type=\"application\/ld+json\" class=\"yoast-schema-graph\">{\"@context\":\"https:\/\/schema.org\",\"@graph\":[{\"@type\":\"WebPage\",\"@id\":\"https:\/\/www.tvunetworks.com\/es\/juegos-de-verano-2020\/\",\"url\":\"https:\/\/www.tvunetworks.com\/es\/juegos-de-verano-2020\/\",\"name\":\"2020 Juegos de Verano Transmisi\u00f3n en vivo Renta de Equipos de video\",\"isPartOf\":{\"@id\":\"https:\/\/www.tvunetworks.com\/es\/#website\"},\"datePublished\":\"2021-03-08T11:51:45+00:00\",\"dateModified\":\"2021-04-22T00:14:56+00:00\",\"description\":\"Captura todos los \u00e1ngulos de los pr\u00f3ximos Juegos de Verano 2020 usando soluciones de video TVU LIVE a trav\u00e9s de IP. Utilizado por miles de emisoras y streamers en vivo.\",\"breadcrumb\":{\"@id\":\"https:\/\/www.tvunetworks.com\/es\/juegos-de-verano-2020\/#breadcrumb\"},\"inLanguage\":\"es\",\"potentialAction\":[{\"@type\":\"ReadAction\",\"target\":[\"https:\/\/www.tvunetworks.com\/es\/juegos-de-verano-2020\/\"]}]},{\"@type\":\"BreadcrumbList\",\"@id\":\"https:\/\/www.tvunetworks.com\/es\/juegos-de-verano-2020\/#breadcrumb\",\"itemListElement\":[{\"@type\":\"ListItem\",\"position\":1,\"name\":\"Home\",\"item\":\"https:\/\/editwww.tvunetworks.com\/es\/\"},{\"@type\":\"ListItem\",\"position\":2,\"name\":\"Juegos de Verano 2020\"}]},{\"@type\":\"WebSite\",\"@id\":\"https:\/\/www.tvunetworks.com\/es\/#website\",\"url\":\"https:\/\/www.tvunetworks.com\/es\/\",\"name\":\"TVU Networks\",\"description\":\"The lowest prices for your full LLC publishing compliance!\",\"publisher\":{\"@id\":\"https:\/\/www.tvunetworks.com\/es\/#organization\"},\"potentialAction\":[{\"@type\":\"SearchAction\",\"target\":{\"@type\":\"EntryPoint\",\"urlTemplate\":\"https:\/\/www.tvunetworks.com\/es\/?s={search_term_string}\"},\"query-input\":{\"@type\":\"PropertyValueSpecification\",\"valueRequired\":true,\"valueName\":\"search_term_string\"}}],\"inLanguage\":\"es\"},{\"@type\":\"Organization\",\"@id\":\"https:\/\/www.tvunetworks.com\/es\/#organization\",\"name\":\"TVU Networks\",\"url\":\"https:\/\/www.tvunetworks.com\/es\/\",\"logo\":{\"@type\":\"ImageObject\",\"inLanguage\":\"es\",\"@id\":\"https:\/\/www.tvunetworks.com\/es\/#\/schema\/logo\/image\/\",\"url\":\"https:\/\/www.tvunetworks.com\/wp-content\/uploads\/2019\/07\/logo.svg\",\"contentUrl\":\"https:\/\/www.tvunetworks.com\/wp-content\/uploads\/2019\/07\/logo.svg\",\"caption\":\"TVU Networks\"},\"image\":{\"@id\":\"https:\/\/www.tvunetworks.com\/es\/#\/schema\/logo\/image\/\"}}]}<\/script>\n<!-- \/ Yoast SEO plugin. -->","yoast_head_json":{"title":"2020 Juegos de Verano Transmisi\u00f3n en vivo Renta de Equipos de video","description":"Captura todos los \u00e1ngulos de los pr\u00f3ximos Juegos de Verano 2020 usando soluciones de video TVU LIVE a trav\u00e9s de IP. Utilizado por miles de emisoras y streamers en vivo.","robots":{"index":"index","follow":"follow","max-snippet":"max-snippet:-1","max-image-preview":"max-image-preview:large","max-video-preview":"max-video-preview:-1"},"canonical":"https:\/\/www.tvunetworks.com\/es\/juegos-de-verano-2020\/","og_locale":"es_ES","og_type":"article","og_title":"2020 Juegos de Verano Transmisi\u00f3n en vivo Renta de Equipos de video","og_description":"Captura todos los \u00e1ngulos de los pr\u00f3ximos Juegos de Verano 2020 usando soluciones de video TVU LIVE a trav\u00e9s de IP. Utilizado por miles de emisoras y streamers en vivo.","og_url":"https:\/\/www.tvunetworks.com\/es\/wp-json\/wp\/v2\/pages\/36308","og_site_name":"TVU Networks","article_modified_time":"2021-04-22T00:14:56+00:00","og_image":[{"width":1324,"height":2024,"url":"https:\/\/www.tvunetworks.com\/wp-content\/uploads\/2022\/10\/web-banner-mobile-best-of-show-ibc-8.png","type":"image\/png"}],"twitter_card":"summary_large_image","schema":{"@context":"https:\/\/schema.org","@graph":[{"@type":"WebPage","@id":"https:\/\/www.tvunetworks.com\/es\/juegos-de-verano-2020\/","url":"https:\/\/www.tvunetworks.com\/es\/juegos-de-verano-2020\/","name":"2020 Juegos de Verano Transmisi\u00f3n en vivo Renta de Equipos de video","isPartOf":{"@id":"https:\/\/www.tvunetworks.com\/es\/#website"},"datePublished":"2021-03-08T11:51:45+00:00","dateModified":"2021-04-22T00:14:56+00:00","description":"Captura todos los \u00e1ngulos de los pr\u00f3ximos Juegos de Verano 2020 usando soluciones de video TVU LIVE a trav\u00e9s de IP. Utilizado por miles de emisoras y streamers en vivo.","breadcrumb":{"@id":"https:\/\/www.tvunetworks.com\/es\/juegos-de-verano-2020\/#breadcrumb"},"inLanguage":"es","potentialAction":[{"@type":"ReadAction","target":["https:\/\/www.tvunetworks.com\/es\/juegos-de-verano-2020\/"]}]},{"@type":"BreadcrumbList","@id":"https:\/\/www.tvunetworks.com\/es\/juegos-de-verano-2020\/#breadcrumb","itemListElement":[{"@type":"ListItem","position":1,"name":"Home","item":"https:\/\/editwww.tvunetworks.com\/es\/"},{"@type":"ListItem","position":2,"name":"Juegos de Verano 2020"}]},{"@type":"WebSite","@id":"https:\/\/www.tvunetworks.com\/es\/#website","url":"https:\/\/www.tvunetworks.com\/es\/","name":"TVU Networks","description":"The lowest prices for your full LLC publishing compliance!","publisher":{"@id":"https:\/\/www.tvunetworks.com\/es\/#organization"},"potentialAction":[{"@type":"SearchAction","target":{"@type":"EntryPoint","urlTemplate":"https:\/\/www.tvunetworks.com\/es\/?s={search_term_string}"},"query-input":{"@type":"PropertyValueSpecification","valueRequired":true,"valueName":"search_term_string"}}],"inLanguage":"es"},{"@type":"Organization","@id":"https:\/\/www.tvunetworks.com\/es\/#organization","name":"TVU Networks","url":"https:\/\/www.tvunetworks.com\/es\/","logo":{"@type":"ImageObject","inLanguage":"es","@id":"https:\/\/www.tvunetworks.com\/es\/#\/schema\/logo\/image\/","url":"https:\/\/www.tvunetworks.com\/wp-content\/uploads\/2019\/07\/logo.svg","contentUrl":"https:\/\/www.tvunetworks.com\/wp-content\/uploads\/2019\/07\/logo.svg","caption":"TVU Networks"},"image":{"@id":"https:\/\/www.tvunetworks.com\/es\/#\/schema\/logo\/image\/"}}]}},"_links":{"self":[{"href":"https:\/\/www.tvunetworks.com\/es\/wp-json\/wp\/v2\/pages\/36308","targetHints":{"allow":["GET"]}}],"collection":[{"href":"https:\/\/www.tvunetworks.com\/es\/wp-json\/wp\/v2\/pages"}],"about":[{"href":"https:\/\/www.tvunetworks.com\/es\/wp-json\/wp\/v2\/types\/page"}],"author":[{"embeddable":true,"href":"https:\/\/www.tvunetworks.com\/es\/wp-json\/wp\/v2\/users\/5"}],"replies":[{"embeddable":true,"href":"https:\/\/www.tvunetworks.com\/es\/wp-json\/wp\/v2\/comments?post=36308"}],"version-history":[{"count":3,"href":"https:\/\/www.tvunetworks.com\/es\/wp-json\/wp\/v2\/pages\/36308\/revisions"}],"predecessor-version":[{"id":42071,"href":"https:\/\/www.tvunetworks.com\/es\/wp-json\/wp\/v2\/pages\/36308\/revisions\/42071"}],"wp:attachment":[{"href":"https:\/\/www.tvunetworks.com\/es\/wp-json\/wp\/v2\/media?parent=36308"}],"curies":[{"name":"wp","href":"https:\/\/api.w.org\/{rel}","templated":true}]}}