{"id":24777,"date":"2020-09-10T14:13:51","date_gmt":"2020-09-10T14:13:51","guid":{"rendered":"https:\/\/editwww.tvunetworks.com\/broadcast-streaming-remote-production-solutions\/"},"modified":"2021-08-19T11:51:43","modified_gmt":"2021-08-19T11:51:43","slug":"broadcast-streaming-remote-production-solutions","status":"publish","type":"page","link":"https:\/\/www.tvunetworks.com\/es\/broadcast-streaming-remote-production-solutions\/","title":{"rendered":"Soluciones de producci\u00f3n remota"},"content":{"rendered":"","protected":false},"excerpt":{"rendered":"","protected":false},"author":5,"featured_media":0,"parent":0,"menu_order":0,"comment_status":"closed","ping_status":"closed","template":"pages\/template-add-info.php","meta":{"_acf_changed":false,"content-type":"","footnotes":""},"class_list":["post-24777","page","type-page","status-publish","hentry"],"acf":[],"yoast_head":"<!-- This site is optimized with the Yoast SEO plugin v25.0 - https:\/\/yoast.com\/wordpress\/plugins\/seo\/ -->\n<title>Soluciones de producci\u00f3n remota (REMI) para broadcast TVU Networks<\/title>\n<meta name=\"description\" content=\"La producci\u00f3n remota es un t\u00e9rmino general utilizado en la industria de la radiodifusi\u00f3n para describir cu\u00e1ndo se gestiona la producci\u00f3n en un lugar separado al que se produce la transmisi\u00f3n en vivo\" \/>\n<meta name=\"robots\" content=\"index, follow, max-snippet:-1, max-image-preview:large, max-video-preview:-1\" \/>\n<link rel=\"canonical\" href=\"https:\/\/www.tvunetworks.com\/es\/broadcast-streaming-remote-production-solutions\/\" \/>\n<meta property=\"og:locale\" content=\"es_ES\" \/>\n<meta property=\"og:type\" content=\"article\" \/>\n<meta property=\"og:title\" content=\"Soluciones de producci\u00f3n remota (REMI) para broadcast TVU Networks\" \/>\n<meta property=\"og:description\" content=\"La producci\u00f3n remota es un t\u00e9rmino general utilizado en la industria de la radiodifusi\u00f3n para describir cu\u00e1ndo se gestiona la producci\u00f3n en un lugar separado al que se produce la transmisi\u00f3n en vivo\" \/>\n<meta property=\"og:url\" content=\"https:\/\/www.tvunetworks.com\/es\/wp-json\/wp\/v2\/pages\/24777\" \/>\n<meta property=\"og:site_name\" content=\"TVU Networks\" \/>\n<meta property=\"article:modified_time\" content=\"2021-08-19T11:51:43+00:00\" \/>\n<meta property=\"og:image\" content=\"https:\/\/www.tvunetworks.com\/wp-content\/uploads\/2022\/10\/web-banner-mobile-best-of-show-ibc-8.png\" \/>\n\t<meta property=\"og:image:width\" content=\"1324\" \/>\n\t<meta property=\"og:image:height\" content=\"2024\" \/>\n\t<meta property=\"og:image:type\" content=\"image\/png\" \/>\n<meta name=\"twitter:card\" content=\"summary_large_image\" \/>\n<script type=\"application\/ld+json\" class=\"yoast-schema-graph\">{\"@context\":\"https:\/\/schema.org\",\"@graph\":[{\"@type\":\"WebPage\",\"@id\":\"https:\/\/www.tvunetworks.com\/es\/broadcast-streaming-remote-production-solutions\/\",\"url\":\"https:\/\/www.tvunetworks.com\/es\/broadcast-streaming-remote-production-solutions\/\",\"name\":\"Soluciones de producci\u00f3n remota (REMI) para broadcast TVU Networks\",\"isPartOf\":{\"@id\":\"https:\/\/www.tvunetworks.com\/es\/#website\"},\"datePublished\":\"2020-09-10T14:13:51+00:00\",\"dateModified\":\"2021-08-19T11:51:43+00:00\",\"description\":\"La producci\u00f3n remota es un t\u00e9rmino general utilizado en la industria de la radiodifusi\u00f3n para describir cu\u00e1ndo se gestiona la producci\u00f3n en un lugar separado al que se produce la transmisi\u00f3n en vivo\",\"breadcrumb\":{\"@id\":\"https:\/\/www.tvunetworks.com\/es\/broadcast-streaming-remote-production-solutions\/#breadcrumb\"},\"inLanguage\":\"es\",\"potentialAction\":[{\"@type\":\"ReadAction\",\"target\":[\"https:\/\/www.tvunetworks.com\/es\/broadcast-streaming-remote-production-solutions\/\"]}]},{\"@type\":\"BreadcrumbList\",\"@id\":\"https:\/\/www.tvunetworks.com\/es\/broadcast-streaming-remote-production-solutions\/#breadcrumb\",\"itemListElement\":[{\"@type\":\"ListItem\",\"position\":1,\"name\":\"Home\",\"item\":\"https:\/\/editwww.tvunetworks.com\/es\/\"},{\"@type\":\"ListItem\",\"position\":2,\"name\":\"Soluciones de producci\u00f3n remota\"}]},{\"@type\":\"WebSite\",\"@id\":\"https:\/\/www.tvunetworks.com\/es\/#website\",\"url\":\"https:\/\/www.tvunetworks.com\/es\/\",\"name\":\"TVU Networks\",\"description\":\"The lowest prices for your full LLC publishing compliance!\",\"publisher\":{\"@id\":\"https:\/\/www.tvunetworks.com\/es\/#organization\"},\"potentialAction\":[{\"@type\":\"SearchAction\",\"target\":{\"@type\":\"EntryPoint\",\"urlTemplate\":\"https:\/\/www.tvunetworks.com\/es\/?s={search_term_string}\"},\"query-input\":{\"@type\":\"PropertyValueSpecification\",\"valueRequired\":true,\"valueName\":\"search_term_string\"}}],\"inLanguage\":\"es\"},{\"@type\":\"Organization\",\"@id\":\"https:\/\/www.tvunetworks.com\/es\/#organization\",\"name\":\"TVU Networks\",\"url\":\"https:\/\/www.tvunetworks.com\/es\/\",\"logo\":{\"@type\":\"ImageObject\",\"inLanguage\":\"es\",\"@id\":\"https:\/\/www.tvunetworks.com\/es\/#\/schema\/logo\/image\/\",\"url\":\"https:\/\/www.tvunetworks.com\/wp-content\/uploads\/2019\/07\/logo.svg\",\"contentUrl\":\"https:\/\/www.tvunetworks.com\/wp-content\/uploads\/2019\/07\/logo.svg\",\"caption\":\"TVU Networks\"},\"image\":{\"@id\":\"https:\/\/www.tvunetworks.com\/es\/#\/schema\/logo\/image\/\"}}]}<\/script>\n<!-- \/ Yoast SEO plugin. -->","yoast_head_json":{"title":"Soluciones de producci\u00f3n remota (REMI) para broadcast TVU Networks","description":"La producci\u00f3n remota es un t\u00e9rmino general utilizado en la industria de la radiodifusi\u00f3n para describir cu\u00e1ndo se gestiona la producci\u00f3n en un lugar separado al que se produce la transmisi\u00f3n en vivo","robots":{"index":"index","follow":"follow","max-snippet":"max-snippet:-1","max-image-preview":"max-image-preview:large","max-video-preview":"max-video-preview:-1"},"canonical":"https:\/\/www.tvunetworks.com\/es\/broadcast-streaming-remote-production-solutions\/","og_locale":"es_ES","og_type":"article","og_title":"Soluciones de producci\u00f3n remota (REMI) para broadcast TVU Networks","og_description":"La producci\u00f3n remota es un t\u00e9rmino general utilizado en la industria de la radiodifusi\u00f3n para describir cu\u00e1ndo se gestiona la producci\u00f3n en un lugar separado al que se produce la transmisi\u00f3n en vivo","og_url":"https:\/\/www.tvunetworks.com\/es\/wp-json\/wp\/v2\/pages\/24777","og_site_name":"TVU Networks","article_modified_time":"2021-08-19T11:51:43+00:00","og_image":[{"width":1324,"height":2024,"url":"https:\/\/www.tvunetworks.com\/wp-content\/uploads\/2022\/10\/web-banner-mobile-best-of-show-ibc-8.png","type":"image\/png"}],"twitter_card":"summary_large_image","schema":{"@context":"https:\/\/schema.org","@graph":[{"@type":"WebPage","@id":"https:\/\/www.tvunetworks.com\/es\/broadcast-streaming-remote-production-solutions\/","url":"https:\/\/www.tvunetworks.com\/es\/broadcast-streaming-remote-production-solutions\/","name":"Soluciones de producci\u00f3n remota (REMI) para broadcast TVU Networks","isPartOf":{"@id":"https:\/\/www.tvunetworks.com\/es\/#website"},"datePublished":"2020-09-10T14:13:51+00:00","dateModified":"2021-08-19T11:51:43+00:00","description":"La producci\u00f3n remota es un t\u00e9rmino general utilizado en la industria de la radiodifusi\u00f3n para describir cu\u00e1ndo se gestiona la producci\u00f3n en un lugar separado al que se produce la transmisi\u00f3n en vivo","breadcrumb":{"@id":"https:\/\/www.tvunetworks.com\/es\/broadcast-streaming-remote-production-solutions\/#breadcrumb"},"inLanguage":"es","potentialAction":[{"@type":"ReadAction","target":["https:\/\/www.tvunetworks.com\/es\/broadcast-streaming-remote-production-solutions\/"]}]},{"@type":"BreadcrumbList","@id":"https:\/\/www.tvunetworks.com\/es\/broadcast-streaming-remote-production-solutions\/#breadcrumb","itemListElement":[{"@type":"ListItem","position":1,"name":"Home","item":"https:\/\/editwww.tvunetworks.com\/es\/"},{"@type":"ListItem","position":2,"name":"Soluciones de producci\u00f3n remota"}]},{"@type":"WebSite","@id":"https:\/\/www.tvunetworks.com\/es\/#website","url":"https:\/\/www.tvunetworks.com\/es\/","name":"TVU Networks","description":"The lowest prices for your full LLC publishing compliance!","publisher":{"@id":"https:\/\/www.tvunetworks.com\/es\/#organization"},"potentialAction":[{"@type":"SearchAction","target":{"@type":"EntryPoint","urlTemplate":"https:\/\/www.tvunetworks.com\/es\/?s={search_term_string}"},"query-input":{"@type":"PropertyValueSpecification","valueRequired":true,"valueName":"search_term_string"}}],"inLanguage":"es"},{"@type":"Organization","@id":"https:\/\/www.tvunetworks.com\/es\/#organization","name":"TVU Networks","url":"https:\/\/www.tvunetworks.com\/es\/","logo":{"@type":"ImageObject","inLanguage":"es","@id":"https:\/\/www.tvunetworks.com\/es\/#\/schema\/logo\/image\/","url":"https:\/\/www.tvunetworks.com\/wp-content\/uploads\/2019\/07\/logo.svg","contentUrl":"https:\/\/www.tvunetworks.com\/wp-content\/uploads\/2019\/07\/logo.svg","caption":"TVU Networks"},"image":{"@id":"https:\/\/www.tvunetworks.com\/es\/#\/schema\/logo\/image\/"}}]}},"_links":{"self":[{"href":"https:\/\/www.tvunetworks.com\/es\/wp-json\/wp\/v2\/pages\/24777","targetHints":{"allow":["GET"]}}],"collection":[{"href":"https:\/\/www.tvunetworks.com\/es\/wp-json\/wp\/v2\/pages"}],"about":[{"href":"https:\/\/www.tvunetworks.com\/es\/wp-json\/wp\/v2\/types\/page"}],"author":[{"embeddable":true,"href":"https:\/\/www.tvunetworks.com\/es\/wp-json\/wp\/v2\/users\/5"}],"replies":[{"embeddable":true,"href":"https:\/\/www.tvunetworks.com\/es\/wp-json\/wp\/v2\/comments?post=24777"}],"version-history":[{"count":5,"href":"https:\/\/www.tvunetworks.com\/es\/wp-json\/wp\/v2\/pages\/24777\/revisions"}],"predecessor-version":[{"id":52578,"href":"https:\/\/www.tvunetworks.com\/es\/wp-json\/wp\/v2\/pages\/24777\/revisions\/52578"}],"wp:attachment":[{"href":"https:\/\/www.tvunetworks.com\/es\/wp-json\/wp\/v2\/media?parent=24777"}],"curies":[{"name":"wp","href":"https:\/\/api.w.org\/{rel}","templated":true}]}}