{"id":21906,"date":"2020-08-07T12:56:26","date_gmt":"2020-08-07T12:56:26","guid":{"rendered":"https:\/\/editwww.tvunetworks.com\/consejos-principales-para-obtener-lo-mejor-de-tvu\/tvu-anywhere\/"},"modified":"2025-11-06T17:08:04","modified_gmt":"2025-11-06T17:08:04","slug":"tvu-anywhere","status":"publish","type":"page","link":"https:\/\/www.tvunetworks.com\/es\/tvu-products-tips\/tvu-anywhere\/","title":{"rendered":"TVU Anywhere"},"content":{"rendered":"","protected":false},"excerpt":{"rendered":"","protected":false},"author":5,"featured_media":0,"parent":21903,"menu_order":0,"comment_status":"closed","ping_status":"closed","template":"pages\/template-tips.php","meta":{"_acf_changed":false,"content-type":"","footnotes":""},"class_list":["post-21906","page","type-page","status-publish","hentry"],"acf":[],"yoast_head":"<!-- This site is optimized with the Yoast SEO plugin v25.0 - https:\/\/yoast.com\/wordpress\/plugins\/seo\/ -->\n<title>C\u00f3mo utilizar la aplicaci\u00f3n de transmisi\u00f3n en vivo m\u00f3vil TVU Anywhere Consejos sobre productos<\/title>\n<meta name=\"description\" content=\"Reciba consejos de periodistas y productores m\u00f3viles en TVU Anywhere transmisor de v\u00eddeo en vivo m\u00f3vil y aplicaci\u00f3n de tel\u00e9fono inteligente sobre la tecnolog\u00eda celular de enlace.\" \/>\n<meta name=\"robots\" content=\"noindex, follow\" \/>\n<meta property=\"og:locale\" content=\"es_ES\" \/>\n<meta property=\"og:type\" content=\"article\" \/>\n<meta property=\"og:title\" content=\"C\u00f3mo utilizar la aplicaci\u00f3n de transmisi\u00f3n en vivo m\u00f3vil TVU Anywhere Consejos sobre productos\" \/>\n<meta property=\"og:description\" content=\"Reciba consejos de periodistas y productores m\u00f3viles en TVU Anywhere transmisor de v\u00eddeo en vivo m\u00f3vil y aplicaci\u00f3n de tel\u00e9fono inteligente sobre la tecnolog\u00eda celular de enlace.\" \/>\n<meta property=\"og:url\" content=\"https:\/\/www.tvunetworks.com\/es\/wp-json\/wp\/v2\/pages\/21906\" \/>\n<meta property=\"og:site_name\" content=\"TVU Networks\" \/>\n<meta property=\"article:modified_time\" content=\"2025-11-06T17:08:04+00:00\" \/>\n<meta property=\"og:image\" content=\"https:\/\/www.tvunetworks.com\/wp-content\/uploads\/2022\/10\/web-banner-mobile-best-of-show-ibc-8.png\" \/>\n\t<meta property=\"og:image:width\" content=\"1324\" \/>\n\t<meta property=\"og:image:height\" content=\"2024\" \/>\n\t<meta property=\"og:image:type\" content=\"image\/png\" \/>\n<meta name=\"twitter:card\" content=\"summary_large_image\" \/>\n<script type=\"application\/ld+json\" class=\"yoast-schema-graph\">{\"@context\":\"https:\/\/schema.org\",\"@graph\":[{\"@type\":\"WebPage\",\"@id\":\"https:\/\/www.tvunetworks.com\/es\/tvu-products-tips\/tvu-anywhere\/\",\"url\":\"https:\/\/www.tvunetworks.com\/es\/tvu-products-tips\/tvu-anywhere\/\",\"name\":\"C\u00f3mo utilizar la aplicaci\u00f3n de transmisi\u00f3n en vivo m\u00f3vil TVU Anywhere Consejos sobre productos\",\"isPartOf\":{\"@id\":\"https:\/\/www.tvunetworks.com\/es\/#website\"},\"datePublished\":\"2020-08-07T12:56:26+00:00\",\"dateModified\":\"2025-11-06T17:08:04+00:00\",\"description\":\"Reciba consejos de periodistas y productores m\u00f3viles en TVU Anywhere transmisor de v\u00eddeo en vivo m\u00f3vil y aplicaci\u00f3n de tel\u00e9fono inteligente sobre la tecnolog\u00eda celular de enlace.\",\"breadcrumb\":{\"@id\":\"https:\/\/www.tvunetworks.com\/es\/tvu-products-tips\/tvu-anywhere\/#breadcrumb\"},\"inLanguage\":\"es\",\"potentialAction\":[{\"@type\":\"ReadAction\",\"target\":[\"https:\/\/www.tvunetworks.com\/es\/tvu-products-tips\/tvu-anywhere\/\"]}]},{\"@type\":\"BreadcrumbList\",\"@id\":\"https:\/\/www.tvunetworks.com\/es\/tvu-products-tips\/tvu-anywhere\/#breadcrumb\",\"itemListElement\":[{\"@type\":\"ListItem\",\"position\":1,\"name\":\"Home\",\"item\":\"https:\/\/editwww.tvunetworks.com\/es\/\"},{\"@type\":\"ListItem\",\"position\":2,\"name\":\"Consejos principales para obtener lo mejor de TVU\",\"item\":\"https:\/\/editwww.tvunetworks.com\/es\/tvu-products-tips\/\"},{\"@type\":\"ListItem\",\"position\":3,\"name\":\"TVU Anywhere\"}]},{\"@type\":\"WebSite\",\"@id\":\"https:\/\/www.tvunetworks.com\/es\/#website\",\"url\":\"https:\/\/www.tvunetworks.com\/es\/\",\"name\":\"TVU Networks\",\"description\":\"The lowest prices for your full LLC publishing compliance!\",\"publisher\":{\"@id\":\"https:\/\/www.tvunetworks.com\/es\/#organization\"},\"potentialAction\":[{\"@type\":\"SearchAction\",\"target\":{\"@type\":\"EntryPoint\",\"urlTemplate\":\"https:\/\/www.tvunetworks.com\/es\/?s={search_term_string}\"},\"query-input\":{\"@type\":\"PropertyValueSpecification\",\"valueRequired\":true,\"valueName\":\"search_term_string\"}}],\"inLanguage\":\"es\"},{\"@type\":\"Organization\",\"@id\":\"https:\/\/www.tvunetworks.com\/es\/#organization\",\"name\":\"TVU Networks\",\"url\":\"https:\/\/www.tvunetworks.com\/es\/\",\"logo\":{\"@type\":\"ImageObject\",\"inLanguage\":\"es\",\"@id\":\"https:\/\/www.tvunetworks.com\/es\/#\/schema\/logo\/image\/\",\"url\":\"https:\/\/www.tvunetworks.com\/wp-content\/uploads\/2019\/07\/logo.svg\",\"contentUrl\":\"https:\/\/www.tvunetworks.com\/wp-content\/uploads\/2019\/07\/logo.svg\",\"caption\":\"TVU Networks\"},\"image\":{\"@id\":\"https:\/\/www.tvunetworks.com\/es\/#\/schema\/logo\/image\/\"}}]}<\/script>\n<!-- \/ Yoast SEO plugin. -->","yoast_head_json":{"title":"C\u00f3mo utilizar la aplicaci\u00f3n de transmisi\u00f3n en vivo m\u00f3vil TVU Anywhere Consejos sobre productos","description":"Reciba consejos de periodistas y productores m\u00f3viles en TVU Anywhere transmisor de v\u00eddeo en vivo m\u00f3vil y aplicaci\u00f3n de tel\u00e9fono inteligente sobre la tecnolog\u00eda celular de enlace.","robots":{"index":"noindex","follow":"follow"},"og_locale":"es_ES","og_type":"article","og_title":"C\u00f3mo utilizar la aplicaci\u00f3n de transmisi\u00f3n en vivo m\u00f3vil TVU Anywhere Consejos sobre productos","og_description":"Reciba consejos de periodistas y productores m\u00f3viles en TVU Anywhere transmisor de v\u00eddeo en vivo m\u00f3vil y aplicaci\u00f3n de tel\u00e9fono inteligente sobre la tecnolog\u00eda celular de enlace.","og_url":"https:\/\/www.tvunetworks.com\/es\/wp-json\/wp\/v2\/pages\/21906","og_site_name":"TVU Networks","article_modified_time":"2025-11-06T17:08:04+00:00","og_image":[{"width":1324,"height":2024,"url":"https:\/\/www.tvunetworks.com\/wp-content\/uploads\/2022\/10\/web-banner-mobile-best-of-show-ibc-8.png","type":"image\/png"}],"twitter_card":"summary_large_image","schema":{"@context":"https:\/\/schema.org","@graph":[{"@type":"WebPage","@id":"https:\/\/www.tvunetworks.com\/es\/tvu-products-tips\/tvu-anywhere\/","url":"https:\/\/www.tvunetworks.com\/es\/tvu-products-tips\/tvu-anywhere\/","name":"C\u00f3mo utilizar la aplicaci\u00f3n de transmisi\u00f3n en vivo m\u00f3vil TVU Anywhere Consejos sobre productos","isPartOf":{"@id":"https:\/\/www.tvunetworks.com\/es\/#website"},"datePublished":"2020-08-07T12:56:26+00:00","dateModified":"2025-11-06T17:08:04+00:00","description":"Reciba consejos de periodistas y productores m\u00f3viles en TVU Anywhere transmisor de v\u00eddeo en vivo m\u00f3vil y aplicaci\u00f3n de tel\u00e9fono inteligente sobre la tecnolog\u00eda celular de enlace.","breadcrumb":{"@id":"https:\/\/www.tvunetworks.com\/es\/tvu-products-tips\/tvu-anywhere\/#breadcrumb"},"inLanguage":"es","potentialAction":[{"@type":"ReadAction","target":["https:\/\/www.tvunetworks.com\/es\/tvu-products-tips\/tvu-anywhere\/"]}]},{"@type":"BreadcrumbList","@id":"https:\/\/www.tvunetworks.com\/es\/tvu-products-tips\/tvu-anywhere\/#breadcrumb","itemListElement":[{"@type":"ListItem","position":1,"name":"Home","item":"https:\/\/editwww.tvunetworks.com\/es\/"},{"@type":"ListItem","position":2,"name":"Consejos principales para obtener lo mejor de TVU","item":"https:\/\/editwww.tvunetworks.com\/es\/tvu-products-tips\/"},{"@type":"ListItem","position":3,"name":"TVU Anywhere"}]},{"@type":"WebSite","@id":"https:\/\/www.tvunetworks.com\/es\/#website","url":"https:\/\/www.tvunetworks.com\/es\/","name":"TVU Networks","description":"The lowest prices for your full LLC publishing compliance!","publisher":{"@id":"https:\/\/www.tvunetworks.com\/es\/#organization"},"potentialAction":[{"@type":"SearchAction","target":{"@type":"EntryPoint","urlTemplate":"https:\/\/www.tvunetworks.com\/es\/?s={search_term_string}"},"query-input":{"@type":"PropertyValueSpecification","valueRequired":true,"valueName":"search_term_string"}}],"inLanguage":"es"},{"@type":"Organization","@id":"https:\/\/www.tvunetworks.com\/es\/#organization","name":"TVU Networks","url":"https:\/\/www.tvunetworks.com\/es\/","logo":{"@type":"ImageObject","inLanguage":"es","@id":"https:\/\/www.tvunetworks.com\/es\/#\/schema\/logo\/image\/","url":"https:\/\/www.tvunetworks.com\/wp-content\/uploads\/2019\/07\/logo.svg","contentUrl":"https:\/\/www.tvunetworks.com\/wp-content\/uploads\/2019\/07\/logo.svg","caption":"TVU Networks"},"image":{"@id":"https:\/\/www.tvunetworks.com\/es\/#\/schema\/logo\/image\/"}}]}},"_links":{"self":[{"href":"https:\/\/www.tvunetworks.com\/es\/wp-json\/wp\/v2\/pages\/21906","targetHints":{"allow":["GET"]}}],"collection":[{"href":"https:\/\/www.tvunetworks.com\/es\/wp-json\/wp\/v2\/pages"}],"about":[{"href":"https:\/\/www.tvunetworks.com\/es\/wp-json\/wp\/v2\/types\/page"}],"author":[{"embeddable":true,"href":"https:\/\/www.tvunetworks.com\/es\/wp-json\/wp\/v2\/users\/5"}],"replies":[{"embeddable":true,"href":"https:\/\/www.tvunetworks.com\/es\/wp-json\/wp\/v2\/comments?post=21906"}],"version-history":[{"count":2,"href":"https:\/\/www.tvunetworks.com\/es\/wp-json\/wp\/v2\/pages\/21906\/revisions"}],"predecessor-version":[{"id":22476,"href":"https:\/\/www.tvunetworks.com\/es\/wp-json\/wp\/v2\/pages\/21906\/revisions\/22476"}],"up":[{"embeddable":true,"href":"https:\/\/www.tvunetworks.com\/es\/wp-json\/wp\/v2\/pages\/21903"}],"wp:attachment":[{"href":"https:\/\/www.tvunetworks.com\/es\/wp-json\/wp\/v2\/media?parent=21906"}],"curies":[{"name":"wp","href":"https:\/\/api.w.org\/{rel}","templated":true}]}}