{"id":21891,"date":"2020-08-07T12:56:22","date_gmt":"2020-08-07T12:56:22","guid":{"rendered":"https:\/\/editwww.tvunetworks.com\/consejos-tvu-pack-fuente-productora-de-tvu-cynthia\/"},"modified":"2020-08-07T12:56:22","modified_gmt":"2020-08-07T12:56:22","slug":"consejos-tvu-pack-fuente-productora-de-tvu-cynthia","status":"publish","type":"page","link":"https:\/\/www.tvunetworks.com\/es\/consejos-tvu-pack-fuente-productora-de-tvu-cynthia\/","title":{"rendered":"Consejos \/ TVU Pack Fuente \/ Productora de TVU Cynthia"},"content":{"rendered":"","protected":false},"excerpt":{"rendered":"","protected":false},"author":5,"featured_media":50483,"parent":0,"menu_order":0,"comment_status":"closed","ping_status":"closed","template":"pages\/template-add-info.php","meta":{"_acf_changed":false,"content-type":"","footnotes":""},"class_list":["post-21891","page","type-page","status-publish","has-post-thumbnail","hentry"],"acf":[],"yoast_head":"<!-- This site is optimized with the Yoast SEO plugin v25.0 - https:\/\/yoast.com\/wordpress\/plugins\/seo\/ -->\n<title>C\u00f3mo utilizar la voz sobre IP (VoIP) con la aplicaci\u00f3n de streaming m\u00f3vil TVU Anywhere.<\/title>\n<meta name=\"description\" content=\"Utilice la aplicaci\u00f3n m\u00f3vil TVU Anywhere Voz sobre IP para comunicarse con su estudio de transmisi\u00f3n remota. IFB bi-direccional. F\u00e1cil de usar. Transmisi\u00f3n en vivo m\u00f3vil remoto.\" \/>\n<meta name=\"robots\" content=\"index, follow, max-snippet:-1, max-image-preview:large, max-video-preview:-1\" \/>\n<link rel=\"canonical\" href=\"https:\/\/www.tvunetworks.com\/es\/consejos-tvu-pack-fuente-productora-de-tvu-cynthia\/\" \/>\n<meta property=\"og:locale\" content=\"es_ES\" \/>\n<meta property=\"og:type\" content=\"article\" \/>\n<meta property=\"og:title\" content=\"C\u00f3mo utilizar la voz sobre IP (VoIP) con la aplicaci\u00f3n de streaming m\u00f3vil TVU Anywhere.\" \/>\n<meta property=\"og:description\" content=\"Utilice la aplicaci\u00f3n m\u00f3vil TVU Anywhere Voz sobre IP para comunicarse con su estudio de transmisi\u00f3n remota. IFB bi-direccional. F\u00e1cil de usar. Transmisi\u00f3n en vivo m\u00f3vil remoto.\" \/>\n<meta property=\"og:url\" content=\"https:\/\/www.tvunetworks.com\/es\/wp-json\/wp\/v2\/pages\/21891\" \/>\n<meta property=\"og:site_name\" content=\"TVU Networks\" \/>\n<meta property=\"og:image\" content=\"https:\/\/www.tvunetworks.com\/wp-content\/uploads\/2021\/07\/TVU-Producer-Adding-a-TVU-One-source.png\" \/>\n\t<meta property=\"og:image:width\" content=\"1920\" \/>\n\t<meta property=\"og:image:height\" content=\"1080\" \/>\n\t<meta property=\"og:image:type\" content=\"image\/png\" \/>\n<meta name=\"twitter:card\" content=\"summary_large_image\" \/>\n<script type=\"application\/ld+json\" class=\"yoast-schema-graph\">{\"@context\":\"https:\/\/schema.org\",\"@graph\":[{\"@type\":\"WebPage\",\"@id\":\"https:\/\/www.tvunetworks.com\/es\/consejos-tvu-pack-fuente-productora-de-tvu-cynthia\/\",\"url\":\"https:\/\/www.tvunetworks.com\/es\/consejos-tvu-pack-fuente-productora-de-tvu-cynthia\/\",\"name\":\"C\u00f3mo utilizar la voz sobre IP (VoIP) con la aplicaci\u00f3n de streaming m\u00f3vil TVU Anywhere.\",\"isPartOf\":{\"@id\":\"https:\/\/www.tvunetworks.com\/es\/#website\"},\"primaryImageOfPage\":{\"@id\":\"https:\/\/www.tvunetworks.com\/es\/consejos-tvu-pack-fuente-productora-de-tvu-cynthia\/#primaryimage\"},\"image\":{\"@id\":\"https:\/\/www.tvunetworks.com\/es\/consejos-tvu-pack-fuente-productora-de-tvu-cynthia\/#primaryimage\"},\"thumbnailUrl\":\"https:\/\/www.tvunetworks.com\/wp-content\/uploads\/2021\/07\/TVU-Producer-Adding-a-TVU-One-source.png\",\"datePublished\":\"2020-08-07T12:56:22+00:00\",\"description\":\"Utilice la aplicaci\u00f3n m\u00f3vil TVU Anywhere Voz sobre IP para comunicarse con su estudio de transmisi\u00f3n remota. IFB bi-direccional. F\u00e1cil de usar. Transmisi\u00f3n en vivo m\u00f3vil remoto.\",\"breadcrumb\":{\"@id\":\"https:\/\/www.tvunetworks.com\/es\/consejos-tvu-pack-fuente-productora-de-tvu-cynthia\/#breadcrumb\"},\"inLanguage\":\"es\",\"potentialAction\":[{\"@type\":\"ReadAction\",\"target\":[\"https:\/\/www.tvunetworks.com\/es\/consejos-tvu-pack-fuente-productora-de-tvu-cynthia\/\"]}]},{\"@type\":\"ImageObject\",\"inLanguage\":\"es\",\"@id\":\"https:\/\/www.tvunetworks.com\/es\/consejos-tvu-pack-fuente-productora-de-tvu-cynthia\/#primaryimage\",\"url\":\"https:\/\/www.tvunetworks.com\/wp-content\/uploads\/2021\/07\/TVU-Producer-Adding-a-TVU-One-source.png\",\"contentUrl\":\"https:\/\/www.tvunetworks.com\/wp-content\/uploads\/2021\/07\/TVU-Producer-Adding-a-TVU-One-source.png\",\"width\":1920,\"height\":1080},{\"@type\":\"BreadcrumbList\",\"@id\":\"https:\/\/www.tvunetworks.com\/es\/consejos-tvu-pack-fuente-productora-de-tvu-cynthia\/#breadcrumb\",\"itemListElement\":[{\"@type\":\"ListItem\",\"position\":1,\"name\":\"Home\",\"item\":\"https:\/\/editwww.tvunetworks.com\/es\/\"},{\"@type\":\"ListItem\",\"position\":2,\"name\":\"Consejos \/ TVU Pack Fuente \/ Productora de TVU Cynthia\"}]},{\"@type\":\"WebSite\",\"@id\":\"https:\/\/www.tvunetworks.com\/es\/#website\",\"url\":\"https:\/\/www.tvunetworks.com\/es\/\",\"name\":\"TVU Networks\",\"description\":\"The lowest prices for your full LLC publishing compliance!\",\"publisher\":{\"@id\":\"https:\/\/www.tvunetworks.com\/es\/#organization\"},\"potentialAction\":[{\"@type\":\"SearchAction\",\"target\":{\"@type\":\"EntryPoint\",\"urlTemplate\":\"https:\/\/www.tvunetworks.com\/es\/?s={search_term_string}\"},\"query-input\":{\"@type\":\"PropertyValueSpecification\",\"valueRequired\":true,\"valueName\":\"search_term_string\"}}],\"inLanguage\":\"es\"},{\"@type\":\"Organization\",\"@id\":\"https:\/\/www.tvunetworks.com\/es\/#organization\",\"name\":\"TVU Networks\",\"url\":\"https:\/\/www.tvunetworks.com\/es\/\",\"logo\":{\"@type\":\"ImageObject\",\"inLanguage\":\"es\",\"@id\":\"https:\/\/www.tvunetworks.com\/es\/#\/schema\/logo\/image\/\",\"url\":\"https:\/\/www.tvunetworks.com\/wp-content\/uploads\/2019\/07\/logo.svg\",\"contentUrl\":\"https:\/\/www.tvunetworks.com\/wp-content\/uploads\/2019\/07\/logo.svg\",\"caption\":\"TVU Networks\"},\"image\":{\"@id\":\"https:\/\/www.tvunetworks.com\/es\/#\/schema\/logo\/image\/\"}}]}<\/script>\n<!-- \/ Yoast SEO plugin. -->","yoast_head_json":{"title":"C\u00f3mo utilizar la voz sobre IP (VoIP) con la aplicaci\u00f3n de streaming m\u00f3vil TVU Anywhere.","description":"Utilice la aplicaci\u00f3n m\u00f3vil TVU Anywhere Voz sobre IP para comunicarse con su estudio de transmisi\u00f3n remota. IFB bi-direccional. F\u00e1cil de usar. Transmisi\u00f3n en vivo m\u00f3vil remoto.","robots":{"index":"index","follow":"follow","max-snippet":"max-snippet:-1","max-image-preview":"max-image-preview:large","max-video-preview":"max-video-preview:-1"},"canonical":"https:\/\/www.tvunetworks.com\/es\/consejos-tvu-pack-fuente-productora-de-tvu-cynthia\/","og_locale":"es_ES","og_type":"article","og_title":"C\u00f3mo utilizar la voz sobre IP (VoIP) con la aplicaci\u00f3n de streaming m\u00f3vil TVU Anywhere.","og_description":"Utilice la aplicaci\u00f3n m\u00f3vil TVU Anywhere Voz sobre IP para comunicarse con su estudio de transmisi\u00f3n remota. IFB bi-direccional. F\u00e1cil de usar. Transmisi\u00f3n en vivo m\u00f3vil remoto.","og_url":"https:\/\/www.tvunetworks.com\/es\/wp-json\/wp\/v2\/pages\/21891","og_site_name":"TVU Networks","og_image":[{"width":1920,"height":1080,"url":"https:\/\/www.tvunetworks.com\/wp-content\/uploads\/2021\/07\/TVU-Producer-Adding-a-TVU-One-source.png","type":"image\/png"}],"twitter_card":"summary_large_image","schema":{"@context":"https:\/\/schema.org","@graph":[{"@type":"WebPage","@id":"https:\/\/www.tvunetworks.com\/es\/consejos-tvu-pack-fuente-productora-de-tvu-cynthia\/","url":"https:\/\/www.tvunetworks.com\/es\/consejos-tvu-pack-fuente-productora-de-tvu-cynthia\/","name":"C\u00f3mo utilizar la voz sobre IP (VoIP) con la aplicaci\u00f3n de streaming m\u00f3vil TVU Anywhere.","isPartOf":{"@id":"https:\/\/www.tvunetworks.com\/es\/#website"},"primaryImageOfPage":{"@id":"https:\/\/www.tvunetworks.com\/es\/consejos-tvu-pack-fuente-productora-de-tvu-cynthia\/#primaryimage"},"image":{"@id":"https:\/\/www.tvunetworks.com\/es\/consejos-tvu-pack-fuente-productora-de-tvu-cynthia\/#primaryimage"},"thumbnailUrl":"https:\/\/www.tvunetworks.com\/wp-content\/uploads\/2021\/07\/TVU-Producer-Adding-a-TVU-One-source.png","datePublished":"2020-08-07T12:56:22+00:00","description":"Utilice la aplicaci\u00f3n m\u00f3vil TVU Anywhere Voz sobre IP para comunicarse con su estudio de transmisi\u00f3n remota. IFB bi-direccional. F\u00e1cil de usar. Transmisi\u00f3n en vivo m\u00f3vil remoto.","breadcrumb":{"@id":"https:\/\/www.tvunetworks.com\/es\/consejos-tvu-pack-fuente-productora-de-tvu-cynthia\/#breadcrumb"},"inLanguage":"es","potentialAction":[{"@type":"ReadAction","target":["https:\/\/www.tvunetworks.com\/es\/consejos-tvu-pack-fuente-productora-de-tvu-cynthia\/"]}]},{"@type":"ImageObject","inLanguage":"es","@id":"https:\/\/www.tvunetworks.com\/es\/consejos-tvu-pack-fuente-productora-de-tvu-cynthia\/#primaryimage","url":"https:\/\/www.tvunetworks.com\/wp-content\/uploads\/2021\/07\/TVU-Producer-Adding-a-TVU-One-source.png","contentUrl":"https:\/\/www.tvunetworks.com\/wp-content\/uploads\/2021\/07\/TVU-Producer-Adding-a-TVU-One-source.png","width":1920,"height":1080},{"@type":"BreadcrumbList","@id":"https:\/\/www.tvunetworks.com\/es\/consejos-tvu-pack-fuente-productora-de-tvu-cynthia\/#breadcrumb","itemListElement":[{"@type":"ListItem","position":1,"name":"Home","item":"https:\/\/editwww.tvunetworks.com\/es\/"},{"@type":"ListItem","position":2,"name":"Consejos \/ TVU Pack Fuente \/ Productora de TVU Cynthia"}]},{"@type":"WebSite","@id":"https:\/\/www.tvunetworks.com\/es\/#website","url":"https:\/\/www.tvunetworks.com\/es\/","name":"TVU Networks","description":"The lowest prices for your full LLC publishing compliance!","publisher":{"@id":"https:\/\/www.tvunetworks.com\/es\/#organization"},"potentialAction":[{"@type":"SearchAction","target":{"@type":"EntryPoint","urlTemplate":"https:\/\/www.tvunetworks.com\/es\/?s={search_term_string}"},"query-input":{"@type":"PropertyValueSpecification","valueRequired":true,"valueName":"search_term_string"}}],"inLanguage":"es"},{"@type":"Organization","@id":"https:\/\/www.tvunetworks.com\/es\/#organization","name":"TVU Networks","url":"https:\/\/www.tvunetworks.com\/es\/","logo":{"@type":"ImageObject","inLanguage":"es","@id":"https:\/\/www.tvunetworks.com\/es\/#\/schema\/logo\/image\/","url":"https:\/\/www.tvunetworks.com\/wp-content\/uploads\/2019\/07\/logo.svg","contentUrl":"https:\/\/www.tvunetworks.com\/wp-content\/uploads\/2019\/07\/logo.svg","caption":"TVU Networks"},"image":{"@id":"https:\/\/www.tvunetworks.com\/es\/#\/schema\/logo\/image\/"}}]}},"_links":{"self":[{"href":"https:\/\/www.tvunetworks.com\/es\/wp-json\/wp\/v2\/pages\/21891","targetHints":{"allow":["GET"]}}],"collection":[{"href":"https:\/\/www.tvunetworks.com\/es\/wp-json\/wp\/v2\/pages"}],"about":[{"href":"https:\/\/www.tvunetworks.com\/es\/wp-json\/wp\/v2\/types\/page"}],"author":[{"embeddable":true,"href":"https:\/\/www.tvunetworks.com\/es\/wp-json\/wp\/v2\/users\/5"}],"replies":[{"embeddable":true,"href":"https:\/\/www.tvunetworks.com\/es\/wp-json\/wp\/v2\/comments?post=21891"}],"version-history":[{"count":1,"href":"https:\/\/www.tvunetworks.com\/es\/wp-json\/wp\/v2\/pages\/21891\/revisions"}],"predecessor-version":[{"id":21892,"href":"https:\/\/www.tvunetworks.com\/es\/wp-json\/wp\/v2\/pages\/21891\/revisions\/21892"}],"wp:featuredmedia":[{"embeddable":true,"href":"https:\/\/www.tvunetworks.com\/es\/wp-json\/wp\/v2\/media\/50483"}],"wp:attachment":[{"href":"https:\/\/www.tvunetworks.com\/es\/wp-json\/wp\/v2\/media?parent=21891"}],"curies":[{"name":"wp","href":"https:\/\/api.w.org\/{rel}","templated":true}]}}