{"id":21885,"date":"2020-08-07T12:56:20","date_gmt":"2020-08-07T12:56:20","guid":{"rendered":"https:\/\/editwww.tvunetworks.com\/consejos-picture-in-picture-tvu-productor\/"},"modified":"2024-05-08T09:46:37","modified_gmt":"2024-05-08T09:46:37","slug":"consejos-picture-in-picture-tvu-productor","status":"publish","type":"page","link":"https:\/\/www.tvunetworks.com\/es\/consejos-picture-in-picture-tvu-productor\/","title":{"rendered":"Consejos \/ Picture-in-Picture \/ TVU Productor"},"content":{"rendered":"","protected":false},"excerpt":{"rendered":"","protected":false},"author":5,"featured_media":0,"parent":0,"menu_order":0,"comment_status":"closed","ping_status":"closed","template":"pages\/template-add-info.php","meta":{"_acf_changed":false,"content-type":"","footnotes":""},"class_list":["post-21885","page","type-page","status-publish","hentry"],"acf":[],"yoast_head":"<!-- This site is optimized with the Yoast SEO plugin v25.0 - https:\/\/yoast.com\/wordpress\/plugins\/seo\/ -->\n<title>C\u00f3mo utilizar Picture-in-Picture (PIP) Productor de TVU ? Producci\u00f3n de v\u00eddeo en directo<\/title>\n<meta name=\"description\" content=\"La funci\u00f3n Picture-in-Picture (PIP) en TVU Producer basado en la nube, permite mostrar una peque\u00f1a ventana de fuente en la parte superior de su transmisi\u00f3n en vivo al producir video\" \/>\n<meta name=\"robots\" content=\"index, follow, max-snippet:-1, max-image-preview:large, max-video-preview:-1\" \/>\n<link rel=\"canonical\" href=\"https:\/\/www.tvunetworks.com\/es\/consejos-picture-in-picture-tvu-productor\/\" \/>\n<meta property=\"og:locale\" content=\"es_ES\" \/>\n<meta property=\"og:type\" content=\"article\" \/>\n<meta property=\"og:title\" content=\"C\u00f3mo utilizar Picture-in-Picture (PIP) Productor de TVU ? Producci\u00f3n de v\u00eddeo en directo\" \/>\n<meta property=\"og:description\" content=\"La funci\u00f3n Picture-in-Picture (PIP) en TVU Producer basado en la nube, permite mostrar una peque\u00f1a ventana de fuente en la parte superior de su transmisi\u00f3n en vivo al producir video\" \/>\n<meta property=\"og:url\" content=\"https:\/\/www.tvunetworks.com\/es\/wp-json\/wp\/v2\/pages\/21885\" \/>\n<meta property=\"og:site_name\" content=\"TVU Networks\" \/>\n<meta property=\"article:modified_time\" content=\"2024-05-08T09:46:37+00:00\" \/>\n<meta property=\"og:image\" content=\"https:\/\/www.tvunetworks.com\/wp-content\/uploads\/2022\/10\/web-banner-mobile-best-of-show-ibc-8.png\" \/>\n\t<meta property=\"og:image:width\" content=\"1324\" \/>\n\t<meta property=\"og:image:height\" content=\"2024\" \/>\n\t<meta property=\"og:image:type\" content=\"image\/png\" \/>\n<meta name=\"twitter:card\" content=\"summary_large_image\" \/>\n<script type=\"application\/ld+json\" class=\"yoast-schema-graph\">{\"@context\":\"https:\/\/schema.org\",\"@graph\":[{\"@type\":\"WebPage\",\"@id\":\"https:\/\/www.tvunetworks.com\/es\/consejos-picture-in-picture-tvu-productor\/\",\"url\":\"https:\/\/www.tvunetworks.com\/es\/consejos-picture-in-picture-tvu-productor\/\",\"name\":\"C\u00f3mo utilizar Picture-in-Picture (PIP) Productor de TVU ? Producci\u00f3n de v\u00eddeo en directo\",\"isPartOf\":{\"@id\":\"https:\/\/www.tvunetworks.com\/es\/#website\"},\"datePublished\":\"2020-08-07T12:56:20+00:00\",\"dateModified\":\"2024-05-08T09:46:37+00:00\",\"description\":\"La funci\u00f3n Picture-in-Picture (PIP) en TVU Producer basado en la nube, permite mostrar una peque\u00f1a ventana de fuente en la parte superior de su transmisi\u00f3n en vivo al producir video\",\"breadcrumb\":{\"@id\":\"https:\/\/www.tvunetworks.com\/es\/consejos-picture-in-picture-tvu-productor\/#breadcrumb\"},\"inLanguage\":\"es\",\"potentialAction\":[{\"@type\":\"ReadAction\",\"target\":[\"https:\/\/www.tvunetworks.com\/es\/consejos-picture-in-picture-tvu-productor\/\"]}]},{\"@type\":\"BreadcrumbList\",\"@id\":\"https:\/\/www.tvunetworks.com\/es\/consejos-picture-in-picture-tvu-productor\/#breadcrumb\",\"itemListElement\":[{\"@type\":\"ListItem\",\"position\":1,\"name\":\"Home\",\"item\":\"https:\/\/editwww.tvunetworks.com\/es\/\"},{\"@type\":\"ListItem\",\"position\":2,\"name\":\"Consejos \/ Picture-in-Picture \/ TVU Productor\"}]},{\"@type\":\"WebSite\",\"@id\":\"https:\/\/www.tvunetworks.com\/es\/#website\",\"url\":\"https:\/\/www.tvunetworks.com\/es\/\",\"name\":\"TVU Networks\",\"description\":\"The lowest prices for your full LLC publishing compliance!\",\"publisher\":{\"@id\":\"https:\/\/www.tvunetworks.com\/es\/#organization\"},\"potentialAction\":[{\"@type\":\"SearchAction\",\"target\":{\"@type\":\"EntryPoint\",\"urlTemplate\":\"https:\/\/www.tvunetworks.com\/es\/?s={search_term_string}\"},\"query-input\":{\"@type\":\"PropertyValueSpecification\",\"valueRequired\":true,\"valueName\":\"search_term_string\"}}],\"inLanguage\":\"es\"},{\"@type\":\"Organization\",\"@id\":\"https:\/\/www.tvunetworks.com\/es\/#organization\",\"name\":\"TVU Networks\",\"url\":\"https:\/\/www.tvunetworks.com\/es\/\",\"logo\":{\"@type\":\"ImageObject\",\"inLanguage\":\"es\",\"@id\":\"https:\/\/www.tvunetworks.com\/es\/#\/schema\/logo\/image\/\",\"url\":\"https:\/\/www.tvunetworks.com\/wp-content\/uploads\/2019\/07\/logo.svg\",\"contentUrl\":\"https:\/\/www.tvunetworks.com\/wp-content\/uploads\/2019\/07\/logo.svg\",\"caption\":\"TVU Networks\"},\"image\":{\"@id\":\"https:\/\/www.tvunetworks.com\/es\/#\/schema\/logo\/image\/\"}}]}<\/script>\n<!-- \/ Yoast SEO plugin. -->","yoast_head_json":{"title":"C\u00f3mo utilizar Picture-in-Picture (PIP) Productor de TVU ? Producci\u00f3n de v\u00eddeo en directo","description":"La funci\u00f3n Picture-in-Picture (PIP) en TVU Producer basado en la nube, permite mostrar una peque\u00f1a ventana de fuente en la parte superior de su transmisi\u00f3n en vivo al producir video","robots":{"index":"index","follow":"follow","max-snippet":"max-snippet:-1","max-image-preview":"max-image-preview:large","max-video-preview":"max-video-preview:-1"},"canonical":"https:\/\/www.tvunetworks.com\/es\/consejos-picture-in-picture-tvu-productor\/","og_locale":"es_ES","og_type":"article","og_title":"C\u00f3mo utilizar Picture-in-Picture (PIP) Productor de TVU ? Producci\u00f3n de v\u00eddeo en directo","og_description":"La funci\u00f3n Picture-in-Picture (PIP) en TVU Producer basado en la nube, permite mostrar una peque\u00f1a ventana de fuente en la parte superior de su transmisi\u00f3n en vivo al producir video","og_url":"https:\/\/www.tvunetworks.com\/es\/wp-json\/wp\/v2\/pages\/21885","og_site_name":"TVU Networks","article_modified_time":"2024-05-08T09:46:37+00:00","og_image":[{"width":1324,"height":2024,"url":"https:\/\/www.tvunetworks.com\/wp-content\/uploads\/2022\/10\/web-banner-mobile-best-of-show-ibc-8.png","type":"image\/png"}],"twitter_card":"summary_large_image","schema":{"@context":"https:\/\/schema.org","@graph":[{"@type":"WebPage","@id":"https:\/\/www.tvunetworks.com\/es\/consejos-picture-in-picture-tvu-productor\/","url":"https:\/\/www.tvunetworks.com\/es\/consejos-picture-in-picture-tvu-productor\/","name":"C\u00f3mo utilizar Picture-in-Picture (PIP) Productor de TVU ? Producci\u00f3n de v\u00eddeo en directo","isPartOf":{"@id":"https:\/\/www.tvunetworks.com\/es\/#website"},"datePublished":"2020-08-07T12:56:20+00:00","dateModified":"2024-05-08T09:46:37+00:00","description":"La funci\u00f3n Picture-in-Picture (PIP) en TVU Producer basado en la nube, permite mostrar una peque\u00f1a ventana de fuente en la parte superior de su transmisi\u00f3n en vivo al producir video","breadcrumb":{"@id":"https:\/\/www.tvunetworks.com\/es\/consejos-picture-in-picture-tvu-productor\/#breadcrumb"},"inLanguage":"es","potentialAction":[{"@type":"ReadAction","target":["https:\/\/www.tvunetworks.com\/es\/consejos-picture-in-picture-tvu-productor\/"]}]},{"@type":"BreadcrumbList","@id":"https:\/\/www.tvunetworks.com\/es\/consejos-picture-in-picture-tvu-productor\/#breadcrumb","itemListElement":[{"@type":"ListItem","position":1,"name":"Home","item":"https:\/\/editwww.tvunetworks.com\/es\/"},{"@type":"ListItem","position":2,"name":"Consejos \/ Picture-in-Picture \/ TVU Productor"}]},{"@type":"WebSite","@id":"https:\/\/www.tvunetworks.com\/es\/#website","url":"https:\/\/www.tvunetworks.com\/es\/","name":"TVU Networks","description":"The lowest prices for your full LLC publishing compliance!","publisher":{"@id":"https:\/\/www.tvunetworks.com\/es\/#organization"},"potentialAction":[{"@type":"SearchAction","target":{"@type":"EntryPoint","urlTemplate":"https:\/\/www.tvunetworks.com\/es\/?s={search_term_string}"},"query-input":{"@type":"PropertyValueSpecification","valueRequired":true,"valueName":"search_term_string"}}],"inLanguage":"es"},{"@type":"Organization","@id":"https:\/\/www.tvunetworks.com\/es\/#organization","name":"TVU Networks","url":"https:\/\/www.tvunetworks.com\/es\/","logo":{"@type":"ImageObject","inLanguage":"es","@id":"https:\/\/www.tvunetworks.com\/es\/#\/schema\/logo\/image\/","url":"https:\/\/www.tvunetworks.com\/wp-content\/uploads\/2019\/07\/logo.svg","contentUrl":"https:\/\/www.tvunetworks.com\/wp-content\/uploads\/2019\/07\/logo.svg","caption":"TVU Networks"},"image":{"@id":"https:\/\/www.tvunetworks.com\/es\/#\/schema\/logo\/image\/"}}]}},"_links":{"self":[{"href":"https:\/\/www.tvunetworks.com\/es\/wp-json\/wp\/v2\/pages\/21885","targetHints":{"allow":["GET"]}}],"collection":[{"href":"https:\/\/www.tvunetworks.com\/es\/wp-json\/wp\/v2\/pages"}],"about":[{"href":"https:\/\/www.tvunetworks.com\/es\/wp-json\/wp\/v2\/types\/page"}],"author":[{"embeddable":true,"href":"https:\/\/www.tvunetworks.com\/es\/wp-json\/wp\/v2\/users\/5"}],"replies":[{"embeddable":true,"href":"https:\/\/www.tvunetworks.com\/es\/wp-json\/wp\/v2\/comments?post=21885"}],"version-history":[{"count":2,"href":"https:\/\/www.tvunetworks.com\/es\/wp-json\/wp\/v2\/pages\/21885\/revisions"}],"predecessor-version":[{"id":136919,"href":"https:\/\/www.tvunetworks.com\/es\/wp-json\/wp\/v2\/pages\/21885\/revisions\/136919"}],"wp:attachment":[{"href":"https:\/\/www.tvunetworks.com\/es\/wp-json\/wp\/v2\/media?parent=21885"}],"curies":[{"name":"wp","href":"https:\/\/api.w.org\/{rel}","templated":true}]}}