{"id":21865,"date":"2020-08-07T12:56:07","date_gmt":"2020-08-07T12:56:07","guid":{"rendered":"https:\/\/editwww.tvunetworks.com\/consejos-sincronizacion-de-video-productor-de-tvu\/"},"modified":"2024-05-08T09:42:45","modified_gmt":"2024-05-08T09:42:45","slug":"consejos-sincronizacion-de-video-productor-de-tvu","status":"publish","type":"page","link":"https:\/\/www.tvunetworks.com\/es\/consejos-sincronizacion-de-video-productor-de-tvu\/","title":{"rendered":"Consejos \/ Sincronizaci\u00f3n de v\u00eddeo \/ Productor de TVU"},"content":{"rendered":"","protected":false},"excerpt":{"rendered":"","protected":false},"author":5,"featured_media":0,"parent":0,"menu_order":0,"comment_status":"closed","ping_status":"closed","template":"pages\/template-add-info.php","meta":{"_acf_changed":false,"content-type":"","footnotes":""},"class_list":["post-21865","page","type-page","status-publish","hentry"],"acf":[],"yoast_head":"<!-- This site is optimized with the Yoast SEO plugin v25.0 - https:\/\/yoast.com\/wordpress\/plugins\/seo\/ -->\n<title>Utilice la funci\u00f3n de sincronizaci\u00f3n de v\u00eddeo ( Video Synchronization Feature) Productor de TVU ? Producci\u00f3n en la nube<\/title>\n<meta name=\"description\" content=\"C\u00f3mo utilizar la funci\u00f3n de sincronizaci\u00f3n de v\u00eddeo TVU Producer para la salida sincronizada de fotogramas multi\u00e1ngulo para la producci\u00f3n remota de v\u00eddeo en directo en la nube.\" \/>\n<meta name=\"robots\" content=\"index, follow, max-snippet:-1, max-image-preview:large, max-video-preview:-1\" \/>\n<link rel=\"canonical\" href=\"https:\/\/www.tvunetworks.com\/es\/consejos-sincronizacion-de-video-productor-de-tvu\/\" \/>\n<meta property=\"og:locale\" content=\"es_ES\" \/>\n<meta property=\"og:type\" content=\"article\" \/>\n<meta property=\"og:title\" content=\"Utilice la funci\u00f3n de sincronizaci\u00f3n de v\u00eddeo ( Video Synchronization Feature) Productor de TVU ? Producci\u00f3n en la nube\" \/>\n<meta property=\"og:description\" content=\"C\u00f3mo utilizar la funci\u00f3n de sincronizaci\u00f3n de v\u00eddeo TVU Producer para la salida sincronizada de fotogramas multi\u00e1ngulo para la producci\u00f3n remota de v\u00eddeo en directo en la nube.\" \/>\n<meta property=\"og:url\" content=\"https:\/\/www.tvunetworks.com\/es\/wp-json\/wp\/v2\/pages\/21865\" \/>\n<meta property=\"og:site_name\" content=\"TVU Networks\" \/>\n<meta property=\"article:modified_time\" content=\"2024-05-08T09:42:45+00:00\" \/>\n<meta property=\"og:image\" content=\"https:\/\/www.tvunetworks.com\/wp-content\/uploads\/2022\/10\/web-banner-mobile-best-of-show-ibc-8.png\" \/>\n\t<meta property=\"og:image:width\" content=\"1324\" \/>\n\t<meta property=\"og:image:height\" content=\"2024\" \/>\n\t<meta property=\"og:image:type\" content=\"image\/png\" \/>\n<meta name=\"twitter:card\" content=\"summary_large_image\" \/>\n<script type=\"application\/ld+json\" class=\"yoast-schema-graph\">{\"@context\":\"https:\/\/schema.org\",\"@graph\":[{\"@type\":\"WebPage\",\"@id\":\"https:\/\/www.tvunetworks.com\/es\/consejos-sincronizacion-de-video-productor-de-tvu\/\",\"url\":\"https:\/\/www.tvunetworks.com\/es\/consejos-sincronizacion-de-video-productor-de-tvu\/\",\"name\":\"Utilice la funci\u00f3n de sincronizaci\u00f3n de v\u00eddeo ( Video Synchronization Feature) Productor de TVU ? Producci\u00f3n en la nube\",\"isPartOf\":{\"@id\":\"https:\/\/www.tvunetworks.com\/es\/#website\"},\"datePublished\":\"2020-08-07T12:56:07+00:00\",\"dateModified\":\"2024-05-08T09:42:45+00:00\",\"description\":\"C\u00f3mo utilizar la funci\u00f3n de sincronizaci\u00f3n de v\u00eddeo TVU Producer para la salida sincronizada de fotogramas multi\u00e1ngulo para la producci\u00f3n remota de v\u00eddeo en directo en la nube.\",\"breadcrumb\":{\"@id\":\"https:\/\/www.tvunetworks.com\/es\/consejos-sincronizacion-de-video-productor-de-tvu\/#breadcrumb\"},\"inLanguage\":\"es\",\"potentialAction\":[{\"@type\":\"ReadAction\",\"target\":[\"https:\/\/www.tvunetworks.com\/es\/consejos-sincronizacion-de-video-productor-de-tvu\/\"]}]},{\"@type\":\"BreadcrumbList\",\"@id\":\"https:\/\/www.tvunetworks.com\/es\/consejos-sincronizacion-de-video-productor-de-tvu\/#breadcrumb\",\"itemListElement\":[{\"@type\":\"ListItem\",\"position\":1,\"name\":\"Home\",\"item\":\"https:\/\/editwww.tvunetworks.com\/es\/\"},{\"@type\":\"ListItem\",\"position\":2,\"name\":\"Consejos \/ Sincronizaci\u00f3n de v\u00eddeo \/ Productor de TVU\"}]},{\"@type\":\"WebSite\",\"@id\":\"https:\/\/www.tvunetworks.com\/es\/#website\",\"url\":\"https:\/\/www.tvunetworks.com\/es\/\",\"name\":\"TVU Networks\",\"description\":\"The lowest prices for your full LLC publishing compliance!\",\"publisher\":{\"@id\":\"https:\/\/www.tvunetworks.com\/es\/#organization\"},\"potentialAction\":[{\"@type\":\"SearchAction\",\"target\":{\"@type\":\"EntryPoint\",\"urlTemplate\":\"https:\/\/www.tvunetworks.com\/es\/?s={search_term_string}\"},\"query-input\":{\"@type\":\"PropertyValueSpecification\",\"valueRequired\":true,\"valueName\":\"search_term_string\"}}],\"inLanguage\":\"es\"},{\"@type\":\"Organization\",\"@id\":\"https:\/\/www.tvunetworks.com\/es\/#organization\",\"name\":\"TVU Networks\",\"url\":\"https:\/\/www.tvunetworks.com\/es\/\",\"logo\":{\"@type\":\"ImageObject\",\"inLanguage\":\"es\",\"@id\":\"https:\/\/www.tvunetworks.com\/es\/#\/schema\/logo\/image\/\",\"url\":\"https:\/\/www.tvunetworks.com\/wp-content\/uploads\/2019\/07\/logo.svg\",\"contentUrl\":\"https:\/\/www.tvunetworks.com\/wp-content\/uploads\/2019\/07\/logo.svg\",\"caption\":\"TVU Networks\"},\"image\":{\"@id\":\"https:\/\/www.tvunetworks.com\/es\/#\/schema\/logo\/image\/\"}}]}<\/script>\n<!-- \/ Yoast SEO plugin. -->","yoast_head_json":{"title":"Utilice la funci\u00f3n de sincronizaci\u00f3n de v\u00eddeo ( Video Synchronization Feature) Productor de TVU ? Producci\u00f3n en la nube","description":"C\u00f3mo utilizar la funci\u00f3n de sincronizaci\u00f3n de v\u00eddeo TVU Producer para la salida sincronizada de fotogramas multi\u00e1ngulo para la producci\u00f3n remota de v\u00eddeo en directo en la nube.","robots":{"index":"index","follow":"follow","max-snippet":"max-snippet:-1","max-image-preview":"max-image-preview:large","max-video-preview":"max-video-preview:-1"},"canonical":"https:\/\/www.tvunetworks.com\/es\/consejos-sincronizacion-de-video-productor-de-tvu\/","og_locale":"es_ES","og_type":"article","og_title":"Utilice la funci\u00f3n de sincronizaci\u00f3n de v\u00eddeo ( Video Synchronization Feature) Productor de TVU ? Producci\u00f3n en la nube","og_description":"C\u00f3mo utilizar la funci\u00f3n de sincronizaci\u00f3n de v\u00eddeo TVU Producer para la salida sincronizada de fotogramas multi\u00e1ngulo para la producci\u00f3n remota de v\u00eddeo en directo en la nube.","og_url":"https:\/\/www.tvunetworks.com\/es\/wp-json\/wp\/v2\/pages\/21865","og_site_name":"TVU Networks","article_modified_time":"2024-05-08T09:42:45+00:00","og_image":[{"width":1324,"height":2024,"url":"https:\/\/www.tvunetworks.com\/wp-content\/uploads\/2022\/10\/web-banner-mobile-best-of-show-ibc-8.png","type":"image\/png"}],"twitter_card":"summary_large_image","schema":{"@context":"https:\/\/schema.org","@graph":[{"@type":"WebPage","@id":"https:\/\/www.tvunetworks.com\/es\/consejos-sincronizacion-de-video-productor-de-tvu\/","url":"https:\/\/www.tvunetworks.com\/es\/consejos-sincronizacion-de-video-productor-de-tvu\/","name":"Utilice la funci\u00f3n de sincronizaci\u00f3n de v\u00eddeo ( Video Synchronization Feature) Productor de TVU ? Producci\u00f3n en la nube","isPartOf":{"@id":"https:\/\/www.tvunetworks.com\/es\/#website"},"datePublished":"2020-08-07T12:56:07+00:00","dateModified":"2024-05-08T09:42:45+00:00","description":"C\u00f3mo utilizar la funci\u00f3n de sincronizaci\u00f3n de v\u00eddeo TVU Producer para la salida sincronizada de fotogramas multi\u00e1ngulo para la producci\u00f3n remota de v\u00eddeo en directo en la nube.","breadcrumb":{"@id":"https:\/\/www.tvunetworks.com\/es\/consejos-sincronizacion-de-video-productor-de-tvu\/#breadcrumb"},"inLanguage":"es","potentialAction":[{"@type":"ReadAction","target":["https:\/\/www.tvunetworks.com\/es\/consejos-sincronizacion-de-video-productor-de-tvu\/"]}]},{"@type":"BreadcrumbList","@id":"https:\/\/www.tvunetworks.com\/es\/consejos-sincronizacion-de-video-productor-de-tvu\/#breadcrumb","itemListElement":[{"@type":"ListItem","position":1,"name":"Home","item":"https:\/\/editwww.tvunetworks.com\/es\/"},{"@type":"ListItem","position":2,"name":"Consejos \/ Sincronizaci\u00f3n de v\u00eddeo \/ Productor de TVU"}]},{"@type":"WebSite","@id":"https:\/\/www.tvunetworks.com\/es\/#website","url":"https:\/\/www.tvunetworks.com\/es\/","name":"TVU Networks","description":"The lowest prices for your full LLC publishing compliance!","publisher":{"@id":"https:\/\/www.tvunetworks.com\/es\/#organization"},"potentialAction":[{"@type":"SearchAction","target":{"@type":"EntryPoint","urlTemplate":"https:\/\/www.tvunetworks.com\/es\/?s={search_term_string}"},"query-input":{"@type":"PropertyValueSpecification","valueRequired":true,"valueName":"search_term_string"}}],"inLanguage":"es"},{"@type":"Organization","@id":"https:\/\/www.tvunetworks.com\/es\/#organization","name":"TVU Networks","url":"https:\/\/www.tvunetworks.com\/es\/","logo":{"@type":"ImageObject","inLanguage":"es","@id":"https:\/\/www.tvunetworks.com\/es\/#\/schema\/logo\/image\/","url":"https:\/\/www.tvunetworks.com\/wp-content\/uploads\/2019\/07\/logo.svg","contentUrl":"https:\/\/www.tvunetworks.com\/wp-content\/uploads\/2019\/07\/logo.svg","caption":"TVU Networks"},"image":{"@id":"https:\/\/www.tvunetworks.com\/es\/#\/schema\/logo\/image\/"}}]}},"_links":{"self":[{"href":"https:\/\/www.tvunetworks.com\/es\/wp-json\/wp\/v2\/pages\/21865","targetHints":{"allow":["GET"]}}],"collection":[{"href":"https:\/\/www.tvunetworks.com\/es\/wp-json\/wp\/v2\/pages"}],"about":[{"href":"https:\/\/www.tvunetworks.com\/es\/wp-json\/wp\/v2\/types\/page"}],"author":[{"embeddable":true,"href":"https:\/\/www.tvunetworks.com\/es\/wp-json\/wp\/v2\/users\/5"}],"replies":[{"embeddable":true,"href":"https:\/\/www.tvunetworks.com\/es\/wp-json\/wp\/v2\/comments?post=21865"}],"version-history":[{"count":2,"href":"https:\/\/www.tvunetworks.com\/es\/wp-json\/wp\/v2\/pages\/21865\/revisions"}],"predecessor-version":[{"id":136918,"href":"https:\/\/www.tvunetworks.com\/es\/wp-json\/wp\/v2\/pages\/21865\/revisions\/136918"}],"wp:attachment":[{"href":"https:\/\/www.tvunetworks.com\/es\/wp-json\/wp\/v2\/media?parent=21865"}],"curies":[{"name":"wp","href":"https:\/\/api.w.org\/{rel}","templated":true}]}}