{"id":21765,"date":"2020-08-05T22:51:49","date_gmt":"2020-08-05T22:51:49","guid":{"rendered":"https:\/\/editwww.tvunetworks.com\/casas-de-culto\/"},"modified":"2021-08-19T10:56:13","modified_gmt":"2021-08-19T10:56:13","slug":"houses-of-worship-covid-19","status":"publish","type":"page","link":"https:\/\/www.tvunetworks.com\/es\/houses-of-worship-covid-19\/","title":{"rendered":"Casas de Culto"},"content":{"rendered":"<p>&nbsp;<\/p>\n","protected":false},"excerpt":{"rendered":"<p>&nbsp;<\/p>\n","protected":false},"author":5,"featured_media":0,"parent":0,"menu_order":0,"comment_status":"closed","ping_status":"closed","template":"pages\/template-special-event.php","meta":{"_acf_changed":false,"content-type":"","footnotes":""},"class_list":["post-21765","page","type-page","status-publish","hentry"],"acf":[],"yoast_head":"<!-- This site is optimized with the Yoast SEO plugin v25.0 - https:\/\/yoast.com\/wordpress\/plugins\/seo\/ -->\n<title>Transmisi\u00f3n en vivo de servicios de Misa, Oraci\u00f3n y Adoraci\u00f3n en Facebook y Sitios Web<\/title>\n<meta name=\"description\" content=\"TVU ofrece soluciones de transmisi\u00f3n en vivo f\u00e1ciles de usar y de bajo costo para iglesias, sinagogas, templos y mezquitas. TVU funciona con Facebook Live.\" \/>\n<meta name=\"robots\" content=\"noindex, follow\" \/>\n<meta property=\"og:locale\" content=\"es_ES\" \/>\n<meta property=\"og:type\" content=\"article\" \/>\n<meta property=\"og:title\" content=\"Transmisi\u00f3n en vivo de servicios de Misa, Oraci\u00f3n y Adoraci\u00f3n en Facebook y Sitios Web\" \/>\n<meta property=\"og:description\" content=\"TVU ofrece soluciones de transmisi\u00f3n en vivo f\u00e1ciles de usar y de bajo costo para iglesias, sinagogas, templos y mezquitas. TVU funciona con Facebook Live.\" \/>\n<meta property=\"og:url\" content=\"https:\/\/www.tvunetworks.com\/es\/wp-json\/wp\/v2\/pages\/21765\" \/>\n<meta property=\"og:site_name\" content=\"TVU Networks\" \/>\n<meta property=\"article:modified_time\" content=\"2021-08-19T10:56:13+00:00\" \/>\n<meta property=\"og:image\" content=\"https:\/\/www.tvunetworks.com\/wp-content\/uploads\/2022\/10\/web-banner-mobile-best-of-show-ibc-8.png\" \/>\n\t<meta property=\"og:image:width\" content=\"1324\" \/>\n\t<meta property=\"og:image:height\" content=\"2024\" \/>\n\t<meta property=\"og:image:type\" content=\"image\/png\" \/>\n<meta name=\"twitter:card\" content=\"summary_large_image\" \/>\n<meta name=\"twitter:label1\" content=\"Tiempo de lectura\" \/>\n\t<meta name=\"twitter:data1\" content=\"1 minuto\" \/>\n<script type=\"application\/ld+json\" class=\"yoast-schema-graph\">{\"@context\":\"https:\/\/schema.org\",\"@graph\":[{\"@type\":\"WebPage\",\"@id\":\"https:\/\/www.tvunetworks.com\/es\/houses-of-worship-covid-19\/\",\"url\":\"https:\/\/www.tvunetworks.com\/es\/houses-of-worship-covid-19\/\",\"name\":\"Transmisi\u00f3n en vivo de servicios de Misa, Oraci\u00f3n y Adoraci\u00f3n en Facebook y Sitios Web\",\"isPartOf\":{\"@id\":\"https:\/\/www.tvunetworks.com\/es\/#website\"},\"datePublished\":\"2020-08-05T22:51:49+00:00\",\"dateModified\":\"2021-08-19T10:56:13+00:00\",\"description\":\"TVU ofrece soluciones de transmisi\u00f3n en vivo f\u00e1ciles de usar y de bajo costo para iglesias, sinagogas, templos y mezquitas. TVU funciona con Facebook Live.\",\"breadcrumb\":{\"@id\":\"https:\/\/www.tvunetworks.com\/es\/houses-of-worship-covid-19\/#breadcrumb\"},\"inLanguage\":\"es\",\"potentialAction\":[{\"@type\":\"ReadAction\",\"target\":[\"https:\/\/www.tvunetworks.com\/es\/houses-of-worship-covid-19\/\"]}]},{\"@type\":\"BreadcrumbList\",\"@id\":\"https:\/\/www.tvunetworks.com\/es\/houses-of-worship-covid-19\/#breadcrumb\",\"itemListElement\":[{\"@type\":\"ListItem\",\"position\":1,\"name\":\"Home\",\"item\":\"https:\/\/editwww.tvunetworks.com\/es\/\"},{\"@type\":\"ListItem\",\"position\":2,\"name\":\"Casas de Culto\"}]},{\"@type\":\"WebSite\",\"@id\":\"https:\/\/www.tvunetworks.com\/es\/#website\",\"url\":\"https:\/\/www.tvunetworks.com\/es\/\",\"name\":\"TVU Networks\",\"description\":\"The lowest prices for your full LLC publishing compliance!\",\"publisher\":{\"@id\":\"https:\/\/www.tvunetworks.com\/es\/#organization\"},\"potentialAction\":[{\"@type\":\"SearchAction\",\"target\":{\"@type\":\"EntryPoint\",\"urlTemplate\":\"https:\/\/www.tvunetworks.com\/es\/?s={search_term_string}\"},\"query-input\":{\"@type\":\"PropertyValueSpecification\",\"valueRequired\":true,\"valueName\":\"search_term_string\"}}],\"inLanguage\":\"es\"},{\"@type\":\"Organization\",\"@id\":\"https:\/\/www.tvunetworks.com\/es\/#organization\",\"name\":\"TVU Networks\",\"url\":\"https:\/\/www.tvunetworks.com\/es\/\",\"logo\":{\"@type\":\"ImageObject\",\"inLanguage\":\"es\",\"@id\":\"https:\/\/www.tvunetworks.com\/es\/#\/schema\/logo\/image\/\",\"url\":\"https:\/\/www.tvunetworks.com\/wp-content\/uploads\/2019\/07\/logo.svg\",\"contentUrl\":\"https:\/\/www.tvunetworks.com\/wp-content\/uploads\/2019\/07\/logo.svg\",\"caption\":\"TVU Networks\"},\"image\":{\"@id\":\"https:\/\/www.tvunetworks.com\/es\/#\/schema\/logo\/image\/\"}}]}<\/script>\n<!-- \/ Yoast SEO plugin. -->","yoast_head_json":{"title":"Transmisi\u00f3n en vivo de servicios de Misa, Oraci\u00f3n y Adoraci\u00f3n en Facebook y Sitios Web","description":"TVU ofrece soluciones de transmisi\u00f3n en vivo f\u00e1ciles de usar y de bajo costo para iglesias, sinagogas, templos y mezquitas. TVU funciona con Facebook Live.","robots":{"index":"noindex","follow":"follow"},"og_locale":"es_ES","og_type":"article","og_title":"Transmisi\u00f3n en vivo de servicios de Misa, Oraci\u00f3n y Adoraci\u00f3n en Facebook y Sitios Web","og_description":"TVU ofrece soluciones de transmisi\u00f3n en vivo f\u00e1ciles de usar y de bajo costo para iglesias, sinagogas, templos y mezquitas. TVU funciona con Facebook Live.","og_url":"https:\/\/www.tvunetworks.com\/es\/wp-json\/wp\/v2\/pages\/21765","og_site_name":"TVU Networks","article_modified_time":"2021-08-19T10:56:13+00:00","og_image":[{"width":1324,"height":2024,"url":"https:\/\/www.tvunetworks.com\/wp-content\/uploads\/2022\/10\/web-banner-mobile-best-of-show-ibc-8.png","type":"image\/png"}],"twitter_card":"summary_large_image","twitter_misc":{"Tiempo de lectura":"1 minuto"},"schema":{"@context":"https:\/\/schema.org","@graph":[{"@type":"WebPage","@id":"https:\/\/www.tvunetworks.com\/es\/houses-of-worship-covid-19\/","url":"https:\/\/www.tvunetworks.com\/es\/houses-of-worship-covid-19\/","name":"Transmisi\u00f3n en vivo de servicios de Misa, Oraci\u00f3n y Adoraci\u00f3n en Facebook y Sitios Web","isPartOf":{"@id":"https:\/\/www.tvunetworks.com\/es\/#website"},"datePublished":"2020-08-05T22:51:49+00:00","dateModified":"2021-08-19T10:56:13+00:00","description":"TVU ofrece soluciones de transmisi\u00f3n en vivo f\u00e1ciles de usar y de bajo costo para iglesias, sinagogas, templos y mezquitas. TVU funciona con Facebook Live.","breadcrumb":{"@id":"https:\/\/www.tvunetworks.com\/es\/houses-of-worship-covid-19\/#breadcrumb"},"inLanguage":"es","potentialAction":[{"@type":"ReadAction","target":["https:\/\/www.tvunetworks.com\/es\/houses-of-worship-covid-19\/"]}]},{"@type":"BreadcrumbList","@id":"https:\/\/www.tvunetworks.com\/es\/houses-of-worship-covid-19\/#breadcrumb","itemListElement":[{"@type":"ListItem","position":1,"name":"Home","item":"https:\/\/editwww.tvunetworks.com\/es\/"},{"@type":"ListItem","position":2,"name":"Casas de Culto"}]},{"@type":"WebSite","@id":"https:\/\/www.tvunetworks.com\/es\/#website","url":"https:\/\/www.tvunetworks.com\/es\/","name":"TVU Networks","description":"The lowest prices for your full LLC publishing compliance!","publisher":{"@id":"https:\/\/www.tvunetworks.com\/es\/#organization"},"potentialAction":[{"@type":"SearchAction","target":{"@type":"EntryPoint","urlTemplate":"https:\/\/www.tvunetworks.com\/es\/?s={search_term_string}"},"query-input":{"@type":"PropertyValueSpecification","valueRequired":true,"valueName":"search_term_string"}}],"inLanguage":"es"},{"@type":"Organization","@id":"https:\/\/www.tvunetworks.com\/es\/#organization","name":"TVU Networks","url":"https:\/\/www.tvunetworks.com\/es\/","logo":{"@type":"ImageObject","inLanguage":"es","@id":"https:\/\/www.tvunetworks.com\/es\/#\/schema\/logo\/image\/","url":"https:\/\/www.tvunetworks.com\/wp-content\/uploads\/2019\/07\/logo.svg","contentUrl":"https:\/\/www.tvunetworks.com\/wp-content\/uploads\/2019\/07\/logo.svg","caption":"TVU Networks"},"image":{"@id":"https:\/\/www.tvunetworks.com\/es\/#\/schema\/logo\/image\/"}}]}},"_links":{"self":[{"href":"https:\/\/www.tvunetworks.com\/es\/wp-json\/wp\/v2\/pages\/21765","targetHints":{"allow":["GET"]}}],"collection":[{"href":"https:\/\/www.tvunetworks.com\/es\/wp-json\/wp\/v2\/pages"}],"about":[{"href":"https:\/\/www.tvunetworks.com\/es\/wp-json\/wp\/v2\/types\/page"}],"author":[{"embeddable":true,"href":"https:\/\/www.tvunetworks.com\/es\/wp-json\/wp\/v2\/users\/5"}],"replies":[{"embeddable":true,"href":"https:\/\/www.tvunetworks.com\/es\/wp-json\/wp\/v2\/comments?post=21765"}],"version-history":[{"count":3,"href":"https:\/\/www.tvunetworks.com\/es\/wp-json\/wp\/v2\/pages\/21765\/revisions"}],"predecessor-version":[{"id":52573,"href":"https:\/\/www.tvunetworks.com\/es\/wp-json\/wp\/v2\/pages\/21765\/revisions\/52573"}],"wp:attachment":[{"href":"https:\/\/www.tvunetworks.com\/es\/wp-json\/wp\/v2\/media?parent=21765"}],"curies":[{"name":"wp","href":"https:\/\/api.w.org\/{rel}","templated":true}]}}